{"id":19,"date":"2025-03-11T19:23:45","date_gmt":"2025-03-11T19:23:45","guid":{"rendered":"https:\/\/apfa.org.ar\/refsalta2025\/?page_id=19"},"modified":"2025-05-12T17:56:00","modified_gmt":"2025-05-12T17:56:00","slug":"circulares","status":"publish","type":"page","link":"https:\/\/apfa.org.ar\/refsalta2025\/circulares\/","title":{"rendered":"Circulares"},"content":{"rendered":"\n<p class=\"has-large-font-size\"><strong>Segunda Circular \u2013 REF XXIV<\/strong><\/p>\n\n\n\n<div class=\"wp-block-media-text is-stacked-on-mobile\"><figure class=\"wp-block-media-text__media\"><img loading=\"lazy\" decoding=\"async\" width=\"1024\" height=\"1024\" src=\"https:\/\/apfa.org.ar\/refsalta2025\/wp-content\/uploads\/2025\/04\/ChatGPT-Image-14-abr-2025-20_29_50.png\" alt=\"\" class=\"wp-image-249 size-full\" srcset=\"https:\/\/apfa.org.ar\/refsalta2025\/wp-content\/uploads\/2025\/04\/ChatGPT-Image-14-abr-2025-20_29_50.png 1024w, https:\/\/apfa.org.ar\/refsalta2025\/wp-content\/uploads\/2025\/04\/ChatGPT-Image-14-abr-2025-20_29_50-300x300.png 300w, https:\/\/apfa.org.ar\/refsalta2025\/wp-content\/uploads\/2025\/04\/ChatGPT-Image-14-abr-2025-20_29_50-150x150.png 150w, https:\/\/apfa.org.ar\/refsalta2025\/wp-content\/uploads\/2025\/04\/ChatGPT-Image-14-abr-2025-20_29_50-768x768.png 768w, https:\/\/apfa.org.ar\/refsalta2025\/wp-content\/uploads\/2025\/04\/ChatGPT-Image-14-abr-2025-20_29_50-510x510.png 510w\" sizes=\"auto, (max-width: 1024px) 100vw, 1024px\" \/><\/figure><div class=\"wp-block-media-text__content\">\n<p>La Segunda Circular de la XXIV Reuni\u00f3n Nacional de Educaci\u00f3n en F\u00edsica (REF XXIV) ya se encuentra disponible. En ella se detallan las modalidades de participaci\u00f3n, los requisitos para la presentaci\u00f3n de trabajos, talleres, experiencias docentes y dispositivos experimentales, as\u00ed como los aranceles y condiciones de inscripci\u00f3n.<\/p>\n\n\n\n<p>El documento tambi\u00e9n incluye:<\/p>\n\n\n\n<p>Informaci\u00f3n sobre la modalidad de los <strong>grupos de discusi\u00f3n<\/strong> y la organizaci\u00f3n de los talleres.<\/p>\n\n\n\n<p>Las <strong>fechas clave<\/strong> para inscripci\u00f3n y env\u00edo de propuestas.<\/p>\n\n\n\n<p>Las <strong>categor\u00edas y costos de inscripci\u00f3n<\/strong> diferenciados por tipo de participante.<\/p>\n\n\n\n<p>Las pautas de presentaci\u00f3n para:<\/p>\n\n\n\n<p>La descripci\u00f3n de los <strong>ejes tem\u00e1ticos<\/strong> que orientan el encuentro.<\/p>\n<\/div><\/div>\n\n\n\n<div class=\"wp-block-buttons is-content-justification-center is-layout-flex wp-container-core-buttons-is-layout-16018d1d wp-block-buttons-is-layout-flex\">\n<div class=\"wp-block-button\"><a class=\"wp-block-button__link has-text-align-center wp-element-button\" href=\"http:\/\/apfa.org.ar\/refsalta2025\/wp-content\/uploads\/2025\/04\/Segunda-Circular-REF-XXIV-Salta.pdf\">DESCARGAR SEGUNDA CIRCULAR<\/a><\/div>\n<\/div>\n\n\n\n<div class=\"wp-block-columns is-layout-flex wp-container-core-columns-is-layout-9d6595d7 wp-block-columns-is-layout-flex\">\n<div class=\"wp-block-column is-layout-flow wp-block-column-is-layout-flow\">\n<p class=\"has-large-font-size\"><strong>Primera Circular \u2013 REF XXIV<\/strong><\/p>\n<\/div>\n<\/div>\n\n\n\n<div class=\"wp-block-columns is-layout-flex wp-container-core-columns-is-layout-9d6595d7 wp-block-columns-is-layout-flex\">\n<div class=\"wp-block-column is-layout-flow wp-block-column-is-layout-flow\">\n<div class=\"wp-block-columns is-layout-flex wp-container-core-columns-is-layout-9d6595d7 wp-block-columns-is-layout-flex\">\n<div class=\"wp-block-column is-layout-flow wp-block-column-is-layout-flow\">\n<figure class=\"wp-block-image size-full\"><a href=\"https:\/\/apfa.org.ar\/refsalta2025\/wp-content\/uploads\/2025\/03\/Captura-de-pantalla-2025-03-11-164336.png\"><img loading=\"lazy\" decoding=\"async\" width=\"916\" height=\"913\" src=\"https:\/\/apfa.org.ar\/refsalta2025\/wp-content\/uploads\/2025\/03\/Captura-de-pantalla-2025-03-11-164336.png\" alt=\"\" class=\"wp-image-42\" srcset=\"https:\/\/apfa.org.ar\/refsalta2025\/wp-content\/uploads\/2025\/03\/Captura-de-pantalla-2025-03-11-164336.png 916w, https:\/\/apfa.org.ar\/refsalta2025\/wp-content\/uploads\/2025\/03\/Captura-de-pantalla-2025-03-11-164336-300x300.png 300w, https:\/\/apfa.org.ar\/refsalta2025\/wp-content\/uploads\/2025\/03\/Captura-de-pantalla-2025-03-11-164336-150x150.png 150w, https:\/\/apfa.org.ar\/refsalta2025\/wp-content\/uploads\/2025\/03\/Captura-de-pantalla-2025-03-11-164336-768x765.png 768w\" sizes=\"auto, (max-width: 916px) 100vw, 916px\" \/><\/a><\/figure>\n<\/div>\n<\/div>\n<\/div>\n\n\n\n<div class=\"wp-block-column is-layout-flow wp-block-column-is-layout-flow\">\n<p><\/p>\n\n\n\n<p>&#x1f4e2; <strong>\u00a1Comienza la cuenta regresiva para la REF XXIV!<\/strong><\/p>\n\n\n\n<p>La <strong>Reuni\u00f3n Nacional de Educaci\u00f3n en F\u00edsica (REF XXIV)<\/strong> se llevar\u00e1 a cabo en <strong>2025 en la ciudad de Salta<\/strong>, convocando a docentes, investigadores y especialistas en ense\u00f1anza de la F\u00edsica de todo el pa\u00eds.<\/p>\n\n\n\n<p>En esta <strong>Primera Circular<\/strong>, compartimos la informaci\u00f3n inicial sobre el evento, incluyendo:<br>&#x2714;&#xfe0f; <strong>Fecha y sede<\/strong> del encuentro.<br>&#x2714;&#xfe0f; <strong>Ejes tem\u00e1ticos<\/strong> y actividades acad\u00e9micas previstas.<br>&#x2714;&#xfe0f; <strong>Modalidades de participaci\u00f3n<\/strong> y presentaci\u00f3n de trabajos.<br>&#x2714;&#xfe0f; Informaci\u00f3n sobre <strong>inscripciones y fechas clave<\/strong>.<\/p>\n\n\n\n<div class=\"wp-block-buttons is-content-justification-center is-layout-flex wp-container-core-buttons-is-layout-16018d1d wp-block-buttons-is-layout-flex\">\n<div class=\"wp-block-button\"><a class=\"wp-block-button__link has-text-align-center wp-element-button\" href=\"http:\/\/apfa.org.ar\/refsalta2025\/wp-content\/uploads\/2025\/03\/Circular-1-REF-XXIV-Salta.pdf\">PRIMERA CIRCULAR XXIV<\/a><\/div>\n<\/div>\n<\/div>\n<\/div>\n","protected":false},"excerpt":{"rendered":"<p>Segunda Circular \u2013 REF XXIV La Segunda Circular de la XXIV Reuni\u00f3n Nacional de Educaci\u00f3n en F\u00edsica (REF XXIV) ya se encuentra disponible. En ella se detallan las modalidades de participaci\u00f3n, los requisitos para la presentaci\u00f3n de trabajos, talleres, experiencias docentes y dispositivos experimentales, as\u00ed como los aranceles y condiciones de inscripci\u00f3n. El documento tambi\u00e9n [&hellip;]<\/p>\n","protected":false},"author":3,"featured_media":0,"parent":0,"menu_order":0,"comment_status":"closed","ping_status":"closed","template":"","meta":{"footnotes":""},"class_list":["post-19","page","type-page","status-publish","czr-hentry"],"_links":{"self":[{"href":"https:\/\/apfa.org.ar\/refsalta2025\/wp-json\/wp\/v2\/pages\/19","targetHints":{"allow":["GET"]}}],"collection":[{"href":"https:\/\/apfa.org.ar\/refsalta2025\/wp-json\/wp\/v2\/pages"}],"about":[{"href":"https:\/\/apfa.org.ar\/refsalta2025\/wp-json\/wp\/v2\/types\/page"}],"author":[{"embeddable":true,"href":"https:\/\/apfa.org.ar\/refsalta2025\/wp-json\/wp\/v2\/users\/3"}],"replies":[{"embeddable":true,"href":"https:\/\/apfa.org.ar\/refsalta2025\/wp-json\/wp\/v2\/comments?post=19"}],"version-history":[{"count":11,"href":"https:\/\/apfa.org.ar\/refsalta2025\/wp-json\/wp\/v2\/pages\/19\/revisions"}],"predecessor-version":[{"id":260,"href":"https:\/\/apfa.org.ar\/refsalta2025\/wp-json\/wp\/v2\/pages\/19\/revisions\/260"}],"wp:attachment":[{"href":"https:\/\/apfa.org.ar\/refsalta2025\/wp-json\/wp\/v2\/media?parent=19"}],"curies":[{"name":"wp","href":"https:\/\/api.w.org\/{rel}","templated":true}]}}