{"id":292,"date":"2025-05-31T17:17:02","date_gmt":"2025-05-31T17:17:02","guid":{"rendered":"https:\/\/apfa.org.ar\/refsalta2025\/?page_id=292"},"modified":"2025-08-26T11:30:57","modified_gmt":"2025-08-26T11:30:57","slug":"salta","status":"publish","type":"page","link":"https:\/\/apfa.org.ar\/refsalta2025\/salta\/","title":{"rendered":"Salta"},"content":{"rendered":"\n<p class=\"has-medium-font-size\"><strong>Descubr\u00ed Salta<\/strong><\/p>\n\n\n\n<p class=\"has-medium-font-size\">Te invitamos a conocer Salta, la ciudad que ser\u00e1 sede de nuestro congreso. En esta secci\u00f3n podr\u00e1s explorar el mapa interactivo de la ciudad, acceder al portal oficial de turismo y descubrir los principales atractivos, alojamientos y servicios disponibles. Una oportunidad para disfrutar de la calidez de su gente, su historia, su cultura y sus paisajes \u00fanicos.<\/p>\n\n\n\n<p class=\"has-text-align-center has-vivid-cyan-blue-color has-text-color has-link-color has-medium-font-size wp-elements-c68e66a90f521a5a7a23a6c43bdc4302\"><a href=\"https:\/\/www.saetasalta.com.ar\/saetaw\/default\" data-type=\"link\" data-id=\"https:\/\/www.saetasalta.com.ar\/saetaw\/default\">TRANSPORTE URBANOS LINEAS Y PARADAS<\/a><\/p>\n\n\n\n<div class=\"wp-block-columns is-layout-flex wp-container-core-columns-is-layout-9d6595d7 wp-block-columns-is-layout-flex\">\n<div class=\"wp-block-column is-layout-flow wp-block-column-is-layout-flow\">\n<iframe loading=\"lazy\" src=\"https:\/\/www.google.com\/maps\/d\/u\/0\/embed?mid=1Pl-fhnWq26uLCUb8s_-KAJFNJanG60o&#038;ehbc=2E312F&#038;noprof=1\" width=\"640\" height=\"480\"><\/iframe>\n\n\n\n<h3 class=\"wp-block-heading\">Leyenda del mapa interactivo<\/h3>\n\n\n\n<p>Este mapa fue dise\u00f1ado para orientarte durante tu participaci\u00f3n en la 24\u00aa Reuni\u00f3n Nacional de Educaci\u00f3n en F\u00edsica \u2013 REF XXIV en la ciudad de Salta. Pod\u00e9s identificar f\u00e1cilmente los distintos puntos de inter\u00e9s mediante el siguiente c\u00f3digo de colores:<\/p>\n\n\n\n<ul class=\"wp-block-list\">\n<li>&#x1f4cd;<strong>\u00cdcono azul<\/strong>: Hoteles y alojamientos recomendados<\/li>\n\n\n\n<li>&#x1f4cd;<strong>\u00cdcono verde<\/strong>: Lugares tur\u00edsticos y de inter\u00e9s cultural<\/li>\n\n\n\n<li>&#x1f4cd;<strong>\u00cdcono naranja<\/strong>: Sede de la Universidad Nacional de Salta.<\/li>\n\n\n\n<li>Hac\u00e9 zoom o clic sobre cada marcador para obtener m\u00e1s informaci\u00f3n y planificar tu visita con mayor comodidad.<\/li>\n<\/ul>\n\n\n\n<p>_____________________________________<\/p>\n\n\n\n<p>PROMOCIONES HOTELERAS<\/p>\n\n\n\n<h4 class=\"wp-block-heading\"><strong>Amerian Hotel<\/strong><\/h4>\n\n\n\n<p><strong>Descuento:<\/strong> 25%<\/p>\n\n\n\n<ul class=\"wp-block-list\">\n<li>Hab. Base: $107.500 (con dto.)<\/li>\n\n\n\n<li>Hab. Superior: $122.500 (con dto.)<\/li>\n\n\n\n<li>Contacto: <a>infosalta@amerian.com<\/a><\/li>\n<\/ul>\n\n\n\n<h4 class=\"wp-block-heading\"><strong>Portezuelo<\/strong><\/h4>\n\n\n\n<ul class=\"wp-block-list\">\n<li>Hab. Base: $116.131<\/li>\n\n\n\n<li>Hab. Superior: $149.706<\/li>\n\n\n\n<li>Contacto: <a>reservas@portezuelohotel.com<\/a><\/li>\n<\/ul>\n\n\n\n<h4 class=\"wp-block-heading\"><strong>Design Suites Salta<\/strong><\/h4>\n\n\n\n<ul class=\"wp-block-list\">\n<li>Hab. Base: $140.000<\/li>\n\n\n\n<li>Hab. Superior: $155.000<\/li>\n\n\n\n<li>Contacto: <a>asanchez@gruposolanas.com<\/a><\/li>\n<\/ul>\n\n\n\n<h4 class=\"wp-block-heading\"><strong>Wilson Hotel<\/strong><\/h4>\n\n\n\n<p><strong>C\u00f3digo:<\/strong> f\u00edsica25<\/p>\n\n\n\n<ul class=\"wp-block-list\">\n<li>Hab. Base: $80.000<\/li>\n\n\n\n<li>Hab. Superior: $140.000<\/li>\n\n\n\n<li>Contacto: <a>reservas@wilsonhotel.com.ar<\/a><\/li>\n<\/ul>\n\n\n\n<h3 class=\"wp-block-heading\">&#x1f5fa; Alojamiento y servicios tur\u00edsticos en Salta<\/h3>\n\n\n\n<p class=\"has-text-align-center has-vivid-red-color has-text-color has-link-color has-medium-font-size wp-elements-b22d5575b9d4476e5486d47fb09708cc\">&nbsp;Albergue Universitario, se trata de dos pabellones con 18 camas cada uno, por $1500 por noche.&nbsp;<br>Ubicado en el predio de la Universidad Nacional de Salta, cuenta con ba\u00f1os y duchas. Interesados comunicarse a&nbsp;<a href=\"mailto:hospedaje.ref@gmail.com\" target=\"_blank\" rel=\"noreferrer noopener\">hospedaje.ref@gmail.com<\/a><\/p>\n\n\n\n<p style=\"font-size:21px\">Para facilitar tu participaci\u00f3n en la 24\u00aa Reuni\u00f3n Nacional de Educaci\u00f3n en F\u00edsica \u2013 REF XXIV, ponemos a disposici\u00f3n un mapa interactivo con hoteles y alojamientos ubicados en la ciudad de Salta y alrededores. Te sugerimos explorar la oferta disponible con antelaci\u00f3n, ya que se espera una alta demanda durante los d\u00edas del evento.<\/p>\n\n\n\n<p style=\"font-size:21px\">Adem\u00e1s, pod\u00e9s consultar el sitio oficial de turismo de la provincia, donde encontrar\u00e1s recomendaciones de hospedaje, gastronom\u00eda, circuitos tur\u00edsticos y m\u00e1s informaci\u00f3n \u00fatil para tu estad\u00eda.<\/p>\n<\/div>\n\n\n\n<div class=\"wp-block-column is-layout-flow wp-block-column-is-layout-flow\">\n<figure class=\"wp-block-image size-large\"><a href=\"https:\/\/apfa.org.ar\/refsalta2025\/wp-content\/uploads\/2025\/06\/OFERTAS-DE-HOTELERIA.png\"><img loading=\"lazy\" decoding=\"async\" width=\"576\" height=\"1024\" src=\"https:\/\/apfa.org.ar\/refsalta2025\/wp-content\/uploads\/2025\/06\/OFERTAS-DE-HOTELERIA-576x1024.png\" alt=\"\" class=\"wp-image-312\" srcset=\"https:\/\/apfa.org.ar\/refsalta2025\/wp-content\/uploads\/2025\/06\/OFERTAS-DE-HOTELERIA-576x1024.png 576w, https:\/\/apfa.org.ar\/refsalta2025\/wp-content\/uploads\/2025\/06\/OFERTAS-DE-HOTELERIA-169x300.png 169w, https:\/\/apfa.org.ar\/refsalta2025\/wp-content\/uploads\/2025\/06\/OFERTAS-DE-HOTELERIA-768x1365.png 768w, https:\/\/apfa.org.ar\/refsalta2025\/wp-content\/uploads\/2025\/06\/OFERTAS-DE-HOTELERIA.png 810w\" sizes=\"auto, (max-width: 576px) 100vw, 576px\" \/><\/a><\/figure>\n\n\n\n<h4 class=\"wp-block-heading\"><strong>Las Vegas<\/strong><\/h4>\n\n\n\n<p><strong>Descuento:<\/strong> 35%<\/p>\n\n\n\n<ul class=\"wp-block-list\">\n<li>Hab. Base: $99.000 (sin dto.)<\/li>\n\n\n\n<li>Hab. Triple: $135.000 (sin dto.)<\/li>\n\n\n\n<li>Contacto: <a>info@lasvegashotelsalta.com<\/a><\/li>\n<\/ul>\n\n\n\n<h4 class=\"wp-block-heading\"><strong>Tierra del Sol<\/strong><\/h4>\n\n\n\n<ul class=\"wp-block-list\">\n<li>Hab. Base: $30.000<\/li>\n\n\n\n<li>Hab. Triple: $69.000<\/li>\n\n\n\n<li>Contacto: <a>infohoteltierradelsol@gmail.com<\/a><\/li>\n<\/ul>\n\n\n\n<h4 class=\"wp-block-heading\"><strong>Altos de Balcarce<\/strong><\/h4>\n\n\n\n<p><strong>Descuento:<\/strong> 20%<\/p>\n\n\n\n<ul class=\"wp-block-list\">\n<li>Hab. Base: $85.000 (sin dto.)<\/li>\n\n\n\n<li>Hab. Superior: $135.000 (sin dto.)<\/li>\n\n\n\n<li>Hab. Triple: $140.000 (sin dto.)<\/li>\n\n\n\n<li>Contacto: <a>reservas@altosdebalcarce.com.ar<\/a><\/li>\n<\/ul>\n\n\n\n<h4 class=\"wp-block-heading\"><strong>Apart La Vi\u00f1a<\/strong><\/h4>\n\n\n\n<ul class=\"wp-block-list\">\n<li>Hab. Base: $30.000<\/li>\n\n\n\n<li>Hab. Superior: $35.000<\/li>\n\n\n\n<li>Hab. Triple: $50.000 (para 5 pers.)<\/li>\n\n\n\n<li>Contacto: +54 387 254 5678<\/li>\n\n\n\n<li><\/li>\n<\/ul>\n\n\n\n<hr class=\"wp-block-separator has-alpha-channel-opacity is-style-wide\"\/>\n\n\n\n<div class=\"wp-block-buttons is-content-justification-center is-layout-flex wp-container-core-buttons-is-layout-16018d1d wp-block-buttons-is-layout-flex\">\n<div class=\"wp-block-button\"><a class=\"wp-block-button__link has-text-align-center wp-element-button\" href=\"https:\/\/visitsalta.ar\/\">Sitio Web de TURISMO<\/a><\/div>\n<\/div>\n<\/div>\n<\/div>\n\n\n\n<div class=\"wp-block-columns is-layout-flex wp-container-core-columns-is-layout-9d6595d7 wp-block-columns-is-layout-flex\">\n<div class=\"wp-block-column is-layout-flow wp-block-column-is-layout-flow\"><\/div>\n\n\n\n<div class=\"wp-block-column is-layout-flow wp-block-column-is-layout-flow\"><\/div>\n<\/div>\n\n\n\n<p><\/p>\n","protected":false},"excerpt":{"rendered":"<p>Descubr\u00ed Salta Te invitamos a conocer Salta, la ciudad que ser\u00e1 sede de nuestro congreso. En esta secci\u00f3n podr\u00e1s explorar el mapa interactivo de la ciudad, acceder al portal oficial de turismo y descubrir los principales atractivos, alojamientos y servicios disponibles. Una oportunidad para disfrutar de la calidez de su gente, su historia, su cultura [&hellip;]<\/p>\n","protected":false},"author":3,"featured_media":0,"parent":0,"menu_order":0,"comment_status":"closed","ping_status":"closed","template":"","meta":{"footnotes":""},"class_list":["post-292","page","type-page","status-publish","czr-hentry"],"_links":{"self":[{"href":"https:\/\/apfa.org.ar\/refsalta2025\/wp-json\/wp\/v2\/pages\/292","targetHints":{"allow":["GET"]}}],"collection":[{"href":"https:\/\/apfa.org.ar\/refsalta2025\/wp-json\/wp\/v2\/pages"}],"about":[{"href":"https:\/\/apfa.org.ar\/refsalta2025\/wp-json\/wp\/v2\/types\/page"}],"author":[{"embeddable":true,"href":"https:\/\/apfa.org.ar\/refsalta2025\/wp-json\/wp\/v2\/users\/3"}],"replies":[{"embeddable":true,"href":"https:\/\/apfa.org.ar\/refsalta2025\/wp-json\/wp\/v2\/comments?post=292"}],"version-history":[{"count":11,"href":"https:\/\/apfa.org.ar\/refsalta2025\/wp-json\/wp\/v2\/pages\/292\/revisions"}],"predecessor-version":[{"id":426,"href":"https:\/\/apfa.org.ar\/refsalta2025\/wp-json\/wp\/v2\/pages\/292\/revisions\/426"}],"wp:attachment":[{"href":"https:\/\/apfa.org.ar\/refsalta2025\/wp-json\/wp\/v2\/media?parent=292"}],"curies":[{"name":"wp","href":"https:\/\/api.w.org\/{rel}","templated":true}]}}