{"id":18,"date":"2025-12-13T20:58:36","date_gmt":"2025-12-13T23:58:36","guid":{"rendered":"https:\/\/apfa.org.ar\/sief18\/?page_id=18"},"modified":"2025-12-19T12:33:24","modified_gmt":"2025-12-19T15:33:24","slug":"destinatarios","status":"publish","type":"page","link":"https:\/\/apfa.org.ar\/sief18\/destinatarios\/","title":{"rendered":"Destinatarios"},"content":{"rendered":"\n<p><strong>SIEF y WORKSHOP<\/strong><\/p>\n\n\n\n<ul class=\"wp-block-list\">\n<li>Investigadores en educaci\u00f3n en f\u00edsica y \u00e1reas vinculadas.<\/li>\n\n\n\n<li>Docentes de todos los niveles educativos y estudiantes de profesorados de ciencias, interesados por la investigaci\u00f3n en educaci\u00f3n en ciencias.<\/li>\n\n\n\n<li>Estudiantes de posgrado en el \u00e1rea de educaci\u00f3n en ciencias.<\/li>\n<\/ul>\n","protected":false},"excerpt":{"rendered":"<p>SIEF y WORKSHOP<\/p>\n","protected":false},"author":2,"featured_media":42,"parent":0,"menu_order":0,"comment_status":"closed","ping_status":"closed","template":"","meta":{"neve_meta_sidebar":"","neve_meta_container":"","neve_meta_enable_content_width":"","neve_meta_content_width":0,"neve_meta_title_alignment":"","neve_meta_author_avatar":"","neve_post_elements_order":"","neve_meta_disable_header":"","neve_meta_disable_footer":"","neve_meta_disable_title":"","footnotes":""},"class_list":["post-18","page","type-page","status-publish","has-post-thumbnail","hentry"],"jetpack_sharing_enabled":true,"_links":{"self":[{"href":"https:\/\/apfa.org.ar\/sief18\/wp-json\/wp\/v2\/pages\/18","targetHints":{"allow":["GET"]}}],"collection":[{"href":"https:\/\/apfa.org.ar\/sief18\/wp-json\/wp\/v2\/pages"}],"about":[{"href":"https:\/\/apfa.org.ar\/sief18\/wp-json\/wp\/v2\/types\/page"}],"author":[{"embeddable":true,"href":"https:\/\/apfa.org.ar\/sief18\/wp-json\/wp\/v2\/users\/2"}],"replies":[{"embeddable":true,"href":"https:\/\/apfa.org.ar\/sief18\/wp-json\/wp\/v2\/comments?post=18"}],"version-history":[{"count":1,"href":"https:\/\/apfa.org.ar\/sief18\/wp-json\/wp\/v2\/pages\/18\/revisions"}],"predecessor-version":[{"id":19,"href":"https:\/\/apfa.org.ar\/sief18\/wp-json\/wp\/v2\/pages\/18\/revisions\/19"}],"wp:featuredmedia":[{"embeddable":true,"href":"https:\/\/apfa.org.ar\/sief18\/wp-json\/wp\/v2\/media\/42"}],"wp:attachment":[{"href":"https:\/\/apfa.org.ar\/sief18\/wp-json\/wp\/v2\/media?parent=18"}],"curies":[{"name":"wp","href":"https:\/\/api.w.org\/{rel}","templated":true}]}}