{"id":20,"date":"2025-12-13T21:01:14","date_gmt":"2025-12-14T00:01:14","guid":{"rendered":"https:\/\/apfa.org.ar\/sief18\/?page_id=20"},"modified":"2025-12-19T12:32:58","modified_gmt":"2025-12-19T15:32:58","slug":"objetivos","status":"publish","type":"page","link":"https:\/\/apfa.org.ar\/sief18\/objetivos\/","title":{"rendered":"Objetivos"},"content":{"rendered":"\n<ul class=\"wp-block-list\">\n<li>Favorecer la comunicaci\u00f3n y articulaci\u00f3n dentro de la comunidad de investigadores en educaci\u00f3n en f\u00edsica.<\/li>\n\n\n\n<li>Difundir resultados de investigaciones recientes en el \u00e1rea.<\/li>\n\n\n\n<li>Profundizar aspectos relacionados con l\u00edneas de investigaci\u00f3n, marcos te\u00f3ricos, metodolog\u00edas, transferencia y comunicaci\u00f3n de resultados.<\/li>\n\n\n\n<li>Fomentar la formaci\u00f3n de investigadores y los estudios de posgrado en el \u00e1rea.<\/li>\n\n\n\n<li>Abrir las puertas a la colaboraci\u00f3n y vinculaci\u00f3n entre investigadores de la educaci\u00f3n cient\u00edfica y otras \u00e1reas de conocimiento acad\u00e9mico a trav\u00e9s de la interdisciplina y el di\u00e1logo de saberes.<\/li>\n<\/ul>\n\n\n\n<p><\/p>\n","protected":false},"excerpt":{"rendered":"","protected":false},"author":2,"featured_media":42,"parent":0,"menu_order":0,"comment_status":"closed","ping_status":"closed","template":"","meta":{"neve_meta_sidebar":"","neve_meta_container":"","neve_meta_enable_content_width":"","neve_meta_content_width":0,"neve_meta_title_alignment":"","neve_meta_author_avatar":"","neve_post_elements_order":"","neve_meta_disable_header":"","neve_meta_disable_footer":"","neve_meta_disable_title":"","footnotes":""},"class_list":["post-20","page","type-page","status-publish","has-post-thumbnail","hentry"],"jetpack_sharing_enabled":true,"_links":{"self":[{"href":"https:\/\/apfa.org.ar\/sief18\/wp-json\/wp\/v2\/pages\/20","targetHints":{"allow":["GET"]}}],"collection":[{"href":"https:\/\/apfa.org.ar\/sief18\/wp-json\/wp\/v2\/pages"}],"about":[{"href":"https:\/\/apfa.org.ar\/sief18\/wp-json\/wp\/v2\/types\/page"}],"author":[{"embeddable":true,"href":"https:\/\/apfa.org.ar\/sief18\/wp-json\/wp\/v2\/users\/2"}],"replies":[{"embeddable":true,"href":"https:\/\/apfa.org.ar\/sief18\/wp-json\/wp\/v2\/comments?post=20"}],"version-history":[{"count":1,"href":"https:\/\/apfa.org.ar\/sief18\/wp-json\/wp\/v2\/pages\/20\/revisions"}],"predecessor-version":[{"id":21,"href":"https:\/\/apfa.org.ar\/sief18\/wp-json\/wp\/v2\/pages\/20\/revisions\/21"}],"wp:featuredmedia":[{"embeddable":true,"href":"https:\/\/apfa.org.ar\/sief18\/wp-json\/wp\/v2\/media\/42"}],"wp:attachment":[{"href":"https:\/\/apfa.org.ar\/sief18\/wp-json\/wp\/v2\/media?parent=20"}],"curies":[{"name":"wp","href":"https:\/\/api.w.org\/{rel}","templated":true}]}}