{"id":26,"date":"2025-12-13T21:34:11","date_gmt":"2025-12-14T00:34:11","guid":{"rendered":"https:\/\/apfa.org.ar\/sief18\/?page_id=26"},"modified":"2026-02-26T12:33:30","modified_gmt":"2026-02-26T15:33:30","slug":"organizacion","status":"publish","type":"page","link":"https:\/\/apfa.org.ar\/sief18\/organizacion\/","title":{"rendered":"Organizaci\u00f3n"},"content":{"rendered":"\n<h2 class=\"wp-block-heading\"><strong>Instituciones organizadoras<\/strong><\/h2>\n\n\n\n<ul class=\"wp-block-list\">\n<li>Asociaci\u00f3n de Profesores de F\u00edsica de Argentina, Secretar\u00eda Aut\u00e1rquica Local Rosario<\/li>\n\n\n\n<li>Departamento de F\u00edsica y Qu\u00edmica. Escuela de Formaci\u00f3n B\u00e1sica. Facultad de Ciencias Exactas, Ingenier\u00eda y Agrimensura. UNR.<\/li>\n\n\n\n<li>Departamento de F\u00edsica. Instituto Polit\u00e9cnico Superior \u00abGeneral San Mart\u00edn\u00bb. UNR.<\/li>\n\n\n\n<li>Taller de Investigaci\u00f3n en Did\u00e1ctica de las Ciencias y la Tecnolog\u00eda. EFB. FCEIA. UNR.<\/li>\n<\/ul>\n\n\n\n<h2 class=\"wp-block-heading\">Coordinaci\u00f3n general<\/h2>\n\n\n\n<ul class=\"wp-block-list\">\n<li>Lic. Carlos M. Silva<\/li>\n\n\n\n<li>Dr. Germ\u00e1n Blesio<\/li>\n\n\n\n<li>Dra. Cintia Sposetti<\/li>\n\n\n\n<li>Ing. Alejandra Rosolio<\/li>\n<\/ul>\n\n\n\n<h2 class=\"wp-block-heading\">Comit\u00e9 Cient\u00edfico<\/h2>\n\n\n\n<ul class=\"wp-block-list\">\n<li>Dr. Agust\u00edn Ad\u00fariz-Bravo (UBA &#8211; Argentina)<\/li>\n\n\n\n<li>Dr. Carlos Arguedas Matarrita (UNED &#8211; Costa Rica)<\/li>\n\n\n\n<li>Dra. Irene Arriasecq (UNCPBA &#8211; Argentina)<\/li>\n\n\n\n<li>Dra. Bettina Bravo (UNCPBA &#8211; Argentina)<\/li>\n\n\n\n<li>Dra. Laura Buteler (UNC &#8211; Argentina)<\/li>\n\n\n\n<li>Dr. Enrique Coleoni (UNC &#8211; Argentina)<\/li>\n\n\n\n<li>Dra. Sonia Concari (UNR &#8211; Rosario)<\/li>\n\n\n\n<li>Dra. Patricia Fern\u00e1ndez (UNR &#8211; Rosario)<\/li>\n\n\n\n<li>Dra. Ileana Greca (UBU &#8211; Espa\u00f1a)<\/li>\n\n\n\n<li>Dra. Carla Hernandez Silva (USACH &#8211; Chile)<\/li>\n\n\n\n<li>Dra. Marta Massa (UNR &#8211; Rosario)<\/li>\n\n\n\n<li>Dra. Beatriz Milicic (UNR &#8211; Argentina)<\/li>\n<\/ul>\n\n\n\n<h2 class=\"wp-block-heading\"><strong>Miembros del Comit\u00e9 organizador<\/strong><\/h2>\n\n\n\n<ul class=\"wp-block-list\">\n<li>Leandro Pala<\/li>\n\n\n\n<li>Mat\u00edas Cadierno<\/li>\n\n\n\n<li>Gabriel Rold\u00e1n<\/li>\n\n\n\n<li>Valeria G\u00f3mez Pighin<\/li>\n\n\n\n<li>Lisandro Odisio Martinelli<\/li>\n\n\n\n<li>Mateo R\u00edos<\/li>\n\n\n\n<li>Victoria Su\u00e1rez Barraza<\/li>\n\n\n\n<li>Camila Raponi<\/li>\n\n\n\n<li>Lorenzo Nunes<\/li>\n<\/ul>\n\n\n\n<h2 class=\"wp-block-heading\"><strong>Comit\u00e9 Asesor<\/strong><\/h2>\n\n\n\n<ul class=\"wp-block-list\">\n<li>Dr. Diego Petrucci<\/li>\n\n\n\n<li>Lic. Javier Hugo Feu<\/li>\n\n\n\n<li>Dra. Irene Arriasecq<\/li>\n\n\n\n<li>Mg. Ing. Juan Farina<\/li>\n\n\n\n<li>Ing. Alejandra Rosolio<\/li>\n<\/ul>\n\n\n\n<p><\/p>\n","protected":false},"excerpt":{"rendered":"<p>Instituciones organizadoras Coordinaci\u00f3n general Comit\u00e9 Cient\u00edfico Miembros del Comit\u00e9 organizador Comit\u00e9 Asesor<\/p>\n","protected":false},"author":2,"featured_media":42,"parent":0,"menu_order":0,"comment_status":"closed","ping_status":"closed","template":"","meta":{"neve_meta_sidebar":"","neve_meta_container":"","neve_meta_enable_content_width":"","neve_meta_content_width":0,"neve_meta_title_alignment":"","neve_meta_author_avatar":"","neve_post_elements_order":"","neve_meta_disable_header":"","neve_meta_disable_footer":"","neve_meta_disable_title":"","footnotes":""},"class_list":["post-26","page","type-page","status-publish","has-post-thumbnail","hentry"],"jetpack_sharing_enabled":true,"_links":{"self":[{"href":"https:\/\/apfa.org.ar\/sief18\/wp-json\/wp\/v2\/pages\/26","targetHints":{"allow":["GET"]}}],"collection":[{"href":"https:\/\/apfa.org.ar\/sief18\/wp-json\/wp\/v2\/pages"}],"about":[{"href":"https:\/\/apfa.org.ar\/sief18\/wp-json\/wp\/v2\/types\/page"}],"author":[{"embeddable":true,"href":"https:\/\/apfa.org.ar\/sief18\/wp-json\/wp\/v2\/users\/2"}],"replies":[{"embeddable":true,"href":"https:\/\/apfa.org.ar\/sief18\/wp-json\/wp\/v2\/comments?post=26"}],"version-history":[{"count":9,"href":"https:\/\/apfa.org.ar\/sief18\/wp-json\/wp\/v2\/pages\/26\/revisions"}],"predecessor-version":[{"id":90,"href":"https:\/\/apfa.org.ar\/sief18\/wp-json\/wp\/v2\/pages\/26\/revisions\/90"}],"wp:featuredmedia":[{"embeddable":true,"href":"https:\/\/apfa.org.ar\/sief18\/wp-json\/wp\/v2\/media\/42"}],"wp:attachment":[{"href":"https:\/\/apfa.org.ar\/sief18\/wp-json\/wp\/v2\/media?parent=26"}],"curies":[{"name":"wp","href":"https:\/\/api.w.org\/{rel}","templated":true}]}}