{"id":97,"date":"2026-03-30T14:47:18","date_gmt":"2026-03-30T17:47:18","guid":{"rendered":"https:\/\/apfa.org.ar\/sief18\/?page_id=97"},"modified":"2026-04-01T11:55:56","modified_gmt":"2026-04-01T14:55:56","slug":"sobre-rosario","status":"publish","type":"page","link":"https:\/\/apfa.org.ar\/sief18\/sobre-rosario\/","title":{"rendered":"Sobre Rosario"},"content":{"rendered":"\n<p>En este sitio encontrar\u00e1s informaci\u00f3n tur\u00edstica sobre nuestra ciudad, y recomendaciones sobre hoteler\u00eda y gastronom\u00eda.<\/p>\n\n\n\n<div class=\"wp-block-buttons is-content-justification-center is-layout-flex wp-container-core-buttons-is-layout-5e6b19ed wp-block-buttons-is-layout-flex\">\n<div class=\"wp-block-button is-style-primary\"><a class=\"wp-block-button__link wp-element-button\" href=\"https:\/\/www.rosario.tur.ar\/\" style=\"border-top-left-radius:9px;border-top-right-radius:9px;border-bottom-left-radius:9px;border-bottom-right-radius:9px\"><span class=\"dashicons dashicons-info\"><\/span> Informaci\u00f3n tur\u00edstica<\/a><\/div>\n<\/div>\n\n\n\n<p><\/p>\n\n\n\n<figure class=\"wp-block-embed is-type-video is-provider-youtube wp-block-embed-youtube wp-embed-aspect-16-9 wp-has-aspect-ratio\"><div class=\"wp-block-embed__wrapper\">\n<div class=\"nv-iframe-embed\"><iframe loading=\"lazy\" title=\"SPOT CIUDAD ROSARIO\" width=\"1200\" height=\"675\" src=\"https:\/\/www.youtube.com\/embed\/gOdsPZoDHyE?feature=oembed\" frameborder=\"0\" allow=\"accelerometer; autoplay; clipboard-write; encrypted-media; gyroscope; picture-in-picture; web-share\" referrerpolicy=\"strict-origin-when-cross-origin\" allowfullscreen><\/iframe><\/div>\n<\/div><\/figure>\n\n\n\n<p><\/p>\n\n\n\n<p><em>En construcci\u00f3n. Pr\u00f3ximamente m\u00e1s informaci\u00f3n<\/em>.<\/p>\n\n\n\n<div class=\"wp-block-columns is-not-stacked-on-mobile is-layout-flex wp-container-core-columns-is-layout-9d6595d7 wp-block-columns-is-layout-flex\">\n<div class=\"wp-block-column is-layout-flow wp-block-column-is-layout-flow\" style=\"flex-basis:50%\"><div class=\"wp-block-image\">\n<figure class=\"alignright size-large is-resized\"><img loading=\"lazy\" decoding=\"async\" width=\"1024\" height=\"1024\" src=\"https:\/\/apfa.org.ar\/sief18\/wp-content\/uploads\/2026\/03\/2-1024x1024.png\" alt=\"\" class=\"wp-image-99\" style=\"object-fit:cover;width:255px;height:255px\" srcset=\"https:\/\/apfa.org.ar\/sief18\/wp-content\/uploads\/2026\/03\/2-1024x1024.png 1024w, https:\/\/apfa.org.ar\/sief18\/wp-content\/uploads\/2026\/03\/2-300x300.png 300w, https:\/\/apfa.org.ar\/sief18\/wp-content\/uploads\/2026\/03\/2-150x150.png 150w, https:\/\/apfa.org.ar\/sief18\/wp-content\/uploads\/2026\/03\/2-768x768.png 768w, https:\/\/apfa.org.ar\/sief18\/wp-content\/uploads\/2026\/03\/2-1536x1536.png 1536w, https:\/\/apfa.org.ar\/sief18\/wp-content\/uploads\/2026\/03\/2-2048x2048.png 2048w\" sizes=\"auto, (max-width: 1024px) 100vw, 1024px\" \/><\/figure>\n<\/div><\/div>\n\n\n\n<div class=\"wp-block-column is-layout-flow wp-block-column-is-layout-flow\" style=\"flex-basis:50%\"><div class=\"wp-block-image\">\n<figure class=\"alignleft size-large is-resized\"><a href=\"https:\/\/apfa.org.ar\/sief18\/wp-content\/uploads\/2026\/03\/5-1.png\"><img loading=\"lazy\" decoding=\"async\" width=\"1024\" height=\"1024\" src=\"https:\/\/apfa.org.ar\/sief18\/wp-content\/uploads\/2026\/03\/5-1-1024x1024.png\" alt=\"\" class=\"wp-image-102\" style=\"object-fit:cover;width:326px;height:255px\" srcset=\"https:\/\/apfa.org.ar\/sief18\/wp-content\/uploads\/2026\/03\/5-1-1024x1024.png 1024w, https:\/\/apfa.org.ar\/sief18\/wp-content\/uploads\/2026\/03\/5-1-300x300.png 300w, https:\/\/apfa.org.ar\/sief18\/wp-content\/uploads\/2026\/03\/5-1-150x150.png 150w, https:\/\/apfa.org.ar\/sief18\/wp-content\/uploads\/2026\/03\/5-1-768x768.png 768w, https:\/\/apfa.org.ar\/sief18\/wp-content\/uploads\/2026\/03\/5-1-1536x1536.png 1536w, https:\/\/apfa.org.ar\/sief18\/wp-content\/uploads\/2026\/03\/5-1-2048x2048.png 2048w\" sizes=\"auto, (max-width: 1024px) 100vw, 1024px\" \/><\/a><\/figure>\n<\/div><\/div>\n<\/div>\n\n\n\n<p class=\"has-text-align-center\">Constru\u00eddo con el apoyo del Ente Tur\u00edstico Rosario<\/p>\n","protected":false},"excerpt":{"rendered":"<p>En este sitio encontrar\u00e1s informaci\u00f3n tur\u00edstica sobre nuestra ciudad, y recomendaciones sobre hoteler\u00eda y gastronom\u00eda. En construcci\u00f3n. Pr\u00f3ximamente m\u00e1s informaci\u00f3n. Constru\u00eddo con el apoyo del Ente Tur\u00edstico Rosario<\/p>\n","protected":false},"author":3,"featured_media":42,"parent":0,"menu_order":0,"comment_status":"closed","ping_status":"closed","template":"","meta":{"neve_meta_sidebar":"","neve_meta_container":"","neve_meta_enable_content_width":"","neve_meta_content_width":0,"neve_meta_title_alignment":"","neve_meta_author_avatar":"","neve_post_elements_order":"","neve_meta_disable_header":"","neve_meta_disable_footer":"","neve_meta_disable_title":"","footnotes":""},"class_list":["post-97","page","type-page","status-publish","has-post-thumbnail","hentry"],"jetpack_sharing_enabled":true,"_links":{"self":[{"href":"https:\/\/apfa.org.ar\/sief18\/wp-json\/wp\/v2\/pages\/97","targetHints":{"allow":["GET"]}}],"collection":[{"href":"https:\/\/apfa.org.ar\/sief18\/wp-json\/wp\/v2\/pages"}],"about":[{"href":"https:\/\/apfa.org.ar\/sief18\/wp-json\/wp\/v2\/types\/page"}],"author":[{"embeddable":true,"href":"https:\/\/apfa.org.ar\/sief18\/wp-json\/wp\/v2\/users\/3"}],"replies":[{"embeddable":true,"href":"https:\/\/apfa.org.ar\/sief18\/wp-json\/wp\/v2\/comments?post=97"}],"version-history":[{"count":3,"href":"https:\/\/apfa.org.ar\/sief18\/wp-json\/wp\/v2\/pages\/97\/revisions"}],"predecessor-version":[{"id":129,"href":"https:\/\/apfa.org.ar\/sief18\/wp-json\/wp\/v2\/pages\/97\/revisions\/129"}],"wp:featuredmedia":[{"embeddable":true,"href":"https:\/\/apfa.org.ar\/sief18\/wp-json\/wp\/v2\/media\/42"}],"wp:attachment":[{"href":"https:\/\/apfa.org.ar\/sief18\/wp-json\/wp\/v2\/media?parent=97"}],"curies":[{"name":"wp","href":"https:\/\/api.w.org\/{rel}","templated":true}]}}