{"id":124,"date":"2020-11-07T15:05:24","date_gmt":"2020-11-07T15:05:24","guid":{"rendered":"http:\/\/apfa.org.ar\/encina\/?page_id=124"},"modified":"2020-11-07T15:05:24","modified_gmt":"2020-11-07T15:05:24","slug":"organizacion","status":"publish","type":"page","link":"https:\/\/apfa.org.ar\/webeventos\/encina6\/organizacion\/","title":{"rendered":"Organizaci\u00f3n"},"content":{"rendered":"\n<pre class=\"wp-block-preformatted\"><strong>Mesa directiva<\/strong>\n\nProf. Dr. Ignacio J. Idoyaga, por APFA y CIAEC\nProf. Teresa Quintero, por ADEQRA y CIAEC\nProf. Dra. Gabriela Lorenzo, por CONGRIDEC y CIAEC\nProf. Dr. Daniel Meziat, por C\u00e1tedra UNESCO EDUCALYC\n<\/pre>\n\n\n\n<pre class=\"wp-block-preformatted\"><strong>Simposios<\/strong>\n\nEncuentro General\nPreside: Prof. Dr. Ignacio J. Idoyaga\nCoordina: Prof. Jorge Maeyoshimoto\n \nSimposio de Ense\u00f1anza de la Farmacia y la Bioqu\u00edmica\nPreside: Prof. Cristina Arranz\nCoordina: Prof. Dra. Andrea Farr\u00e9\n\nSimposio de Ense\u00f1anza de las Ciencias de la Tierra y del Ambiente\nCoordina: Prof. Marcelo Bazan\n\nSimposio de Educaci\u00f3n STEAM\nCoordina: Prof. Dra. Irene Arriassecq\n\nSimposio de Comunicaci\u00f3n P\u00fablica de la Ciencia y la Tecnolog\u00eda\nCoordina: Prof. Dra. Claudia Mazzitelli\n<\/pre>\n\n\n\n<pre class=\"wp-block-preformatted\"><strong>Colaboradores<\/strong>\n\nProf. Nahuel Moya\nProf. Carlos Silva\nLic. Michelle Marilyn Alvarez\nProf. Fernando Capuya\nProf. Patricia Carabelli\nProf. Josu\u00e9 Dionofrio\nLic. Dami\u00e1n Lampert\nProf. Florencia L\u00f3pez\nLic. Mar\u00eda Bel\u00e9n Manfredi\nLic. Gabriel Leonardo Medina\nLic. Germ\u00e1n S\u00e1nchez\nProf. Nayla Traiman Schroh\n\n\n<\/pre>\n\n\n\n<pre class=\"wp-block-preformatted\"><strong>Evaluadores<\/strong>\n\nProf. Dra. Marisa Repetto\nProf. Dra. Andrea Farr\u00e9\nProf. Dr. Ignacio Idoyaga\nProf. Mg. Teresa Quintero\nProf. Mg. Gabriela Varela\nProf. Dra. Gabriela Lorenzo<\/pre>\n\n\n\n<p><\/p>\n","protected":false},"excerpt":{"rendered":"<p>Mesa directiva Prof. Dr. Ignacio J. Idoyaga, por APFA y CIAEC Prof. Teresa Quintero, por ADEQRA y CIAEC Prof. Dra. Gabriela Lorenzo, por CONGRIDEC y CIAEC Prof. Dr. Daniel Meziat, por C\u00e1tedra UNESCO EDUCALYC Simposios Encuentro General Preside: Prof. Dr. Ignacio J. Idoyaga Coordina: Prof. Jorge Maeyoshimoto Simposio de Ense\u00f1anza de la Farmacia y la &hellip; <a href=\"https:\/\/apfa.org.ar\/webeventos\/encina6\/organizacion\/\" class=\"more-link\">Seguir leyendo <span class=\"screen-reader-text\">Organizaci\u00f3n<\/span> <span class=\"meta-nav\">&rarr;<\/span><\/a><\/p>\n","protected":false},"author":2,"featured_media":0,"parent":0,"menu_order":0,"comment_status":"closed","ping_status":"closed","template":"","meta":{"footnotes":""},"class_list":["post-124","page","type-page","status-publish","hentry"],"_links":{"self":[{"href":"https:\/\/apfa.org.ar\/webeventos\/encina6\/wp-json\/wp\/v2\/pages\/124","targetHints":{"allow":["GET"]}}],"collection":[{"href":"https:\/\/apfa.org.ar\/webeventos\/encina6\/wp-json\/wp\/v2\/pages"}],"about":[{"href":"https:\/\/apfa.org.ar\/webeventos\/encina6\/wp-json\/wp\/v2\/types\/page"}],"author":[{"embeddable":true,"href":"https:\/\/apfa.org.ar\/webeventos\/encina6\/wp-json\/wp\/v2\/users\/2"}],"replies":[{"embeddable":true,"href":"https:\/\/apfa.org.ar\/webeventos\/encina6\/wp-json\/wp\/v2\/comments?post=124"}],"version-history":[{"count":0,"href":"https:\/\/apfa.org.ar\/webeventos\/encina6\/wp-json\/wp\/v2\/pages\/124\/revisions"}],"wp:attachment":[{"href":"https:\/\/apfa.org.ar\/webeventos\/encina6\/wp-json\/wp\/v2\/media?parent=124"}],"curies":[{"name":"wp","href":"https:\/\/api.w.org\/{rel}","templated":true}]}}