{"id":16,"date":"2020-11-03T18:43:47","date_gmt":"2020-11-03T18:43:47","guid":{"rendered":"http:\/\/apfa.org.ar\/encina\/?page_id=16"},"modified":"2020-11-03T18:43:47","modified_gmt":"2020-11-03T18:43:47","slug":"participacion","status":"publish","type":"page","link":"https:\/\/apfa.org.ar\/webeventos\/encina6\/participacion\/","title":{"rendered":"Participaci\u00f3n"},"content":{"rendered":"\n<pre class=\"wp-block-preformatted\">La participaci\u00f3n es&nbsp;totalmente <strong>virtual y gratuita<\/strong>. Las actividades estar\u00e1n accesibles a los participantes a trav\u00e9s de un Aula Virtual especialmente dise\u00f1ada. D\u00edas antes de iniciar el Encuentro, quienes hayan completado su registro recibir\u00e1n las indicaciones para acceder.<\/pre>\n\n\n\n<pre class=\"wp-block-preformatted\"><strong>Reconocimiento institucional<\/strong>. Las actividades del Encuentro son reconocidas por UBA, Catedra UNESCO EDUCALYC, UNRC, APFA, ADEQRA, CONGRIDEC y MIDEC. Forman parte de las actividades del UBANEX 2018-2021 y del PDE 2020-2022. Son reconocidas como seminarios departamentales del CIAEC FFyB UBA y del Instituto de Investigaci\u00f3n en Educaci\u00f3n Superior de la UBA.<\/pre>\n\n\n\n<pre class=\"wp-block-preformatted\"><strong>Certificaci\u00f3n<\/strong>. \u200bLos participantes recibir\u00e1n un certificado de asistencia virtual v\u00e1lido y rotulado\u00a0por la organizaci\u00f3n. Quienes hayan defendido res\u00famenes aceptados recibir\u00e1n un certificado como expositores con las mismas caracter\u00edsticas.<\/pre>\n\n\n\n<figure class=\"wp-block-image size-large\"><img loading=\"lazy\" decoding=\"async\" width=\"1024\" height=\"141\" src=\"http:\/\/apfa.org.ar\/encina\/wp-content\/uploads\/2020\/11\/todes-logos-4-1024x141.png\" alt=\"\" class=\"wp-image-31\" srcset=\"https:\/\/apfa.org.ar\/webeventos\/encina6\/wp-content\/uploads\/sites\/5\/2020\/11\/todes-logos-4-1024x141.png 1024w, https:\/\/apfa.org.ar\/webeventos\/encina6\/wp-content\/uploads\/sites\/5\/2020\/11\/todes-logos-4-300x41.png 300w, https:\/\/apfa.org.ar\/webeventos\/encina6\/wp-content\/uploads\/sites\/5\/2020\/11\/todes-logos-4-768x106.png 768w, https:\/\/apfa.org.ar\/webeventos\/encina6\/wp-content\/uploads\/sites\/5\/2020\/11\/todes-logos-4-1536x212.png 1536w, https:\/\/apfa.org.ar\/webeventos\/encina6\/wp-content\/uploads\/sites\/5\/2020\/11\/todes-logos-4.png 1826w\" sizes=\"auto, (max-width: 1024px) 100vw, 1024px\" \/><\/figure>\n\n\n\n<p><\/p>\n","protected":false},"excerpt":{"rendered":"<p>La participaci\u00f3n es&nbsp;totalmente virtual y gratuita. Las actividades estar\u00e1n accesibles a los participantes a trav\u00e9s de un Aula Virtual especialmente dise\u00f1ada. D\u00edas antes de iniciar el Encuentro, quienes hayan completado su registro recibir\u00e1n las indicaciones para acceder. Reconocimiento institucional. Las actividades del Encuentro son reconocidas por UBA, Catedra UNESCO EDUCALYC, UNRC, APFA, ADEQRA, CONGRIDEC y &hellip; <a href=\"https:\/\/apfa.org.ar\/webeventos\/encina6\/participacion\/\" class=\"more-link\">Seguir leyendo <span class=\"screen-reader-text\">Participaci\u00f3n<\/span> <span class=\"meta-nav\">&rarr;<\/span><\/a><\/p>\n","protected":false},"author":2,"featured_media":0,"parent":0,"menu_order":1,"comment_status":"closed","ping_status":"closed","template":"","meta":{"footnotes":""},"class_list":["post-16","page","type-page","status-publish","hentry"],"_links":{"self":[{"href":"https:\/\/apfa.org.ar\/webeventos\/encina6\/wp-json\/wp\/v2\/pages\/16","targetHints":{"allow":["GET"]}}],"collection":[{"href":"https:\/\/apfa.org.ar\/webeventos\/encina6\/wp-json\/wp\/v2\/pages"}],"about":[{"href":"https:\/\/apfa.org.ar\/webeventos\/encina6\/wp-json\/wp\/v2\/types\/page"}],"author":[{"embeddable":true,"href":"https:\/\/apfa.org.ar\/webeventos\/encina6\/wp-json\/wp\/v2\/users\/2"}],"replies":[{"embeddable":true,"href":"https:\/\/apfa.org.ar\/webeventos\/encina6\/wp-json\/wp\/v2\/comments?post=16"}],"version-history":[{"count":0,"href":"https:\/\/apfa.org.ar\/webeventos\/encina6\/wp-json\/wp\/v2\/pages\/16\/revisions"}],"wp:attachment":[{"href":"https:\/\/apfa.org.ar\/webeventos\/encina6\/wp-json\/wp\/v2\/media?parent=16"}],"curies":[{"name":"wp","href":"https:\/\/api.w.org\/{rel}","templated":true}]}}