{"id":25,"date":"2020-11-03T19:03:04","date_gmt":"2020-11-03T19:03:04","guid":{"rendered":"http:\/\/apfa.org.ar\/encina\/?page_id=25"},"modified":"2020-11-03T19:03:04","modified_gmt":"2020-11-03T19:03:04","slug":"trabajos","status":"publish","type":"page","link":"https:\/\/apfa.org.ar\/webeventos\/encina6\/trabajos\/","title":{"rendered":"Trabajos"},"content":{"rendered":"\n<pre class=\"wp-block-preformatted\"><strong>EnCiNa6 - Jornadas preCIEDUC <\/strong>tiene por principal prop\u00f3sito colaborar en la circulaci\u00f3n de ideas sobre la educaci\u00f3n en ciencias naturales. Se&nbsp;admite la presentaci\u00f3n de dos tipos de trabajos:\n   1) Trabajo de investigaci\u00f3n\n   2) Experiencias de aula<\/pre>\n\n\n\n<pre class=\"wp-block-preformatted\">\u200bLos trabajos podr\u00e1n presentarse a alguno de los <em>Simposios <\/em>propuestos o al <em>Encuentro General<\/em>. Para este \u00faltimo caso se proponen 4 agrupaciones (no estrictas) que responden a los distintos niveles educativos:\n   1) Nivel inicial y primario\n   2) Nivel medio\n   3) Formaci\u00f3n de profesores\n   4) Nivel superior\nEn esta edici\u00f3n 2021 se considerar\u00e1n especialmente los trabajos que aborden cuestiones vinculadas con la educaci\u00f3n en pandemia.<\/pre>\n\n\n\n<pre class=\"wp-block-preformatted\">Este a\u00f1o el encuentro requiere el env\u00edo de un resumen del que\u00a0se evaluar\u00e1 exclusivamente\u00a0la pertinencia al tema del simposio escogido o del encuentro general. <strong>El resumen deber\u00e1 estar estructurado de acuerdo al formato especificado en el instructivo<\/strong> que se encuentra m\u00e1s abajo, y deber\u00e1 tener una <strong>extensi\u00f3n m\u00e1xima de 500 palabras<\/strong> (2 carillas incluyendo gr\u00e1ficos y bibliograf\u00eda).\nLos res\u00famenes ser\u00e1n publicados en un libro editado por el IIES. Los autores de los res\u00famenes aceptados ser\u00e1n invitados a escribir el trabajo en extenso (hasta 10 p\u00e1ginas) para su posterior evaluaci\u00f3n y publicaci\u00f3n en un libro editado por la Universidad de Alcal\u00e1, Espa\u00f1a. Los res\u00famenes deben ser subidos a trav\u00e9s del formulario vinculado al pie hasta el <strong><s>31 de mayo<\/s><\/strong> <strong>14 de junio<\/strong>. \n\nSe aceptar\u00e1n res\u00famenes en <strong>espa\u00f1ol<\/strong>, <strong>portugu\u00e9s<\/strong> o <strong>ingl\u00e9s<\/strong>.\n\nEn el caso del <strong>encuentro general<\/strong>, la defensa del trabajo se har\u00e1 con un video de hasta 5\u00a0minutos, compartido en el aula virtual. La discusi\u00f3n de los trabajos y el espacio para las preguntas ser\u00e1 a trav\u00e9s de un foro asincr\u00f3nico. En el caso de los <strong>simposios<\/strong>, la defensa se har\u00e1 en una reuni\u00f3n sincr\u00f3nica.\n\nLas instrucciones en ambos casos ser\u00e1n enviadas con la aceptaci\u00f3n de trabajo.<\/pre>\n\n\n\n<p>&#x270f;&#xfe0f;  Consideraciones generales sobre la presentaci\u00f3n de trabajos: <strong><span style=\"color:#ff0000\" class=\"has-inline-color\"><a rel=\"noreferrer noopener\" href=\"https:\/\/drive.google.com\/file\/d\/1b0aj_A8aw3qzMvOmTWX7p9DwXZ0grsFv\/view?usp=sharing\" data-type=\"URL\" data-id=\"https:\/\/drive.google.com\/file\/d\/1b0aj_A8aw3qzMvOmTWX7p9DwXZ0grsFv\/view?usp=sharing\" target=\"_blank\">Acceder aqu\u00ed<\/a><\/span><\/strong><\/p>\n\n\n\n<p>&#x270f;&#xfe0f;  Instructivo para la confecci\u00f3n de trabajos: <strong><span style=\"color:#ff0000\" class=\"has-inline-color\"><a rel=\"noreferrer noopener\" href=\"https:\/\/drive.google.com\/file\/d\/1iqIFciz5dqZG4L-vPcgrSUf4uo_4hnsU\/view?usp=sharing\" data-type=\"URL\" data-id=\"https:\/\/drive.google.com\/file\/d\/1iqIFciz5dqZG4L-vPcgrSUf4uo_4hnsU\/view?usp=sharing\" target=\"_blank\">Acceder aqu\u00ed<\/a><\/span><\/strong><\/p>\n\n\n\n<p>&#x270f;&#xfe0f;  Formulario para el env\u00edo de trabajos hasta el <s>31 de mayo<\/s> 14 de junio: <strong><span style=\"color:#ff0000\" class=\"has-inline-color\"><a rel=\"noreferrer noopener\" href=\"https:\/\/docs.google.com\/forms\/d\/e\/1FAIpQLSe4DNAWVCr-4I-mOcqor-fWnTH3cWMmayTSXX7X74VvvWk7kQ\/viewform?usp=sf_link\" data-type=\"URL\" data-id=\"https:\/\/docs.google.com\/forms\/d\/e\/1FAIpQLSe4DNAWVCr-4I-mOcqor-fWnTH3cWMmayTSXX7X74VvvWk7kQ\/viewform?usp=sf_link\" target=\"_blank\">Acceder aqu\u00ed<\/a><\/span><\/strong><\/p>\n\n\n\n<figure class=\"wp-block-image size-large\"><img loading=\"lazy\" decoding=\"async\" width=\"1024\" height=\"141\" src=\"http:\/\/apfa.org.ar\/encina\/wp-content\/uploads\/2020\/11\/todes-logos-2-1024x141.png\" alt=\"\" class=\"wp-image-27\" srcset=\"https:\/\/apfa.org.ar\/webeventos\/encina6\/wp-content\/uploads\/sites\/5\/2020\/11\/todes-logos-2-1024x141.png 1024w, https:\/\/apfa.org.ar\/webeventos\/encina6\/wp-content\/uploads\/sites\/5\/2020\/11\/todes-logos-2-300x41.png 300w, https:\/\/apfa.org.ar\/webeventos\/encina6\/wp-content\/uploads\/sites\/5\/2020\/11\/todes-logos-2-768x106.png 768w, https:\/\/apfa.org.ar\/webeventos\/encina6\/wp-content\/uploads\/sites\/5\/2020\/11\/todes-logos-2-1536x212.png 1536w, https:\/\/apfa.org.ar\/webeventos\/encina6\/wp-content\/uploads\/sites\/5\/2020\/11\/todes-logos-2.png 1826w\" sizes=\"auto, (max-width: 1024px) 100vw, 1024px\" \/><\/figure>\n\n\n\n<p><\/p>\n","protected":false},"excerpt":{"rendered":"<p>EnCiNa6 &#8211; Jornadas preCIEDUC tiene por principal prop\u00f3sito colaborar en la circulaci\u00f3n de ideas sobre la educaci\u00f3n en ciencias naturales. Se&nbsp;admite la presentaci\u00f3n de dos tipos de trabajos: 1) Trabajo de investigaci\u00f3n 2) Experiencias de aula \u200bLos trabajos podr\u00e1n presentarse a alguno de los Simposios propuestos o al Encuentro General. Para este \u00faltimo caso se &hellip; <a href=\"https:\/\/apfa.org.ar\/webeventos\/encina6\/trabajos\/\" class=\"more-link\">Seguir leyendo <span class=\"screen-reader-text\">Trabajos<\/span> <span class=\"meta-nav\">&rarr;<\/span><\/a><\/p>\n","protected":false},"author":2,"featured_media":0,"parent":0,"menu_order":2,"comment_status":"closed","ping_status":"closed","template":"","meta":{"footnotes":""},"class_list":["post-25","page","type-page","status-publish","hentry"],"_links":{"self":[{"href":"https:\/\/apfa.org.ar\/webeventos\/encina6\/wp-json\/wp\/v2\/pages\/25","targetHints":{"allow":["GET"]}}],"collection":[{"href":"https:\/\/apfa.org.ar\/webeventos\/encina6\/wp-json\/wp\/v2\/pages"}],"about":[{"href":"https:\/\/apfa.org.ar\/webeventos\/encina6\/wp-json\/wp\/v2\/types\/page"}],"author":[{"embeddable":true,"href":"https:\/\/apfa.org.ar\/webeventos\/encina6\/wp-json\/wp\/v2\/users\/2"}],"replies":[{"embeddable":true,"href":"https:\/\/apfa.org.ar\/webeventos\/encina6\/wp-json\/wp\/v2\/comments?post=25"}],"version-history":[{"count":0,"href":"https:\/\/apfa.org.ar\/webeventos\/encina6\/wp-json\/wp\/v2\/pages\/25\/revisions"}],"wp:attachment":[{"href":"https:\/\/apfa.org.ar\/webeventos\/encina6\/wp-json\/wp\/v2\/media?parent=25"}],"curies":[{"name":"wp","href":"https:\/\/api.w.org\/{rel}","templated":true}]}}