{"id":33,"date":"2020-11-03T19:09:18","date_gmt":"2020-11-03T19:09:18","guid":{"rendered":"http:\/\/apfa.org.ar\/encina\/?page_id=33"},"modified":"2020-11-03T19:09:18","modified_gmt":"2020-11-03T19:09:18","slug":"programa","status":"publish","type":"page","link":"https:\/\/apfa.org.ar\/webeventos\/encina6\/programa\/","title":{"rendered":"Programa"},"content":{"rendered":"\n<p>La presentaci\u00f3n de trabajos al Encuentro General se realizar\u00e1 de manera <strong>asincr\u00f3nica<\/strong> durante todo EnCiNa, los trabajos inscriptos en un Simposio se presentaran de manera sincr\u00f3nica.<\/p>\n\n\n\n<p><strong>D\u00eda 1<\/strong>: 22 de junio<\/p>\n\n\n\n<pre class=\"wp-block-preformatted\">ENCUENTRO GENERAL (Sala 0)\n11h(GMT-3) Mesa inaugural: Dra. Gabriela Lorenzo, Dr. Ignacio J. Idoyaga y Dr. Daniel Meziat.\n12h(GMT-3) <strong><a href=\"https:\/\/www.researchgate.net\/profile\/Isabel-Martins-8\">Dra. Isabel Martins<\/a><\/strong>. Ense\u00f1anza de las Ciencias y Formaci\u00f3n para la Ciudadan\u00eda: Retos Contempor\u00e1neos.\n\nSIMPOSIO DE ENSE\u00d1ANZA DE LA FARMACIA Y LA BIOQU\u00cdMICA (Sala 1)\n15h(GMT-3) <strong><a href=\"https:\/\/www.researchgate.net\/profile\/Pablo-Evelson\">Dr. Pablo Evelson<\/a><\/strong>. La ense\u00f1anza en los primeros a\u00f1os de Facultad de Farmacia y Bioqu\u00edmica.\n16h(GMT-3) Presentaci\u00f3n de trabajos\n\nSIMPOSIO DE ENSE\u00d1ANZA DE LAS CIENCIAS DE LA TIERRA Y DEL AMBIENTE (Sala 2)\n15h(GMT-3) <strong><a href=\"https:\/\/www.uah.es\/es\/estudios\/profesor\/Irene-de-Bustamante-Gutierrez\/\">Dra. Irene de Bustamante<\/a><\/strong>. De agua va: agua limpia , saneamiento y&nbsp; soluciones basadas en la Naturaleza.\n16h(GMT-3) Presentaci\u00f3n de trabajos\n\nSIMPOSIO DE EDUCACI\u00d3N STEM (Sala 3)\n15h(GMT-3) <strong><a href=\"https:\/\/investigadores.uaslp.mx\/InvestigadorProfile\/vSUAAA%3D%3D\" data-type=\"URL\" data-id=\"https:\/\/investigadores.uaslp.mx\/InvestigadorProfile\/vSUAAA%3D%3D\">Dra. Carmen del Pilar Suarez Rodriguez<\/a><\/strong>. La Educaci\u00f3n STEM y el Desarrollo de las Comunidades.\n16h(GMT-3) Presentaci\u00f3n de trabajos\n\nSIMPOSIO DE COMUNICACI\u00d3N P\u00daBLICA DE LA CIENCIA Y LA TECNOLOG\u00cdA (Sala 4)\n15h(GMT-3) <strong><strong><a href=\"https:\/\/scholar.google.com.ar\/citations?user=T1Y0lTcAAAAJ&amp;hl=es\">Dr. Astrid&nbsp;Bengtsson<\/a><\/strong><\/strong>. Comunicaci\u00f3n Cient\u00edfica en pandemia: las casas convertidas en mundo.\n16h(GMT-3) Presentaci\u00f3n de trabajos<\/pre>\n\n\n\n<p><strong>D\u00eda 2<\/strong>: 23 de junio<\/p>\n\n\n\n<pre class=\"wp-block-preformatted\">ENCUENTRO GENERAL (Sala 0)\n11h(GMT-3) <strong><a href=\"https:\/\/www.gob.pe\/institucion\/concytec\/funcionarios\/34235-benjamin-abelardo-marticorena-castillo\">Dr. Benjam\u00edn Marticorena Castillo<\/a><\/strong>. Las dimensiones \u00e9tica y est\u00e9tica de la ciencia y su importancia en la educaci\u00f3n para la formaci\u00f3n de ciudadan\u00eda.\n12h(GMT-3) <strong><a href=\"https:\/\/www.linkedin.com\/in\/silviaandreoli\/?originalSubdomain=ar\">Mg. Silvia Andreoli<\/a><\/strong>. Escenarios de ense\u00f1anza h\u00edbridos: m\u00f3viles, en red y colaborativos.\n\nSIMPOSIO DE ENSE\u00d1ANZA DE LA FARMACIA Y LA BIOQU\u00cdMICA (Sala 1)\n15h(GMT-3) <a href=\"https:\/\/www.fbcb.unl.edu.ar\/institucional\/categorias\/gobierno\/autoridades\/\"><strong>Dr. Guillermo Ramos<\/strong><\/a>. La ense\u00f1anza de la Bioqu\u00edmica Cl\u00ednica: Elementos en la interfase de la virtualidad-presencialidad.\n16h(GMT-3) Presentaci\u00f3n de trabajos\n\nSIMPOSIO DE ENSE\u00d1ANZA DE LAS CIENCIAS DE LA TIERRA Y DEL AMBIENTE (Sala 2)\n15h(GMT-3) <a href=\"https:\/\/www.uah.es\/es\/estudios\/profesor\/Maria-Amelia-Calonge-Garcia\/\"><strong>Dra. Mar\u00eda Amelia Calonge Garc\u00eda<\/strong><\/a>. Retos de las Ciencias de la Tierra en el siglo XXI.\n16h(GMT-3) Presentaci\u00f3n de trabajos\n\nSIMPOSIO DE EDUCACI\u00d3N STEM (Sala 3)\n15h(GMT-3) <strong><a href=\"https:\/\/www.researchgate.net\/profile\/Loyda-Mendez\">Dra. Loyda B. M\u00e9ndez Torres<\/a><\/strong> y <strong><a href=\"https:\/\/www.linkedin.com\/in\/jorge-torres-115a945b\/\">Prof. Jorge Torres Col\u00f3n<\/a><\/strong>. Al margen de la ret\u00f3rica: STEM y Educaci\u00f3n s\u00ed forman pareja.\n16h(GMT-3) Presentaci\u00f3n de trabajos\n\nSIMPOSIO DE COMUNICACI\u00d3N P\u00daBLICA DE LA CIENCIA Y LA TECNOLOG\u00cdA (Sala 4)\n15h(GMT-3) <strong><a href=\"https:\/\/www.linkedin.com\/in\/jaimeoyarzo\/?originalSubdomain=es\">Dr. Jaime Oyarzo Espinosa<\/a><\/strong>. Tecnolog\u00edas y Perspectivas pedag\u00f3gicas: impacto y recomendaciones para la educaci\u00f3n superior.\n16h(GMT-3) Presentaci\u00f3n de trabajos<\/pre>\n\n\n\n<p><strong>D\u00eda 3<\/strong>: 24 de junio<\/p>\n\n\n\n<pre class=\"wp-block-preformatted\">ENCUENTRO GENERAL (Sala 0)\n12h(GMT-3) CONVERSATORIO. Dra. Gabriela Lorenzo y Dr. Ignacio Idoyaga\n\nSIMPOSIO DE ENSE\u00d1ANZA DE LA FARMACIA Y LA BIOQU\u00cdMICA (Sala 1)\n15h(GMT-3) <a href=\"https:\/\/www.uah.es\/es\/estudios\/profesor\/Maria-Victorina-Aguilar-Vilas\/\"><strong>Dra. Mar\u00eda Victorina Aguilar<\/strong><\/a>. Docencia en Farmacia durante el periodo de pandemia de COVID 19\n16h(GMT-3) Presentaci\u00f3n de trabajos\n\nSIMPOSIO DE ENSE\u00d1ANZA DE LAS CIENCIAS DE LA TIERRA Y DEL AMBIENTE (Sala 2)\n15h(GMT-3) <strong><a href=\"https:\/\/www.researchgate.net\/profile\/Jose-Martinez-167\">Dr. Jos\u00e9 Selles Mart\u00ednez<\/a><\/strong>. Arte y Ciencia en Educaci\u00f3n: Ideas motivadoras en tiempos de pandemia.\n16h(GMT-3) Presentaci\u00f3n de trabajos\n\nSIMPOSIO DE EDUCACI\u00d3N STEM (Sala 3)\n15h(GMT-3) <a href=\"https:\/\/www.researchgate.net\/profile\/Jairo-Ortiz-Revilla\"><strong>Dr. Jairo Ortiz Revilla<\/strong><\/a>. Educaci\u00f3n STE(A)M integrada: fundamentaci\u00f3n te\u00f3rica y aplicaci\u00f3n pr\u00e1ctica.\n16h(GMT-3) Presentaci\u00f3n de trabajos\n\nSIMPOSIO DE COMUNICACI\u00d3N P\u00daBLICA DE LA CIENCIA Y LA TECNOLOG\u00cdA (Sala 4)\n15h(GMT-3) <strong><a href=\"https:\/\/www.linkedin.com\/in\/bernucha\/?originalSubdomain=ar\" data-type=\"URL\" data-id=\"https:\/\/www.linkedin.com\/in\/bernucha\/?originalSubdomain=ar\">Dra. Bernadette Saunier Rebori<\/a><\/strong>. VocAr como espacio de vinculaci\u00f3n del CONICET con el sistema educativo.\n16h(GMT-3) Presentaci\u00f3n de trabajos<\/pre>\n\n\n\n<p><strong>D\u00eda 4<\/strong>: 25 de junio<\/p>\n\n\n\n<pre class=\"wp-block-preformatted\">ENCUENTRO GENERAL (Sala 0)\n\n11h(GMT-3) <strong><a href=\"https:\/\/www.researchgate.net\/profile\/Plinio-Sosa\">Dr. Plinio Sosa<\/a><\/strong>. Algunos mal entendidos en la ense\u00f1anza de la qu\u00edmica.\n12h(GMT-3) <strong><a href=\"http:\/\/educacion.uc.cl\/facultad-a\/cuerpo-docente-aux\/38-mario-quintanilla-gatica\">Dr. Mario Quintanilla<\/a><\/strong>. Ense\u00f1ar ciencias para una nueva cultura docente. Desaf\u00edos y Oportunidades.\n13h(GTM-3)  Mesa de cierre: Prof. Cristina Arranz, Dra. Laura Schreier, Dr. H\u00e9ctor Odetti, Dr. Ignacio Idoyaga, Dra. Gabriela Lorenzo<\/pre>\n\n\n\n<figure class=\"wp-block-image size-large\"><img loading=\"lazy\" decoding=\"async\" width=\"1024\" height=\"141\" src=\"http:\/\/apfa.org.ar\/encina\/wp-content\/uploads\/2020\/11\/todes-logos-3-1024x141.png\" alt=\"\" class=\"wp-image-29\" srcset=\"https:\/\/apfa.org.ar\/webeventos\/encina6\/wp-content\/uploads\/sites\/5\/2020\/11\/todes-logos-3-1024x141.png 1024w, https:\/\/apfa.org.ar\/webeventos\/encina6\/wp-content\/uploads\/sites\/5\/2020\/11\/todes-logos-3-300x41.png 300w, https:\/\/apfa.org.ar\/webeventos\/encina6\/wp-content\/uploads\/sites\/5\/2020\/11\/todes-logos-3-768x106.png 768w, https:\/\/apfa.org.ar\/webeventos\/encina6\/wp-content\/uploads\/sites\/5\/2020\/11\/todes-logos-3-1536x212.png 1536w, https:\/\/apfa.org.ar\/webeventos\/encina6\/wp-content\/uploads\/sites\/5\/2020\/11\/todes-logos-3.png 1826w\" sizes=\"auto, (max-width: 1024px) 100vw, 1024px\" \/><\/figure>\n\n\n\n<p><\/p>\n","protected":false},"excerpt":{"rendered":"<p>La presentaci\u00f3n de trabajos al Encuentro General se realizar\u00e1 de manera asincr\u00f3nica durante todo EnCiNa, los trabajos inscriptos en un Simposio se presentaran de manera sincr\u00f3nica. D\u00eda 1: 22 de junio ENCUENTRO GENERAL (Sala 0) 11h(GMT-3) Mesa inaugural: Dra. Gabriela Lorenzo, Dr. Ignacio J. Idoyaga y Dr. Daniel Meziat. 12h(GMT-3) Dra. Isabel Martins. Ense\u00f1anza de &hellip; <a href=\"https:\/\/apfa.org.ar\/webeventos\/encina6\/programa\/\" class=\"more-link\">Seguir leyendo <span class=\"screen-reader-text\">Programa<\/span> <span class=\"meta-nav\">&rarr;<\/span><\/a><\/p>\n","protected":false},"author":2,"featured_media":0,"parent":0,"menu_order":4,"comment_status":"closed","ping_status":"closed","template":"","meta":{"footnotes":""},"class_list":["post-33","page","type-page","status-publish","hentry"],"_links":{"self":[{"href":"https:\/\/apfa.org.ar\/webeventos\/encina6\/wp-json\/wp\/v2\/pages\/33","targetHints":{"allow":["GET"]}}],"collection":[{"href":"https:\/\/apfa.org.ar\/webeventos\/encina6\/wp-json\/wp\/v2\/pages"}],"about":[{"href":"https:\/\/apfa.org.ar\/webeventos\/encina6\/wp-json\/wp\/v2\/types\/page"}],"author":[{"embeddable":true,"href":"https:\/\/apfa.org.ar\/webeventos\/encina6\/wp-json\/wp\/v2\/users\/2"}],"replies":[{"embeddable":true,"href":"https:\/\/apfa.org.ar\/webeventos\/encina6\/wp-json\/wp\/v2\/comments?post=33"}],"version-history":[{"count":0,"href":"https:\/\/apfa.org.ar\/webeventos\/encina6\/wp-json\/wp\/v2\/pages\/33\/revisions"}],"wp:attachment":[{"href":"https:\/\/apfa.org.ar\/webeventos\/encina6\/wp-json\/wp\/v2\/media?parent=33"}],"curies":[{"name":"wp","href":"https:\/\/api.w.org\/{rel}","templated":true}]}}