{"id":399,"date":"2013-11-06T11:55:36","date_gmt":"2013-11-06T11:55:36","guid":{"rendered":"http:\/\/apfa.org.ar\/encina\/?page_id=2"},"modified":"2013-11-06T11:55:36","modified_gmt":"2013-11-06T11:55:36","slug":"pagina-ejemplo-2","status":"publish","type":"page","link":"https:\/\/apfa.org.ar\/webeventos\/encina6\/","title":{"rendered":"EnCiNa6 &#8211; Jornadas preCIEDUC"},"content":{"rendered":"\n<h2 class=\"wp-block-heading\">22 al 25 de junio de 2021<\/h2>\n\n\n<pre><strong>EnCiNa <\/strong>es el Encuentro Virtual de Ense\u00f1anza de las Ciencias promovido por APFA, ADEQRA y CIAEC. No tiene costo para los participantes, su filosof\u00eda es la libre circulaci\u00f3n de las ideas. Presenta Charlas inspiradoras a cargo de reconocidos profesores e investigadores. <em>Admite la presentaci\u00f3n de trabajos de investigaci\u00f3n o experiencias de aula.<\/em><\/pre>\n<pre><strong>EnCiNa6<\/strong> se realizar\u00e1 entre el 22 y el 25 de junio de manera conjunta a las Jornadas preparatorias para el XI CIEDUC (XI Congreso Iberoamericano de Educaci\u00f3n Cient\u00edfica) que se celebrar\u00e1 en la Ciudad de Buenos Aires, Argentina, organizado por la Facultad de Farmacia y Bioqu\u00edmica de la Universidad de Buenos Aires, en 2022, en el marco de la actividades de la C\u00e1tedra UNESCO EDUCALYC. Los trabajos aceptados ser\u00e1n publicados (ver <a href=\"http:\/\/apfa.org.ar\/encina\/trabajos\/\">trabajos<\/a>). Adem\u00e1s de las actividades tradicionales esta edici\u00f3n incluir\u00e1 actividades especiales reunidas en 4 <em>Simposios<\/em>.<em><br \/><\/em><\/pre>\n<p><span style=\"color: #808080\"><strong>Simposio de Ense\u00f1anza de la Farmacia y la Bioqu\u00edmica. <\/strong>Destinado a la recapitular y sistematizar la Ense\u00f1anza Remota de Emergencia en las distintas asignaturas que conforman la titulaci\u00f3n y otros aspectos de la vida institucional de estas unidades acad\u00e9micas.<\/span><\/p>\n<p><span style=\"color: #808080\"><strong>Simposio de Ense\u00f1anza de las Ciencias de la Tierra y del Ambiente<\/strong>. Tendiente a rescatar todo el conocimiento generado en estas \u00e1reas\u00a0 durante la emergencia por covid-19.<\/span><\/p>\n<p><span style=\"color: #808080\"><strong>Simposio de Educaci\u00f3n STEM. <\/strong>Que busca rescatar toda la experiencia generada en el \u00e1rea en los distintos niveles educativos en la coyuntura de pandemia actual.<\/span><\/p>\n<p><span style=\"color: #808080\"><strong>Simposio de Comunicaci\u00f3n P\u00fablica de la Ciencias y la Tecnolog\u00eda. <\/strong> Orientado a la reflexi\u00f3n y revisi\u00f3n de los distintos modos de circular el conocimiento cient\u00edfico\/tecnol\u00f3gico y su impacto en la ciudadan\u00eda en el contexto de la crisis sanitaria.<\/span><\/p>\n\n\n<pre class=\"wp-block-preformatted\"><strong>Nota:<\/strong> con independencia de los Simposios EnCiNa6 abordar\u00e1 todos los temas relacionados con la educaci\u00f3n en ciencia y tecnolog\u00eda en tiempos de pandemia.<\/pre>\n\n\n\n<figure class=\"wp-block-image size-large\"><img loading=\"lazy\" decoding=\"async\" width=\"1024\" height=\"141\" src=\"http:\/\/apfa.org.ar\/encina\/wp-content\/uploads\/2020\/11\/todes-logos-3-1024x141.png\" alt=\"\" class=\"wp-image-29\" srcset=\"https:\/\/apfa.org.ar\/webeventos\/encina6\/wp-content\/uploads\/sites\/5\/2020\/11\/todes-logos-3-1024x141.png 1024w, https:\/\/apfa.org.ar\/webeventos\/encina6\/wp-content\/uploads\/sites\/5\/2020\/11\/todes-logos-3-300x41.png 300w, https:\/\/apfa.org.ar\/webeventos\/encina6\/wp-content\/uploads\/sites\/5\/2020\/11\/todes-logos-3-768x106.png 768w, https:\/\/apfa.org.ar\/webeventos\/encina6\/wp-content\/uploads\/sites\/5\/2020\/11\/todes-logos-3-1536x212.png 1536w, https:\/\/apfa.org.ar\/webeventos\/encina6\/wp-content\/uploads\/sites\/5\/2020\/11\/todes-logos-3.png 1826w\" sizes=\"auto, (max-width: 1024px) 100vw, 1024px\" \/><\/figure>\n","protected":false},"excerpt":{"rendered":"<p>22 al 25 de junio de 2021 EnCiNa es el Encuentro Virtual de Ense\u00f1anza de las Ciencias promovido por APFA, ADEQRA y CIAEC. No tiene costo para los participantes, su filosof\u00eda es la libre circulaci\u00f3n de las ideas. Presenta Charlas inspiradoras a cargo de reconocidos profesores e investigadores. Admite la presentaci\u00f3n de trabajos de investigaci\u00f3n &hellip; <a href=\"https:\/\/apfa.org.ar\/webeventos\/encina6\/\" class=\"more-link\">Seguir leyendo <span class=\"screen-reader-text\">EnCiNa6 &#8211; Jornadas preCIEDUC<\/span> <span class=\"meta-nav\">&rarr;<\/span><\/a><\/p>\n","protected":false},"author":2,"featured_media":0,"parent":0,"menu_order":0,"comment_status":"closed","ping_status":"closed","template":"","meta":{"footnotes":""},"class_list":["post-399","page","type-page","status-publish","hentry"],"_links":{"self":[{"href":"https:\/\/apfa.org.ar\/webeventos\/encina6\/wp-json\/wp\/v2\/pages\/399","targetHints":{"allow":["GET"]}}],"collection":[{"href":"https:\/\/apfa.org.ar\/webeventos\/encina6\/wp-json\/wp\/v2\/pages"}],"about":[{"href":"https:\/\/apfa.org.ar\/webeventos\/encina6\/wp-json\/wp\/v2\/types\/page"}],"author":[{"embeddable":true,"href":"https:\/\/apfa.org.ar\/webeventos\/encina6\/wp-json\/wp\/v2\/users\/2"}],"replies":[{"embeddable":true,"href":"https:\/\/apfa.org.ar\/webeventos\/encina6\/wp-json\/wp\/v2\/comments?post=399"}],"version-history":[{"count":0,"href":"https:\/\/apfa.org.ar\/webeventos\/encina6\/wp-json\/wp\/v2\/pages\/399\/revisions"}],"wp:attachment":[{"href":"https:\/\/apfa.org.ar\/webeventos\/encina6\/wp-json\/wp\/v2\/media?parent=399"}],"curies":[{"name":"wp","href":"https:\/\/api.w.org\/{rel}","templated":true}]}}