{"id":94,"date":"2020-11-04T22:23:53","date_gmt":"2020-11-04T22:23:53","guid":{"rendered":"http:\/\/apfa.org.ar\/encina\/?page_id=94"},"modified":"2020-11-04T22:23:53","modified_gmt":"2020-11-04T22:23:53","slug":"oradores-2","status":"publish","type":"page","link":"https:\/\/apfa.org.ar\/webeventos\/encina6\/oradores-2\/","title":{"rendered":"Oradores"},"content":{"rendered":"\n<pre class=\"wp-block-preformatted\"><strong>ENCUENTRO GENERAL<\/strong>\n\n<a href=\"https:\/\/www.uah.es\/es\/estudios\/profesor\/Daniel-Meziat-Luna\/\"><strong>Dr. Daniel Meziat<\/strong><\/a>\nUniversidad de Alcala\nDirector de la C\u00e1tedra UNESCO de Educaci\u00f3n Cient\u00edfica para Am\u00e9rica Latina y el Caribe\n\n<a href=\"https:\/\/orcid.org\/0000-0002-0661-915X\" data-type=\"URL\" data-id=\"https:\/\/orcid.org\/0000-0002-0661-915X\"><strong>Dr. Ignacio Idoyaga<\/strong><\/a>\nUniversidad de Buenos Aires\nPresidente de APFA\nPresidente de MIDEC\n\n<strong><a href=\"https:\/\/www.conicet.gov.ar\/new_scp\/detalle.php?id=37456&amp;datos_academicos=yes\">Dra. Gabriela Lorenzo<\/a><\/strong>\nUniversidad de Buenos Aires\nCONICET\nPresidenta CONGRIDEC\n\n<strong><a href=\"https:\/\/www.conicet.gov.ar\/new_scp\/detalle.php?id=20426&amp;datos_academicos=yes\">Prof. Cristina Arranz<\/a><\/strong>\nDecana\nFacultad de Farmacia y Bioqu\u00edmica\nUniversidad de Buenos Aires\n\n<strong><a href=\"https:\/\/www.researchgate.net\/profile\/Isabel-Martins-8\">Dra. Isabel Martins<\/a><\/strong>\nUniversidad Federal de R\u00edo de Janeiro\n\n<strong><a href=\"http:\/\/educacion.uc.cl\/facultad-a\/cuerpo-docente-aux\/38-mario-quintanilla-gatica\">Dr. Mario Quintanilla<\/a><\/strong>\nPontificia Universidad Cat\u00f3lica de Chile \n\n<strong><a href=\"https:\/\/www.researchgate.net\/profile\/Plinio-Sosa\">Dr. Plinio Sosa<\/a><\/strong>\nUniversidad Nacional Aut\u00f3noma de M\u00e9xico\n\n<strong><a href=\"https:\/\/www.linkedin.com\/in\/silviaandreoli\/?originalSubdomain=ar\">Mg. Silvia Andreoli<\/a><\/strong>\nUniversidad de Buenos Aires\nDirectora CITEP\n\n<strong><a href=\"http:\/\/www.ffyb.uba.ar\/secretaria-academica\/cv-secretaria-434?es,,mnu-e-30-8-142-1-mnu-\">Dra. Laura Schreier<\/a><\/strong>\nSecretaria Acad\u00e9mica\nFacultad de Farmacia y Bioqu\u00edmica\nUniversidad de Buenos Aires\n\n<strong><a href=\"https:\/\/www.gob.pe\/institucion\/concytec\/funcionarios\/34235-benjamin-abelardo-marticorena-castillo\">Dr. Benjam\u00edn Marticorena Castillo<\/a><\/strong>\nPresidente\nConsejo Nacional de Ciencia, Tecnolog\u00eda e Innovaci\u00f3n Tecnol\u00f3gica\nPer\u00fa<\/pre>\n\n\n\n<pre class=\"wp-block-preformatted\"><strong>SIMPOSIO DE ENSE\u00d1ANZA DE LA FARMACIA Y LA BIOQU\u00cdMICA<\/strong>\n\n<strong><a href=\"https:\/\/www.researchgate.net\/profile\/Pablo-Evelson\">Dr. Pablo Evelson<\/a><\/strong><a href=\"https:\/\/www.fbcb.unl.edu.ar\/institucional\/categorias\/gobierno\/autoridades\/\">\n<\/a>Vicedecano\nFacultad de Farmacia y Bioqu\u00edmica\nUniversidad de Buenos Aires\n\n<a href=\"https:\/\/www.fbcb.unl.edu.ar\/institucional\/categorias\/gobierno\/autoridades\/\"><strong>Dr. Guillermo Ramos<\/strong>\n<\/a>Secretario Acad\u00e9mico\nFacultad de Bioqu\u00edmica y Ciencias Biol\u00f3gicas\nUniversidad Nacional del Litoral\n\n<a href=\"https:\/\/www.uah.es\/es\/estudios\/profesor\/Maria-Victorina-Aguilar-Vilas\/\"><strong>Dra. Mar\u00eda Victorina Aguilar<\/strong>\n<\/a>Decana \nFacultad de Farmacia\nUniversidad de Alcal\u00e1<\/pre>\n\n\n\n<pre class=\"wp-block-preformatted\"><strong>SIMPOSIO DE ENSE\u00d1ANZA DE LAS CIENCIAS DE LA TIERRA Y EL AMBIENTE<\/strong>\n\n<strong><a href=\"https:\/\/www.uah.es\/es\/estudios\/profesor\/Irene-de-Bustamante-Gutierrez\/\">Dra. Irene de Bustamante<\/a><\/strong>\nUniversidad de Alcal\u00e1\n\n<a href=\"https:\/\/www.uah.es\/es\/estudios\/profesor\/Maria-Amelia-Calonge-Garcia\/\"><strong>Dra. Mar\u00eda Amelia Calonge Garc\u00eda<\/strong>\n<\/a>Universidad de Alcal\u00e1\n\n<strong><a href=\"https:\/\/www.researchgate.net\/profile\/Jose-Martinez-167\">Dr. Jos\u00e9 Selles Mart\u00ednez<\/a><\/strong><a href=\"https:\/\/www.uah.es\/es\/estudios\/profesor\/Maria-Amelia-Calonge-Garcia\/\">\n<\/a>Universidad de Buenos Aires\n<\/pre>\n\n\n\n<pre class=\"wp-block-preformatted\"><strong>SIMPOSIO DE EDUCACI\u00d3N STEM<\/strong>\n\n<strong><a href=\"https:\/\/www.researchgate.net\/profile\/Loyda-Mendez\">Dra. Loyda B. M\u00e9ndez Torres<\/a><\/strong>\nUniversidad Ana G. M\u00e9ndez, Puerto Rico\n\n<strong>Prof. Jorge Torres Col\u00f3n<\/strong>\nUniversidad Ana G. M\u00e9ndez, Puerto Rico\n\n<strong><a href=\"https:\/\/investigadores.uaslp.mx\/InvestigadorProfile\/vSUAAA%3D%3D\" data-type=\"URL\" data-id=\"https:\/\/investigadores.uaslp.mx\/InvestigadorProfile\/vSUAAA%3D%3D\">Dra. Carmen del Pilar Suarez Rodriguez<\/a><\/strong>\nUniversidad Aut\u00f3noma de San Luis Potosi\n\n<a href=\"https:\/\/www.researchgate.net\/profile\/Jairo-Ortiz-Revilla\"><strong>Dr. Jairo Ortiz Revilla<\/strong><\/a>\nUniversidad de Burgos<\/pre>\n\n\n\n<pre class=\"wp-block-preformatted\"><strong>SIMPOSIO DE COMUNICACI\u00d3N P\u00daBLICA DE LA CIENCIA Y LA TECNOLOG\u00cdA<\/strong>\n\n<strong><strong><a href=\"https:\/\/scholar.google.com.ar\/citations?user=T1Y0lTcAAAAJ&amp;hl=es\">Dra. Astrid Bengtsson<\/a><\/strong><\/strong>\nComisi\u00f3n Nacional de Energ\u00eda At\u00f3mica\n\n<strong><a href=\"https:\/\/www.linkedin.com\/in\/jaimeoyarzo\/?originalSubdomain=es\">Dr. Jaime Oyarzo Espinoza<\/a><\/strong>\nUniversidad de Alcal\u00e1\n\n<strong><a href=\"https:\/\/www.linkedin.com\/in\/bernucha\/?originalSubdomain=ar\" data-type=\"URL\" data-id=\"https:\/\/www.linkedin.com\/in\/bernucha\/?originalSubdomain=ar\">Dra. Bernadette Saunier Rebori<\/a><\/strong>\nCONICET<\/pre>\n\n\n\n<figure class=\"wp-block-image size-large\"><img loading=\"lazy\" decoding=\"async\" width=\"1024\" height=\"141\" src=\"http:\/\/apfa.org.ar\/encina\/wp-content\/uploads\/2020\/11\/todes-logos-3-1024x141.png\" alt=\"\" class=\"wp-image-29\" srcset=\"https:\/\/apfa.org.ar\/webeventos\/encina6\/wp-content\/uploads\/sites\/5\/2020\/11\/todes-logos-3-1024x141.png 1024w, https:\/\/apfa.org.ar\/webeventos\/encina6\/wp-content\/uploads\/sites\/5\/2020\/11\/todes-logos-3-300x41.png 300w, https:\/\/apfa.org.ar\/webeventos\/encina6\/wp-content\/uploads\/sites\/5\/2020\/11\/todes-logos-3-768x106.png 768w, https:\/\/apfa.org.ar\/webeventos\/encina6\/wp-content\/uploads\/sites\/5\/2020\/11\/todes-logos-3-1536x212.png 1536w, https:\/\/apfa.org.ar\/webeventos\/encina6\/wp-content\/uploads\/sites\/5\/2020\/11\/todes-logos-3.png 1826w\" sizes=\"auto, (max-width: 1024px) 100vw, 1024px\" \/><\/figure>\n\n\n\n<p><\/p>\n","protected":false},"excerpt":{"rendered":"<p>ENCUENTRO GENERAL Dr. Daniel Meziat Universidad de Alcala Director de la C\u00e1tedra UNESCO de Educaci\u00f3n Cient\u00edfica para Am\u00e9rica Latina y el Caribe Dr. Ignacio Idoyaga Universidad de Buenos Aires Presidente de APFA Presidente de MIDEC Dra. Gabriela Lorenzo Universidad de Buenos Aires CONICET Presidenta CONGRIDEC Prof. Cristina Arranz Decana Facultad de Farmacia y Bioqu\u00edmica Universidad &hellip; <a href=\"https:\/\/apfa.org.ar\/webeventos\/encina6\/oradores-2\/\" class=\"more-link\">Seguir leyendo <span class=\"screen-reader-text\">Oradores<\/span> <span class=\"meta-nav\">&rarr;<\/span><\/a><\/p>\n","protected":false},"author":2,"featured_media":0,"parent":0,"menu_order":0,"comment_status":"closed","ping_status":"closed","template":"","meta":{"footnotes":""},"class_list":["post-94","page","type-page","status-publish","hentry"],"_links":{"self":[{"href":"https:\/\/apfa.org.ar\/webeventos\/encina6\/wp-json\/wp\/v2\/pages\/94","targetHints":{"allow":["GET"]}}],"collection":[{"href":"https:\/\/apfa.org.ar\/webeventos\/encina6\/wp-json\/wp\/v2\/pages"}],"about":[{"href":"https:\/\/apfa.org.ar\/webeventos\/encina6\/wp-json\/wp\/v2\/types\/page"}],"author":[{"embeddable":true,"href":"https:\/\/apfa.org.ar\/webeventos\/encina6\/wp-json\/wp\/v2\/users\/2"}],"replies":[{"embeddable":true,"href":"https:\/\/apfa.org.ar\/webeventos\/encina6\/wp-json\/wp\/v2\/comments?post=94"}],"version-history":[{"count":0,"href":"https:\/\/apfa.org.ar\/webeventos\/encina6\/wp-json\/wp\/v2\/pages\/94\/revisions"}],"wp:attachment":[{"href":"https:\/\/apfa.org.ar\/webeventos\/encina6\/wp-json\/wp\/v2\/media?parent=94"}],"curies":[{"name":"wp","href":"https:\/\/api.w.org\/{rel}","templated":true}]}}