{"id":139,"date":"2021-03-09T16:37:36","date_gmt":"2021-03-09T19:37:36","guid":{"rendered":"http:\/\/apfa.org.ar\/ref22\/?page_id=139"},"modified":"2021-03-09T16:37:36","modified_gmt":"2021-03-09T19:37:36","slug":"actividades","status":"publish","type":"page","link":"https:\/\/apfa.org.ar\/webeventos\/ref22\/actividades\/","title":{"rendered":"Actividades"},"content":{"rendered":"\n<p>REF ofrece distintas actividades<\/p>\n\n\n\n<p><\/p>\n\n\n\n<p class=\"has-medium-font-size\"><strong>Conferencias<\/strong><\/p>\n\n\n\n<p>Las conferencias tendr\u00e1n un formato din\u00e1mico y estar\u00e1n a cargo de reconocidos profesores e investigadores. Abordan a los distintos ejes de la reuni\u00f3n, permitir\u00e1n preguntas de los asistentes y ser\u00e1n totalmente accesibles remotamente.<\/p>\n\n\n\n<p class=\"has-medium-font-size\"><strong>Di\u00e1logos<\/strong><\/p>\n\n\n\n<p>Los di\u00e1logos son un espacio novedoso donde un facilitador invita a dos o tres especialistas a reflexionar juntos sobre un problem\u00e1tica concreta vinculadas a los ejes de la reuni\u00f3n. Estos espacios, accesibles remotamente, permitir\u00e1n un amplia participaci\u00f3n de los asistentes.<\/p>\n\n\n\n<p class=\"has-medium-font-size\"><strong>Sesiones de Discusi\u00f3n<\/strong><\/p>\n\n\n\n<p>Las sesiones de discusi\u00f3n asincr\u00f3nicas contar\u00e1n con un moderador promover\u00e1 la discusi\u00f3n entre los autores de los trabajos aceptados y otros asistentes a la reuni\u00f3n. Estos espacios de intercambio son el coraz\u00f3n de REF y una oportunidad \u00fanica para el encuentro de la comunidad.<\/p>\n\n\n\n<p class=\"has-medium-font-size\"><strong>Simposios<\/strong><\/p>\n\n\n\n<p>Los simposios sincr\u00f3nicos re\u00fanen cuatro o cinco trabajos que abordan una misma tem\u00e1tica \u00edntimamente vinculada a los ejes de la reuni\u00f3n. Los autores ser\u00e1n invitados por el comit\u00e9 evaluador a formar parte de un simposio y defender\u00e1n sus trabajos en una reuni\u00f3n por teleconferencia.<\/p>\n\n\n\n<p class=\"has-medium-font-size\"><strong>Cursos<\/strong><\/p>\n\n\n\n<p>Los cursos se llevaran adelante en el campus virtual de la APFA. Estar\u00e1n a cargo de equipos docentes de reconocida trayectoria y abordaran distintas tem\u00e1ticas vinculadas a los ejes de la reuni\u00f3n. Los cursos ser\u00e1n certificados individualmente.<\/p>\n\n\n\n<p class=\"has-medium-font-size\"><strong>Presentaci\u00f3n de Materiales<\/strong><\/p>\n\n\n\n<p>Los materiales que se presentaran incluyen: libros, software, materiales para el desarrollo de actividades experimentales, revistas, redes de docentes, etc. La presentaci\u00f3n ser\u00e1 de forma asincr\u00f3nica a trav\u00e9s de videos y res\u00famenes.<\/p>\n","protected":false},"excerpt":{"rendered":"<p>REF ofrece distintas actividades Conferencias Las conferencias tendr\u00e1n un formato din\u00e1mico y estar\u00e1n a cargo de reconocidos profesores e investigadores. Abordan a los distintos ejes de la reuni\u00f3n, permitir\u00e1n preguntas de los asistentes y ser\u00e1n totalmente accesibles remotamente. Di\u00e1logos Los di\u00e1logos son un espacio novedoso donde un facilitador invita a dos o tres especialistas a &hellip; <\/p>\n","protected":false},"author":2,"featured_media":0,"parent":0,"menu_order":0,"comment_status":"closed","ping_status":"closed","template":"","meta":{"footnotes":""},"class_list":["post-139","page","type-page","status-publish","hentry"],"_links":{"self":[{"href":"https:\/\/apfa.org.ar\/webeventos\/ref22\/wp-json\/wp\/v2\/pages\/139","targetHints":{"allow":["GET"]}}],"collection":[{"href":"https:\/\/apfa.org.ar\/webeventos\/ref22\/wp-json\/wp\/v2\/pages"}],"about":[{"href":"https:\/\/apfa.org.ar\/webeventos\/ref22\/wp-json\/wp\/v2\/types\/page"}],"author":[{"embeddable":true,"href":"https:\/\/apfa.org.ar\/webeventos\/ref22\/wp-json\/wp\/v2\/users\/2"}],"replies":[{"embeddable":true,"href":"https:\/\/apfa.org.ar\/webeventos\/ref22\/wp-json\/wp\/v2\/comments?post=139"}],"version-history":[{"count":0,"href":"https:\/\/apfa.org.ar\/webeventos\/ref22\/wp-json\/wp\/v2\/pages\/139\/revisions"}],"wp:attachment":[{"href":"https:\/\/apfa.org.ar\/webeventos\/ref22\/wp-json\/wp\/v2\/media?parent=139"}],"curies":[{"name":"wp","href":"https:\/\/api.w.org\/{rel}","templated":true}]}}