{"id":153,"date":"2021-03-09T16:55:02","date_gmt":"2021-03-09T19:55:02","guid":{"rendered":"http:\/\/apfa.org.ar\/ref22\/?page_id=153"},"modified":"2021-03-09T16:55:02","modified_gmt":"2021-03-09T19:55:02","slug":"campus","status":"publish","type":"page","link":"https:\/\/apfa.org.ar\/webeventos\/ref22\/campus\/","title":{"rendered":"Campus"},"content":{"rendered":"\n<p>Las actividades de REFXXII ser\u00e1n accesibles de forma sincr\u00f3nica y asincr\u00f3nica en un Aula Virtual especialmente dise\u00f1ada en el Campus de la APFA. <\/p>\n\n\n\n<p>A continuaci\u00f3n encontrar\u00e1s un instructivo para generar un usuario en el Campus Virtual de APFA y matricularte en el aula virtual de REF.<\/p>\n\n\n\n<p><strong>I<\/strong><em><strong>mportante<\/strong>: La clave de matriculaci\u00f3n se envi\u00f3 por correo electr\u00f3nico a todos los inscriptos el jueves 23 de septiembre. De no haberla recibido, recomendamos revisar el correo no deseado.<\/em><\/p>\n\n\n\n<div data-wp-interactive=\"core\/file\" class=\"wp-block-file\"><object data-wp-bind--hidden=\"!state.hasPdfPreview\" hidden class=\"wp-block-file__embed\" data=\"http:\/\/apfa.org.ar\/webeventos\/ref22\/wp-content\/uploads\/sites\/6\/2021\/09\/Instructivo-de-acceso-al-Aula-de-REF-XXII.pdf\" type=\"application\/pdf\" style=\"width:100%;height:600px\" aria-label=\"Incrustado de Incrustado de Instructivo-de-acceso-al-Aula-de-REF-XXII..\"><\/object><a href=\"http:\/\/apfa.org.ar\/webeventos\/ref22\/wp-content\/uploads\/sites\/6\/2021\/09\/Instructivo-de-acceso-al-Aula-de-REF-XXII.pdf\">Instructivo-de-acceso-al-Aula-de-REF-XXII<\/a><a href=\"http:\/\/apfa.org.ar\/webeventos\/ref22\/wp-content\/uploads\/sites\/6\/2021\/09\/Instructivo-de-acceso-al-Aula-de-REF-XXII.pdf\" class=\"wp-block-file__button\" download>Descarga<\/a><\/div>\n","protected":false},"excerpt":{"rendered":"<p>Las actividades de REFXXII ser\u00e1n accesibles de forma sincr\u00f3nica y asincr\u00f3nica en un Aula Virtual especialmente dise\u00f1ada en el Campus de la APFA. A continuaci\u00f3n encontrar\u00e1s un instructivo para generar un usuario en el Campus Virtual de APFA y matricularte en el aula virtual de REF. Importante: La clave de matriculaci\u00f3n se envi\u00f3 por correo &hellip; <\/p>\n","protected":false},"author":2,"featured_media":0,"parent":0,"menu_order":0,"comment_status":"closed","ping_status":"closed","template":"","meta":{"footnotes":""},"class_list":["post-153","page","type-page","status-publish","hentry"],"_links":{"self":[{"href":"https:\/\/apfa.org.ar\/webeventos\/ref22\/wp-json\/wp\/v2\/pages\/153","targetHints":{"allow":["GET"]}}],"collection":[{"href":"https:\/\/apfa.org.ar\/webeventos\/ref22\/wp-json\/wp\/v2\/pages"}],"about":[{"href":"https:\/\/apfa.org.ar\/webeventos\/ref22\/wp-json\/wp\/v2\/types\/page"}],"author":[{"embeddable":true,"href":"https:\/\/apfa.org.ar\/webeventos\/ref22\/wp-json\/wp\/v2\/users\/2"}],"replies":[{"embeddable":true,"href":"https:\/\/apfa.org.ar\/webeventos\/ref22\/wp-json\/wp\/v2\/comments?post=153"}],"version-history":[{"count":0,"href":"https:\/\/apfa.org.ar\/webeventos\/ref22\/wp-json\/wp\/v2\/pages\/153\/revisions"}],"wp:attachment":[{"href":"https:\/\/apfa.org.ar\/webeventos\/ref22\/wp-json\/wp\/v2\/media?parent=153"}],"curies":[{"name":"wp","href":"https:\/\/api.w.org\/{rel}","templated":true}]}}