{"id":352,"date":"2021-03-16T15:24:38","date_gmt":"2021-03-16T18:24:38","guid":{"rendered":"http:\/\/apfa.org.ar\/ref22\/?page_id=352"},"modified":"2021-03-16T15:24:38","modified_gmt":"2021-03-16T18:24:38","slug":"programa","status":"publish","type":"page","link":"https:\/\/apfa.org.ar\/webeventos\/ref22\/programa\/","title":{"rendered":"Programa"},"content":{"rendered":"\n<p><strong>D\u00eda 1<\/strong>. 27 de septiembre<\/p>\n\n\n\n<pre class=\"wp-block-preformatted has-normal-font-size\"><strong>10h.<\/strong> Mesa de apertura\n<strong>12h.<\/strong> <a href=\"http:\/\/apfa.org.ar\/ref22\/#oradores-4\" title=\"Inicio\">Dr. Juan Ignacio Pozo<\/a>. Conferencia Inaugural: \u201cEnse\u00f1ar ciencias para combatir la desinformaci\u00f3n: promoviendo el pensamiento cr\u00edtico\u201d\n<strong>14h.<\/strong> Asamblea General Ordinaria de APFA\n<strong>15h.<\/strong> Encuentro sincr\u00f3nico del curso \"Introducci\u00f3n al uso de Laboratorios Remotos\" (<a href=\"http:\/\/apfa.org.ar\/ref22\/cursos\/\">requiere inscripci\u00f3n previa<\/a>) \n<strong>16h.<\/strong> Simposio: Ense\u00f1anza de la Astronom\u00eda (discusi\u00f3n de trabajos)\n<strong>17h.<\/strong> Di\u00e1logo sobre Educaci\u00f3n en F\u00edsica mediada por tecnolog\u00edas. Coordina: Dr. Ignacio Idoyaga. Participa: <a href=\"https:\/\/www.linkedin.com\/in\/porduna\/\" target=\"_blank\" rel=\"noreferrer noopener\">Dr. Pablo Ordu\u00f1a<\/a>, <a href=\"https:\/\/www.linkedin.com\/in\/dianalt\/?originalSubdomain=mx\" target=\"_blank\" rel=\"noreferrer noopener\">Dra. Diana L\u00f3pez Tavares<\/a> y <a href=\"https:\/\/www.linkedin.com\/in\/fisicamartin\/?originalSubdomain=uy\" target=\"_blank\" rel=\"noreferrer noopener\">Prof. Martin Monteiro<\/a>. \n<strong>19h.<\/strong> <a href=\"http:\/\/apfa.org.ar\/ref22\/#oradores-13\" title=\"Inicio\">Dr. Carlos Arguedas Matarrita<\/a>: \u201cLaboratorios remotos en la actividad experimental en la ense\u00f1anza de la f\u00edsica\u201d<\/pre>\n\n\n\n<p><strong>D\u00eda 2<\/strong>. 28 de septiembre<\/p>\n\n\n\n<pre class=\"wp-block-preformatted has-normal-font-size\"><strong>10h.<\/strong> <a href=\"http:\/\/apfa.org.ar\/ref22\/#oradores-2\" title=\"Inicio\">Dr. Jordi Solbes<\/a>: \u201cF\u00edsica para promover el pensamiento cr\u00edtico y combatir las pseudociencias\u201d\n<strong>12h.<\/strong> <a href=\"http:\/\/apfa.org.ar\/ref22\/#oradores-3\">Mg. Rebeca Anijovich<\/a>: \u201cModos alternativos de evaluaci\u00f3n\u201d\n<strong>15h.<\/strong> Encuentro sincr\u00f3nico del curso \"Clases Experimentales, \u00bfpara qu\u00e9?\" (<a href=\"http:\/\/apfa.org.ar\/ref22\/cursos\/\">requiere inscripci\u00f3n previa<\/a>)\n<strong>16h.<\/strong> Simposio: Actividades Experimentales en Educaci\u00f3n en F\u00edsica  (discusi\u00f3n de trabajos)\n<strong>17h.<\/strong> Di\u00e1logo sobre la labor de las mujeres latinoamericanas en la Educaci\u00f3n en F\u00edsica. Coordina: <a href=\"https:\/\/www.researchgate.net\/profile\/Teresa-Quintero\" target=\"_blank\" rel=\"noreferrer noopener\">Mg. Teresa Quintero<\/a>. Participan: <a href=\"https:\/\/www.researchgate.net\/profile\/Carla-Hernandez-5\" target=\"_blank\" rel=\"noreferrer noopener\">Dra. Carla Hern\u00e1ndez<\/a>, <a href=\"https:\/\/www.researchgate.net\/profile\/Sonia-Concari\" target=\"_blank\" rel=\"noreferrer noopener\">Dra. Sonia Concari<\/a>, <a href=\"https:\/\/www.conicet.gov.ar\/new_scp\/detalle.php?id=29976&amp;datos_academicos=yes\" target=\"_blank\" rel=\"noreferrer noopener\">Dra. Bettina Bravo<\/a>, <a href=\"https:\/\/www.researchgate.net\/profile\/Carmen-Suarez-Rodriguez\" target=\"_blank\" rel=\"noreferrer noopener\">Dra. Carmen del Pilar Su\u00e1rez<\/a>, <a href=\"https:\/\/die.udistrital.edu.co\/comunidad\/rosa_nidia_tuay_sigua\" target=\"_blank\" rel=\"noreferrer noopener\">Dra. Rosa Nidia Tuay Sigua <\/a>\n<strong>19h.<\/strong> <a href=\"http:\/\/apfa.org.ar\/ref22\/#oradores-11\">Dra. Gabriela Lorenzo<\/a>: \u201cHibridizaci\u00f3n de la ense\u00f1anza de las ciencias en contextos inciertos\u201d\n\n<\/pre>\n\n\n\n<p><strong>D\u00eda 3<\/strong>. 29 de septiembre<\/p>\n\n\n\n<pre class=\"wp-block-preformatted has-normal-font-size\"><strong>10h. <\/strong><a href=\"http:\/\/apfa.org.ar\/ref22\/#oradores-6\">Dra. Kristina Zuza<\/a>: \"\u00bfC\u00f3mo podemos trasladar las certezas te\u00f3ricas a la pr\u00e1ctica del aula?\n Herramientas de dise\u00f1o en el ejemplo de circuitos el\u00e9ctricos para \n cursos introductorios de universidad\"\n<strong>12h.<\/strong> <a href=\"http:\/\/apfa.org.ar\/ref22\/#oradores-1\">Dra. Ileana Greca<\/a>: \u201cEl reto de impulsar la equidad en la educaci\u00f3n cient\u00edfico-tecnol\u00f3gica desde edades tempranas\u201d\n<strong>15h. <\/strong>Encuentro sincr\u00f3nico del curso \"Recursos para acompa\u00f1ar la lectura de textos e im\u00e1genes en las clases de f\u00edsica\" (<a href=\"http:\/\/apfa.org.ar\/ref22\/cursos\/\">requiere inscripci\u00f3n previa<\/a>)\n<strong>15h.<\/strong> Encuentro sincr\u00f3nico del curso \"\u00bfD\u00f3nde est\u00e1 la f\u00edsica?\" (<a href=\"http:\/\/apfa.org.ar\/ref22\/cursos\/\">requiere inscripci\u00f3n previa<\/a>)\n<strong>16h.<\/strong> Simposio: Formaci\u00f3n de profesorado en F\u00edsica (discusi\u00f3n de trabajos)\n<strong>17h.<\/strong> Di\u00e1logo sobre el Ingreso y Permanencia en Carreras Cient\u00edficas y Tecnol\u00f3gicas. Articulaci\u00f3n entre niveles y modelizaci\u00f3n. Coordina: Dra. Ana Fleisner, <a href=\"https:\/\/www.linkedin.com\/in\/consuelo-escudero-1229b53a\/?originalSubdomain=ar\" target=\"_blank\" rel=\"noreferrer noopener\">Dra. Consuelo Escudero<\/a>. Participa: <a href=\"https:\/\/www.researchgate.net\/profile\/Miriam-Scancich\" target=\"_blank\" rel=\"noreferrer noopener\">Dra. Miriam Scancich<\/a>, <a href=\"https:\/\/www.researchgate.net\/profile\/Maria-Papini-2\" target=\"_blank\" rel=\"noreferrer noopener\">Mg. Mar\u00eda Cecilia Papini<\/a>\n<strong>19h.<\/strong> <a href=\"http:\/\/apfa.org.ar\/ref22\/#oradores-9\">Dra. Marta Pesa<\/a>: \u201cInvestigaci\u00f3n en la ense\u00f1anza de la f\u00edsica: tendencias y desaf\u00edos\u201d\n\n<\/pre>\n\n\n\n<p><strong>D\u00eda 4<\/strong>. 30 de septiembre<\/p>\n\n\n\n<pre class=\"wp-block-preformatted has-normal-font-size\"><strong>10h.<\/strong> <a href=\"http:\/\/apfa.org.ar\/ref22\/#oradores-5\">Dr. Jos\u00e9 Edelstein<\/a>: \u201cAgujeros negros y otras inquisiciones\u201d\n<strong>12h.<\/strong> <a href=\"http:\/\/apfa.org.ar\/ref22\/#oradores-10\">Dr. Uriel Cukierman<\/a>: \u201cDesaf\u00edos y oportunidades de las tecnolog\u00edas emergentes en la educaci\u00f3n superior\u201d\n<strong>15h.<\/strong> Encuentro sincr\u00f3nico del curso \"El smartphone como un laboratorio en la palma de la mano.\nUn aliado en f\u00edsica experimental y en educaci\u00f3n\" (<a href=\"http:\/\/apfa.org.ar\/ref22\/cursos\/\">requiere inscripci\u00f3n previa<\/a>)\n<strong>16h.<\/strong> Simposio: Representaciones Visuales en Educaci\u00f3n en F\u00edsica (discusi\u00f3n de trabajos)\n<strong>17h.<\/strong> Di\u00e1logo sobre Investigaci\u00f3n en Educaci\u00f3n en F\u00edsica. Coordinan: <a href=\"https:\/\/www.conicet.gov.ar\/new_scp\/detalle.php?id=37456&amp;datos_academicos=yes\" target=\"_blank\" rel=\"noreferrer noopener\">Dra. Gabriela Lorenzo<\/a>, <a href=\"https:\/\/www.conicet.gov.ar\/new_scp\/detalle.php?keywords=Perla&amp;id=22189&amp;capitulos=yes&amp;detalles=yes&amp;capit_id=6882241\" target=\"_blank\" rel=\"noreferrer noopener\">Dra. Claudia Mazzitelli<\/a>. Participan: <a href=\"https:\/\/www.researchgate.net\/profile\/Cristiano-Mattos\" target=\"_blank\" rel=\"noreferrer noopener\">Dr. Cristiano Mattos<\/a>, <a href=\"https:\/\/scholar.google.es\/citations?user=S4i07e0AAAAJ&amp;hl=es\" target=\"_blank\" rel=\"noreferrer noopener\">Dra. Ester L\u00f3pez Donoso<\/a>, <a href=\"https:\/\/www.linkedin.com\/in\/lilia-dubini-dubini-64050118\/?originalSubdomain=ar\" target=\"_blank\" rel=\"noreferrer noopener\">Dra. Lilia Dubini<\/a>\n<strong>19h.<\/strong> <a href=\"http:\/\/apfa.org.ar\/ref22\/#oradores-8\">Dr. Julio Navarro<\/a>: \u201cMateria oscura y Energ\u00eda oscura: las fuerzas misteriosas que gobiernan el universo\u201d<\/pre>\n\n\n\n<p><strong>D\u00eda 5.<\/strong> 1 de octubre<\/p>\n\n\n\n<pre class=\"wp-block-preformatted has-normal-font-size\"><strong>10h. <\/strong><a href=\"http:\/\/apfa.org.ar\/ref22\/#oradores-7\">Dra. Marisa Michelini<\/a>: \u201cF\u00edsica moderna en la escuela secundaria y en el desarrollo profesional docente\u201d\n<strong>12h.<\/strong> <a href=\"http:\/\/apfa.org.ar\/ref22\/#oradores-14\">Dr. Ignacio Idoyaga<\/a>: \u201cEl Laboratorio Extendido como estrategia para promover el aprendizaje de la f\u00edsica en escenarios h\u00edbridos\u201d\n<strong>15h.<\/strong> Encuentro sincr\u00f3nico del curso \"Efectos percibidos en distintos marcos de observaci\u00f3n y su relaci\u00f3n con las interacciones\" (<a href=\"http:\/\/apfa.org.ar\/ref22\/cursos\/\">requiere inscripci\u00f3n previa<\/a>)\n<strong>16h.<\/strong> Simposio: Enfoques para la Ense\u00f1anza de la F\u00edsica (discusi\u00f3n de trabajos)\n<strong>17h.<\/strong> Di\u00e1logo sobre Formaci\u00f3n Inicial de Profesorado en F\u00edsica, Coordinan: <a href=\"https:\/\/www.researchgate.net\/profile\/Andrea-Farre\" target=\"_blank\" rel=\"noreferrer noopener\">Dra. Andrea Farr\u00e9<\/a>, <a href=\"https:\/\/fce.unse.edu.ar\/sites\/default\/files\/pdf\/cvdocentes\/cv_anriquez_claudia.pdf\" target=\"_blank\" rel=\"noreferrer noopener\">Ing. Claudia Anriquez<\/a>. Participan: <a href=\"https:\/\/juanmanuelmartinez1.academia.edu\/\" target=\"_blank\" rel=\"noreferrer noopener\">Dr. Juan Manuel Mart\u00ednez<\/a>, Prof. Marianela Zaninetti, <a href=\"https:\/\/www.conicet.gov.ar\/new_scp\/detalle.php?id=20588&amp;datos_academicos=yes\" target=\"_blank\" rel=\"noreferrer noopener\">Dr. Armando Fern\u00e1ndez Guillermet<\/a>, Prof. Antonio Guti\u00e9rrez.  \n<strong>19h.<\/strong> <a href=\"http:\/\/apfa.org.ar\/ref22\/#oradores-12\">Dr. Agust\u00edn Ad\u00fariz Bravo<\/a>. Conferencia de clausura: \u201cNaturaleza de la explicaci\u00f3n en la f\u00edsica escolar: un lugar para modelos y argumentos\u201d<\/pre>\n\n\n\n<p>NOTA 1: el acceso a las actividades sincr\u00f3nicas se realizar\u00e1 desde el aula virtual de REF en el campus de la APFA. Revisar el apartado <a href=\"http:\/\/apfa.org.ar\/ref22\/campus\/\">Campus<\/a> del men\u00fa principal.<\/p>\n\n\n\n<p>NOTA 2: los trabajos ser\u00e1n presentados en mesas de discusi\u00f3n asincr\u00f3nicas durante toda la semana. S\u00f3lo algunos trabajos ser\u00e1n seleccionados para su presentaci\u00f3n en simposios sincr\u00f3nicos tem\u00e1ticos.<\/p>\n","protected":false},"excerpt":{"rendered":"<p>D\u00eda 1. 27 de septiembre 10h. Mesa de apertura 12h. Dr. Juan Ignacio Pozo. Conferencia Inaugural: \u201cEnse\u00f1ar ciencias para combatir la desinformaci\u00f3n: promoviendo el pensamiento cr\u00edtico\u201d 14h. Asamblea General Ordinaria de APFA 15h. Encuentro sincr\u00f3nico del curso \u00abIntroducci\u00f3n al uso de Laboratorios Remotos\u00bb (requiere inscripci\u00f3n previa) 16h. Simposio: Ense\u00f1anza de la Astronom\u00eda (discusi\u00f3n de trabajos) &hellip; <\/p>\n","protected":false},"author":2,"featured_media":0,"parent":0,"menu_order":0,"comment_status":"closed","ping_status":"closed","template":"","meta":{"footnotes":""},"class_list":["post-352","page","type-page","status-publish","hentry"],"_links":{"self":[{"href":"https:\/\/apfa.org.ar\/webeventos\/ref22\/wp-json\/wp\/v2\/pages\/352","targetHints":{"allow":["GET"]}}],"collection":[{"href":"https:\/\/apfa.org.ar\/webeventos\/ref22\/wp-json\/wp\/v2\/pages"}],"about":[{"href":"https:\/\/apfa.org.ar\/webeventos\/ref22\/wp-json\/wp\/v2\/types\/page"}],"author":[{"embeddable":true,"href":"https:\/\/apfa.org.ar\/webeventos\/ref22\/wp-json\/wp\/v2\/users\/2"}],"replies":[{"embeddable":true,"href":"https:\/\/apfa.org.ar\/webeventos\/ref22\/wp-json\/wp\/v2\/comments?post=352"}],"version-history":[{"count":0,"href":"https:\/\/apfa.org.ar\/webeventos\/ref22\/wp-json\/wp\/v2\/pages\/352\/revisions"}],"wp:attachment":[{"href":"https:\/\/apfa.org.ar\/webeventos\/ref22\/wp-json\/wp\/v2\/media?parent=352"}],"curies":[{"name":"wp","href":"https:\/\/api.w.org\/{rel}","templated":true}]}}