{"id":10,"date":"2021-02-24T13:49:08","date_gmt":"2021-02-24T13:49:08","guid":{"rendered":"http:\/\/apfa.org.ar\/ref22\/?page_id=10"},"modified":"2021-02-24T13:49:08","modified_gmt":"2021-02-24T13:49:08","slug":"inicio","status":"publish","type":"page","link":"https:\/\/apfa.org.ar\/webeventos\/ref23\/","title":{"rendered":"Inicio"},"content":{"rendered":"\n<h2 class=\"wp-block-heading has-text-align-center\">A\u00f1atuya \u2212 Santiago del Estero \u2212 1 al 4 de noviembre de 2023<\/h2>\n\n\n\n<p>La Reuni\u00f3n de Educaci\u00f3n en F\u00edsica (REF), es promovida por la&nbsp;<a rel=\"noreferrer noopener\" href=\"https:\/\/apfa.org.ar\" target=\"_blank\">Asociaci\u00f3n de Profesores de F\u00edsica de la Argentina<\/a> (APFA) desde 1978.<\/p>\n\n\n\n<p>REFXXIII es organizada por el Instituto Superior de Formaci\u00f3n Docente Continua N\u00b0 1 \u201cMons. Dr. Jorge Gottau\u201d en la ciudad de A\u00f1atuya, orgullosa capital de la tradici\u00f3n y sede de la secretar\u00eda provincial de APFA en la provincia de Santiago del Estero.<\/p>\n\n\n\n<p>REF est\u00e1 pensada para estudiantes, profesores e investigadores y contar\u00e1 con conferencias, sesiones de discusi\u00f3n, di\u00e1logos y talleres.<\/p>\n\n\n\n<figure class=\"wp-block-embed aligncenter is-type-video is-provider-youtube wp-block-embed-youtube wp-embed-aspect-16-9 wp-has-aspect-ratio\"><div class=\"wp-block-embed__wrapper\">\n<iframe loading=\"lazy\" title=\"Presentaci\u00f3n REF XXIII- A\u00f1atuya- Sgo del Estero\" width=\"1140\" height=\"641\" src=\"https:\/\/www.youtube.com\/embed\/4ZvaT8yM17c?feature=oembed\" frameborder=\"0\" allow=\"accelerometer; autoplay; clipboard-write; encrypted-media; gyroscope; picture-in-picture; web-share\" allowfullscreen><\/iframe>\n<\/div><\/figure>\n\n\n\n<h2 class=\"wp-block-heading\">Modalidad<\/h2>\n\n\n\n<p>La participaci\u00f3n en REF XXIII ser\u00e1 presencial.<\/p>\n\n\n\n<h2 class=\"wp-block-heading\">Organizan<\/h2>\n\n\n\n<figure class=\"wp-block-image size-large\"><a href=\"https:\/\/apfa.org.ar\/ref23\/wp-content\/uploads\/2023\/06\/organizadores.png\"><img loading=\"lazy\" decoding=\"async\" width=\"1024\" height=\"204\" src=\"https:\/\/apfa.org.ar\/ref23\/wp-content\/uploads\/2023\/06\/organizadores-1024x204.png\" alt=\"\" class=\"wp-image-895\" srcset=\"https:\/\/apfa.org.ar\/webeventos\/ref23\/wp-content\/uploads\/sites\/7\/2023\/06\/organizadores-1024x204.png 1024w, https:\/\/apfa.org.ar\/webeventos\/ref23\/wp-content\/uploads\/sites\/7\/2023\/06\/organizadores-300x60.png 300w, https:\/\/apfa.org.ar\/webeventos\/ref23\/wp-content\/uploads\/sites\/7\/2023\/06\/organizadores-768x153.png 768w, https:\/\/apfa.org.ar\/webeventos\/ref23\/wp-content\/uploads\/sites\/7\/2023\/06\/organizadores.png 1256w\" sizes=\"auto, (max-width: 1024px) 100vw, 1024px\" \/><\/a><\/figure>\n\n\n\n<h2 class=\"wp-block-heading\">Apoyan<\/h2>\n\n\n\n<figure class=\"wp-block-image size-full\"><a href=\"https:\/\/apfa.org.ar\/ref23\/wp-content\/uploads\/2023\/09\/Imagen5-1.png\"><img decoding=\"async\" src=\"https:\/\/apfa.org.ar\/ref23\/wp-content\/uploads\/2023\/09\/Imagen5-1.png\" alt=\"\" class=\"wp-image-1142\" \/><\/a><\/figure>\n","protected":false},"excerpt":{"rendered":"<p> La Reuni\u00f3n de Educaci\u00f3n en F\u00edsica (REF), es promovida por la Asociaci\u00f3n de Profesores de F\u00edsica de la Argentina (APFA) desde 1978.<br \/>\nA\u00f1atuya ser\u00e1 anfitriona de la REF XXIII, bajo el lema \u00ab46 huata cienciat hu\u00edllay (46 a\u00f1os comunicando ciencia)\u00bb honrando de esta manera los a\u00f1os que personas apasionadas por la ciencia, la difunden.<\/p>\n<p>Se reunir\u00e1n en forma presencial importantes especialistas, investigadores en ciencias y en la ense\u00f1anza de las mismas, quienes nos acompa\u00f1ar\u00e1n en conferencias, talleres, mesas redondas, muestras culturales, \u00a1y m\u00e1s!<br \/>\nREF XXIII es organizada por el Instituto Superior de Formaci\u00f3n Docente Continua N\u00b0 1 \u201cMons. Dr. Jorge Gottau\u201d de la ciudad A\u00f1atuya, orgullosa capital de la tradici\u00f3n y sede de la secretar\u00eda provincial de APFA en la provincia de Santiago del Estero.<br \/>\nREF est\u00e1 pensada para estudiantes, profesores, para vos y para m\u00ed. Todo p\u00fablico interesado puede asistir.<br \/>\n\u00a1Te esperamos del 1 al 4 de noviembre!<\/p>\n","protected":false},"author":2,"featured_media":778,"parent":0,"menu_order":0,"comment_status":"closed","ping_status":"closed","template":"","meta":{"footnotes":""},"class_list":["post-10","page","type-page","status-publish","has-post-thumbnail","czr-hentry"],"_links":{"self":[{"href":"https:\/\/apfa.org.ar\/webeventos\/ref23\/wp-json\/wp\/v2\/pages\/10","targetHints":{"allow":["GET"]}}],"collection":[{"href":"https:\/\/apfa.org.ar\/webeventos\/ref23\/wp-json\/wp\/v2\/pages"}],"about":[{"href":"https:\/\/apfa.org.ar\/webeventos\/ref23\/wp-json\/wp\/v2\/types\/page"}],"author":[{"embeddable":true,"href":"https:\/\/apfa.org.ar\/webeventos\/ref23\/wp-json\/wp\/v2\/users\/2"}],"replies":[{"embeddable":true,"href":"https:\/\/apfa.org.ar\/webeventos\/ref23\/wp-json\/wp\/v2\/comments?post=10"}],"version-history":[{"count":0,"href":"https:\/\/apfa.org.ar\/webeventos\/ref23\/wp-json\/wp\/v2\/pages\/10\/revisions"}],"wp:featuredmedia":[{"embeddable":true,"href":"https:\/\/apfa.org.ar\/webeventos\/ref23\/wp-json\/wp\/v2\/media\/778"}],"wp:attachment":[{"href":"https:\/\/apfa.org.ar\/webeventos\/ref23\/wp-json\/wp\/v2\/media?parent=10"}],"curies":[{"name":"wp","href":"https:\/\/api.w.org\/{rel}","templated":true}]}}