{"id":142,"date":"2021-03-09T16:38:29","date_gmt":"2021-03-09T19:38:29","guid":{"rendered":"http:\/\/apfa.org.ar\/ref22\/?page_id=142"},"modified":"2021-03-09T16:38:29","modified_gmt":"2021-03-09T19:38:29","slug":"contribuciones","status":"publish","type":"page","link":"https:\/\/apfa.org.ar\/webeventos\/ref23\/contribuciones\/","title":{"rendered":"Trabajos"},"content":{"rendered":"\n<p>REF admite la presentaci\u00f3n de dos tipos de trabajos:<\/p>\n\n\n\n<ul class=\"wp-block-list\">\n<li>Relato de experiencia<\/li>\n\n\n\n<li>Comunicaci\u00f3n de investigaci\u00f3n<\/li>\n<\/ul>\n\n\n\n<p><\/p>\n\n\n\n<p class=\"has-medium-font-size\"><strong>Relato de experiencia<\/strong><\/p>\n\n\n\n<p><em>Un espacio para compartir los saberes construidos en nuestra ense\u00f1anza<\/em>.<\/p>\n\n\n\n<p>Relato de una experiencia fundamentada, implementada y evaluada referida al dise\u00f1o de programas de asignaturas, actividades \u00e1ulicas, actividades experimentales, materiales did\u00e1cticos, empleo de TICs, etc., con fundamento te\u00f3rico (hist\u00f3rico, epistemol\u00f3gico, concepciones alternativas, etc.) y did\u00e1ctico. Debe incluir motivaci\u00f3n, justificaci\u00f3n, descripci\u00f3n, destinatarios, implementaci\u00f3n, evaluaci\u00f3n o valoraci\u00f3n general de la implementaci\u00f3n en t\u00e9rminos de los objetivos de la propuesta y ajustarse a los Ejes vinculados a la Ense\u00f1anza previstos para la Reuni\u00f3n.<\/p>\n\n\n\n<p>Adicionalmente, se podr\u00e1n presentar relatos sobre el proceso de desarrollo o producci\u00f3n fundamentada de material bibliogr\u00e1fico, ensayos (sobre cuestiones hist\u00f3ricas, epistemol\u00f3gicas, metodol\u00f3gicas, de contenidos disciplinares, etc.), multimedia, materiales digitales, aplicaciones&nbsp;digitales, software de simulaci\u00f3n, equipos e instrumentos de laboratorio, etc. Debe incluir una descripci\u00f3n detallada de la producci\u00f3n, su fundamentaci\u00f3n, destinatarios y toda informaci\u00f3n relevante para su empleo potencial.<\/p>\n\n\n\n<p class=\"has-medium-font-size\"><strong>Comunicaci\u00f3n de investigaci\u00f3n<\/strong><\/p>\n\n\n\n<p><em>Un espacio para compartir el trabajo realizado en el marco de investigaciones.<\/em><\/p>\n\n\n\n<p>Se trata de la comunicaci\u00f3n de los resultados de una investigaci\u00f3n. Debe dar cuenta de un proceso investigativo e incluir inter\u00e9s para el campo de la Educaci\u00f3n en Ciencias, planteamiento del problema, estado del arte, fundamentos te\u00f3ricos, descripci\u00f3n de la metodolog\u00eda empleada, instrumentos utilizados, procesamiento de datos realizado, resultados obtenidos, discusi\u00f3n de los mismos y ajustarse a los Ejes vinculados a la investigaci\u00f3n en did\u00e1ctica previstos para la reuni\u00f3n.<\/p>\n\n\n\n<p class=\"has-medium-font-size\"><strong>Formato<\/strong><\/p>\n\n\n\n<p>Todos los trabajos deber\u00e1n respetar la plantilla que se ofrece a continuaci\u00f3n:<\/p>\n\n\n\n<div class=\"wp-block-buttons is-content-justification-center is-layout-flex wp-container-core-buttons-is-layout-16018d1d wp-block-buttons-is-layout-flex\">\n<div class=\"wp-block-button is-style-outline is-style-outline--1\"><a class=\"wp-block-button__link wp-element-button\" href=\"https:\/\/apfa.org.ar\/wp-content\/uploads\/2021\/07\/Template_Trabajos_para-REF.docx\" target=\"_blank\" rel=\"noreferrer noopener\">Descargar plantilla para la presentaci\u00f3n de trabajos<\/a><\/div>\n<\/div>\n\n\n\n<p class=\"has-medium-font-size\"><strong>Defensa<\/strong><\/p>\n\n\n\n<p>Los trabajos aceptados ser\u00e1n defendidos en sesiones de discusi\u00f3n presenciales.<\/p>\n\n\n\n<p class=\"has-medium-font-size\"><strong>Publicaci\u00f3n<\/strong><\/p>\n\n\n\n<p>Los trabajos aceptados y defendidos ser\u00e1n publicados en un n\u00famero extra de la revista de APFA.<\/p>\n\n\n\n<p class=\"has-medium-font-size\"><strong>Env\u00edo<\/strong><\/p>\n\n\n\n<p>El env\u00edo de trabajos se podr\u00e1 realizase desde el 1 de julio hasta el <strong><s>31 de julio de 2023<\/s><\/strong> <strong><s>7 de agosto d<\/s>e <s>2023<\/s><\/strong> <strong>18 de agosto de 2023<\/strong> desde el siguiente formulario:<\/p>\n\n\n\n<div class=\"wp-block-buttons is-content-justification-center is-layout-flex wp-container-core-buttons-is-layout-16018d1d wp-block-buttons-is-layout-flex\">\n<div class=\"wp-block-button is-style-outline is-style-outline--2\"><a class=\"wp-block-button__link wp-element-button\" href=\"https:\/\/forms.gle\/pWS1rUDvLvNE41w17\" target=\"_blank\" rel=\"noreferrer noopener\">Acceder al formulario de env\u00edo de trabajos<\/a><\/div>\n<\/div>\n","protected":false},"excerpt":{"rendered":"<p>REF admite la presentaci\u00f3n de dos tipos de trabajos: Relato de experiencia Un espacio para compartir los saberes construidos en nuestra ense\u00f1anza. Relato de una experiencia fundamentada, implementada y evaluada referida al dise\u00f1o de programas de asignaturas, actividades \u00e1ulicas, actividades experimentales, materiales did\u00e1cticos, empleo de TICs, etc., con fundamento te\u00f3rico (hist\u00f3rico, epistemol\u00f3gico, concepciones alternativas, etc.) [&hellip;]<\/p>\n","protected":false},"author":2,"featured_media":834,"parent":0,"menu_order":0,"comment_status":"closed","ping_status":"closed","template":"","meta":{"footnotes":""},"class_list":["post-142","page","type-page","status-publish","has-post-thumbnail","czr-hentry"],"_links":{"self":[{"href":"https:\/\/apfa.org.ar\/webeventos\/ref23\/wp-json\/wp\/v2\/pages\/142","targetHints":{"allow":["GET"]}}],"collection":[{"href":"https:\/\/apfa.org.ar\/webeventos\/ref23\/wp-json\/wp\/v2\/pages"}],"about":[{"href":"https:\/\/apfa.org.ar\/webeventos\/ref23\/wp-json\/wp\/v2\/types\/page"}],"author":[{"embeddable":true,"href":"https:\/\/apfa.org.ar\/webeventos\/ref23\/wp-json\/wp\/v2\/users\/2"}],"replies":[{"embeddable":true,"href":"https:\/\/apfa.org.ar\/webeventos\/ref23\/wp-json\/wp\/v2\/comments?post=142"}],"version-history":[{"count":0,"href":"https:\/\/apfa.org.ar\/webeventos\/ref23\/wp-json\/wp\/v2\/pages\/142\/revisions"}],"wp:featuredmedia":[{"embeddable":true,"href":"https:\/\/apfa.org.ar\/webeventos\/ref23\/wp-json\/wp\/v2\/media\/834"}],"wp:attachment":[{"href":"https:\/\/apfa.org.ar\/webeventos\/ref23\/wp-json\/wp\/v2\/media?parent=142"}],"curies":[{"name":"wp","href":"https:\/\/api.w.org\/{rel}","templated":true}]}}