{"id":16,"date":"2021-02-24T14:09:26","date_gmt":"2021-02-24T17:09:26","guid":{"rendered":"http:\/\/apfa.org.ar\/ref22\/?page_id=16"},"modified":"2021-02-24T14:09:26","modified_gmt":"2021-02-24T17:09:26","slug":"inscripcion","status":"publish","type":"page","link":"https:\/\/apfa.org.ar\/webeventos\/ref23\/inscripcion\/","title":{"rendered":"Inscripci\u00f3n REF XXIII"},"content":{"rendered":"\n<div class=\"wp-block-buttons is-horizontal is-content-justification-center is-layout-flex wp-container-core-buttons-is-layout-499968f5 wp-block-buttons-is-layout-flex\">\n<div class=\"wp-block-button is-style-outline is-style-outline--1\"><a class=\"wp-block-button__link has-text-color has-background wp-element-button\" href=\"https:\/\/forms.gle\/mVWrnk6dRoRAoMBF7\" style=\"border-radius:15px;color:#fffffa;background-color:#483247\" target=\"_blank\" rel=\"noreferrer noopener\">&#x270d;&#xfe0f; \u00a1Completa el formulario de inscripci\u00f3n!<\/a><\/div>\n<\/div>\n\n\n\n<h2 class=\"wp-block-heading has-medium-font-size\"><strong>Aranceles anticipados (1 de julio al 31 de agosto)<\/strong><\/h2>\n\n\n\n<p>Socio de APFA &#8211; $14.000,<span style=\"font-size: revert\">&#8211;<\/span><\/p>\n\n\n\n<p>Socio Estudiante de APFA &#8211; $7.000<span style=\"font-size: revert\">,-<\/span><\/p>\n\n\n\n<p>Socio de una asociaci\u00f3n MIDEC &#8211; Argentinos: $14.000,- \/ Extranjeros:U$S 30<\/p>\n\n\n\n<p>Socio de APFU &#8211; U$S 30<\/p>\n\n\n\n<p>No Socio &#8211; Argentinos: $21.000,- \/ Extranjeros U$S 40<\/p>\n\n\n\n<h2 class=\"wp-block-heading has-medium-font-size\"><strong>Aranceles plenos<\/strong> (<strong>1 septiembre al 25 de octubre<\/strong>)<\/h2>\n\n\n\n<p>Socio de APFA &#8211; $17.000,<span style=\"font-size: revert\">&#8211;<\/span><\/p>\n\n\n\n<p>Socio Estudiante de APFA &#8211; $10.000<span style=\"font-size: revert\">,-<\/span><\/p>\n\n\n\n<p>Socio de una asociaci\u00f3n MIDEC &#8211; $17.000,- \/ Extranjeros: <span style=\"font-size: revert\">U$S 35<\/span><\/p>\n\n\n\n<p>Socio de APFU &#8211; U$S 35<\/p>\n\n\n\n<p>No Socio &#8211; Argentinos: $24.000,- \/ Extranjeros: U$S 50<\/p>\n\n\n\n<p><\/p>\n\n\n\n<p><\/p>\n\n\n\n<h2 class=\"wp-block-heading has-medium-font-size\"><strong>Fechas<\/strong><\/h2>\n\n\n\n<p>Inicio de la Inscripci\u00f3n &#8211; 15 de junio de 2023<\/p>\n\n\n\n<p>Fin de la inscripci\u00f3n &#8211; 25 de octubre a las 23:59 de 2023<\/p>\n\n\n\n<p><\/p>\n\n\n\n<h2 class=\"wp-block-heading has-medium-font-size\"><strong>Modo de pago<\/strong><\/h2>\n\n\n\n<p>El pago se realiza por transferencia bancaria a la siguiente cuenta:<\/p>\n\n\n\n<pre class=\"wp-block-preformatted\">Raz\u00f3n Social: Asociaci\u00f3n de Profesores de F\u00edsica de la Argentina\nCUIT: 30690445790\nCBU: 0720519420000000823186\nALIAS: YESO.AGUILA.BUJIA\nN\u00famero de cuenta: 519-008231\/8\nCuenta Corriente en pesos \u2013 Banco Santander<\/pre>\n\n\n\n<pre class=\"wp-block-preformatted\"><strong>Informaci\u00f3n adicional para extranjeros:<\/strong>\n\nRaz\u00f3n Social: Asociaci\u00f3n de Profesores de F\u00edsica de la Argentina\nCUIT: 30690445790\nC\u00f3digo SWIFT: BSCHARBA\nCBU: 0720519421000000823323\nALIAS: AGUILA.CRUCE.YUYO\nN\u00famero de cuenta: 519-008233\/2\nCuenta Corriente en d\u00f3lares \u2013 Banco Santander\n\n\n<\/pre>\n","protected":false},"excerpt":{"rendered":"<p>Aranceles anticipados (1 de julio al 31 de agosto) Socio de APFA &#8211; $14.000,&#8211; Socio Estudiante de APFA &#8211; $7.000,- Socio de una asociaci\u00f3n MIDEC &#8211; Argentinos: $14.000,- \/ Extranjeros:U$S 30 Socio de APFU &#8211; U$S 30 No Socio &#8211; Argentinos: $21.000,- \/ Extranjeros U$S 40 Aranceles plenos (1 septiembre al 25 de octubre) Socio [&hellip;]<\/p>\n","protected":false},"author":2,"featured_media":833,"parent":0,"menu_order":0,"comment_status":"closed","ping_status":"closed","template":"","meta":{"footnotes":""},"class_list":["post-16","page","type-page","status-publish","has-post-thumbnail","czr-hentry"],"_links":{"self":[{"href":"https:\/\/apfa.org.ar\/webeventos\/ref23\/wp-json\/wp\/v2\/pages\/16","targetHints":{"allow":["GET"]}}],"collection":[{"href":"https:\/\/apfa.org.ar\/webeventos\/ref23\/wp-json\/wp\/v2\/pages"}],"about":[{"href":"https:\/\/apfa.org.ar\/webeventos\/ref23\/wp-json\/wp\/v2\/types\/page"}],"author":[{"embeddable":true,"href":"https:\/\/apfa.org.ar\/webeventos\/ref23\/wp-json\/wp\/v2\/users\/2"}],"replies":[{"embeddable":true,"href":"https:\/\/apfa.org.ar\/webeventos\/ref23\/wp-json\/wp\/v2\/comments?post=16"}],"version-history":[{"count":0,"href":"https:\/\/apfa.org.ar\/webeventos\/ref23\/wp-json\/wp\/v2\/pages\/16\/revisions"}],"wp:featuredmedia":[{"embeddable":true,"href":"https:\/\/apfa.org.ar\/webeventos\/ref23\/wp-json\/wp\/v2\/media\/833"}],"wp:attachment":[{"href":"https:\/\/apfa.org.ar\/webeventos\/ref23\/wp-json\/wp\/v2\/media?parent=16"}],"curies":[{"name":"wp","href":"https:\/\/api.w.org\/{rel}","templated":true}]}}