{"id":338,"date":"2021-03-16T14:36:56","date_gmt":"2021-03-16T17:36:56","guid":{"rendered":"http:\/\/apfa.org.ar\/ref22\/?page_id=338"},"modified":"2021-03-16T14:36:56","modified_gmt":"2021-03-16T17:36:56","slug":"organizacion","status":"publish","type":"page","link":"https:\/\/apfa.org.ar\/webeventos\/ref23\/organizacion\/","title":{"rendered":"Organizaci\u00f3n"},"content":{"rendered":"\n<p class=\"has-medium-font-size\"><strong>Comit\u00e9 Ejecutivo Nacional<\/strong><\/p>\n\n\n\n<ul class=\"wp-block-list\">\n<li>Prof. Dr. Ignacio J. Idoyaga<\/li>\n\n\n\n<li>Prof. Bioq. Jorge Maeyoshimoto<\/li>\n\n\n\n<li>Prof. Nahuel Moya<\/li>\n<\/ul>\n\n\n\n<p class=\"has-medium-font-size\"><strong>Coordinadores<\/strong><\/p>\n\n\n\n<ul class=\"wp-block-list\">\n<li>Prof. Dr. Carlos Marcelo Ruiz<\/li>\n\n\n\n<li>Prof. Analia Gabriela Travesino<\/li>\n\n\n\n<li>Prof. Emmanuel Omar Cejas<\/li>\n<\/ul>\n\n\n\n<p class=\"has-medium-font-size\"><strong>Comit\u00e9 organizador<\/strong><\/p>\n\n\n\n<p><\/p>\n\n\n\n<ul class=\"wp-block-list\">\n<li>Carla Roc\u00edo Pot<\/li>\n\n\n\n<li>Adri\u00e1n Agust\u00edn Garnica<\/li>\n\n\n\n<li>F\u00e1tima Griselda Torrez<\/li>\n\n\n\n<li>Arlen Caro<\/li>\n\n\n\n<li>Aldana Bel\u00e9n Lescano<\/li>\n\n\n\n<li>Marco Guido Moretic<\/li>\n\n\n\n<li>Cristina Acosta<\/li>\n\n\n\n<li>Dahiana Marisol Gimenez<\/li>\n\n\n\n<li>F\u00e1tima Palacios<\/li>\n\n\n\n<li>Mariana Sauco<\/li>\n\n\n\n<li>Soledad Garc\u00eda\u00a0<\/li>\n\n\n\n<li>Karen Daiana Gonz\u00e1lez<\/li>\n\n\n\n<li>Aylen Olivia Casta\u00f1o<\/li>\n\n\n\n<li>Natalia Beatriz Aranda<\/li>\n\n\n\n<li>Silvana Ver\u00f3nica Azar<\/li>\n\n\n\n<li>Cinta Zequeira<\/li>\n\n\n\n<li>Marcelo Escalada<\/li>\n\n\n\n<li>Mauro Cardozo<\/li>\n<\/ul>\n\n\n\n<p class=\"has-medium-font-size\"><strong>Comit\u00e9 Cient\u00edfico<\/strong><\/p>\n\n\n\n<ul class=\"wp-block-list\">\n<li>Dra. Pilar Su\u00e1rez<\/li>\n\n\n\n<li>Dra. Rosa Nidia Tuay Sigua<\/li>\n\n\n\n<li>Dr. Neson Sepulveda<\/li>\n\n\n\n<li>Dr. Cesar Mora<\/li>\n\n\n\n<li>Dra. Kristina Zuza<\/li>\n\n\n\n<li>Dr. Ignacio Idoyaga<\/li>\n\n\n\n<li>Dra. Sonia Concari<\/li>\n\n\n\n<li>Dr. Carlos Arguedas Matarrita<\/li>\n\n\n\n<li>Dra. Claudia Mazitelli<\/li>\n\n\n\n<li>Dra. Bettina Bravo<\/li>\n\n\n\n<li>Dra. Gabriela Lorenzo<\/li>\n<\/ul>\n","protected":false},"excerpt":{"rendered":"<p>Comit\u00e9 Ejecutivo Nacional Coordinadores Comit\u00e9 organizador Comit\u00e9 Cient\u00edfico<\/p>\n","protected":false},"author":2,"featured_media":834,"parent":0,"menu_order":0,"comment_status":"closed","ping_status":"closed","template":"","meta":{"footnotes":""},"class_list":["post-338","page","type-page","status-publish","has-post-thumbnail","czr-hentry"],"_links":{"self":[{"href":"https:\/\/apfa.org.ar\/webeventos\/ref23\/wp-json\/wp\/v2\/pages\/338","targetHints":{"allow":["GET"]}}],"collection":[{"href":"https:\/\/apfa.org.ar\/webeventos\/ref23\/wp-json\/wp\/v2\/pages"}],"about":[{"href":"https:\/\/apfa.org.ar\/webeventos\/ref23\/wp-json\/wp\/v2\/types\/page"}],"author":[{"embeddable":true,"href":"https:\/\/apfa.org.ar\/webeventos\/ref23\/wp-json\/wp\/v2\/users\/2"}],"replies":[{"embeddable":true,"href":"https:\/\/apfa.org.ar\/webeventos\/ref23\/wp-json\/wp\/v2\/comments?post=338"}],"version-history":[{"count":0,"href":"https:\/\/apfa.org.ar\/webeventos\/ref23\/wp-json\/wp\/v2\/pages\/338\/revisions"}],"wp:featuredmedia":[{"embeddable":true,"href":"https:\/\/apfa.org.ar\/webeventos\/ref23\/wp-json\/wp\/v2\/media\/834"}],"wp:attachment":[{"href":"https:\/\/apfa.org.ar\/webeventos\/ref23\/wp-json\/wp\/v2\/media?parent=338"}],"curies":[{"name":"wp","href":"https:\/\/api.w.org\/{rel}","templated":true}]}}