{"id":352,"date":"2021-03-16T15:24:38","date_gmt":"2021-03-16T15:24:38","guid":{"rendered":"http:\/\/apfa.org.ar\/ref22\/?page_id=352"},"modified":"2021-03-16T15:24:38","modified_gmt":"2021-03-16T15:24:38","slug":"programa","status":"publish","type":"page","link":"https:\/\/apfa.org.ar\/webeventos\/ref23\/programa\/","title":{"rendered":"Programa"},"content":{"rendered":"\n<p>El programa podr\u00e1 sufrir modificaciones en los pr\u00f3ximos d\u00edas.<\/p>\n\n\n\n<p><\/p>\n\n\n\n<p><strong>Mi\u00e9rcoles 1<\/strong> <strong>de noviembre<\/strong><\/p>\n\n\n\n<pre class=\"wp-block-preformatted\">15:00 Acreditaci\u00f3n\n16:00 Asamblea de APFA\n17:00 Apertura\n18:00 Conferencia: <em>\"La teor\u00eda de Newton un obst\u00e1culo epistemol\u00f3gico a la inversa al electromagnetismo de \u00d8rsted\"<\/em>. <a rel=\"noreferrer noopener\" href=\"https:\/\/scholar.google.es\/citations?hl=es&amp;user=zL25mZoAAAAJ\" data-type=\"URL\" data-id=\"https:\/\/scholar.google.es\/citations?hl=es&amp;user=zL25mZoAAAAJ\" target=\"_blank\">Dr. Mauricio Rodrigu\u00e9z Salazar<\/a> - IPN, M\u00e9xico. <a rel=\"noreferrer noopener\" href=\"https:\/\/apfa.org.ar\/ref23\/resumenes-de-conferencias\/#rodriguez-salazar\" data-type=\"page\" data-id=\"1068\" target=\"_blank\">Rese\u00f1a<\/a>.\n19:00 Di\u00e1logos: <em>\"Articulaci\u00f3n entre nivel medio y superior\"<\/em>. Ing. H\u00e9ctor Rub\u00e9n Paz- Rector Universidad Nacional de Santiago del Estero, Lic. Rosa Ares de Juan - Consejo General de Educaci\u00f3n de Santiago del Estero. Moderadora: Lic. Mar\u00eda Delia del Carmen Sosa. \n19:00 Muestra del libro \"Ense\u00f1ar f\u00edsica de part\u00edculas en la escuela secundaria\" de Luis Alberto Belloli\n19:00 Espacio de difusi\u00f3n de la UNSE (Universidad Nacional de Santiago del Estero)\n20:00 Recepci\u00f3n<\/pre>\n\n\n\n<p><strong>Jueves 2<\/strong> <strong>de noviembre<\/strong><\/p>\n\n\n\n<pre class=\"wp-block-preformatted\">08:00 Conferencia: <em>\"El aprendizaje activo en la ense\u00f1anza de las ciencias\"<\/em>. Dr. Jos\u00e9 Galiano - UNSE. <a rel=\"noreferrer noopener\" href=\"https:\/\/apfa.org.ar\/ref23\/resumenes-de-conferencias\/#galiano\" data-type=\"page\" data-id=\"1068\" target=\"_blank\">Rese\u00f1a<\/a>.\n09:00 Conferencia: <em>\u201cEnfoque socio-cultural en el aula de f\u00edsica\u201d<\/em>.  <a rel=\"noreferrer noopener\" href=\"https:\/\/www.researchgate.net\/profile\/Silvia-Navarro-5\" data-type=\"URL\" data-id=\"https:\/\/www.researchgate.net\/profile\/Silvia-Navarro-5\" target=\"_blank\">Dra. Silvia In\u00e9s Navarro<\/a> - UNCA. <a rel=\"noreferrer noopener\" href=\"https:\/\/apfa.org.ar\/ref23\/resumenes-de-conferencias\/#navarro\" data-type=\"page\" data-id=\"1068\" target=\"_blank\">Rese\u00f1a<\/a>.\n10:00 Caf\u00e9\n10:30 Discusi\u00f3n de trabajos\n14:00 Talleres\n18:00 Caf\u00e9 cultural\n19:00 Teleconferencia: \"Utilizando la astrof\u00edsica de frontera para romper barreras en la educaci\u00f3n STEM\" <a rel=\"noreferrer noopener\" href=\"https:\/\/fisica.usach.cl\/es\/academicos\/carla-hernandez-silva\" data-type=\"URL\" data-id=\"https:\/\/fisica.usach.cl\/es\/academicos\/carla-hernandez-silva\" target=\"_blank\">Dra. Carla Hernandez<\/a> - USACH, Chile. <a rel=\"noreferrer noopener\" href=\"https:\/\/apfa.org.ar\/ref23\/resumenes-de-conferencias\/#hernandez-silva\" data-type=\"page\" data-id=\"1068\" target=\"_blank\">Rese\u00f1a<\/a>.<\/pre>\n\n\n\n<p><strong>Viernes 3<\/strong> <strong>de noviembre<\/strong><\/p>\n\n\n\n<pre class=\"wp-block-preformatted\">\n08:00 Conferencia: \"CNEA en carrera: formando profesionales con excelencia acad\u00e9mica y compromiso social\" <a rel=\"noreferrer noopener\" href=\"https:\/\/www.argentina.gob.ar\/sites\/default\/files\/2022\/02\/CNEA\/22767492.pdf\" data-type=\"URL\" data-id=\"https:\/\/www.argentina.gob.ar\/sites\/default\/files\/2022\/02\/CNEA\/22767492.pdf\" target=\"_blank\">Dra. Florencia Cantargi<\/a> - CNEA. <a rel=\"noreferrer noopener\" href=\"https:\/\/apfa.org.ar\/ref23\/resumenes-de-conferencias\/#cantargi\" data-type=\"page\" data-id=\"1068\" target=\"_blank\">Rese\u00f1a<\/a>.09:00 Conferencia: <em>\"Reactor Multiprop\u00f3sito RA-10:una instalaci\u00f3n estrat\u00e9gica\"<\/em>. Especialista Dr. Augusto Debandi - CNEA. <a rel=\"noreferrer noopener\" href=\"https:\/\/apfa.org.ar\/ref23\/resumenes-de-conferencias\/#debandi\" data-type=\"page\" data-id=\"1068\" target=\"_blank\">Rese\u00f1a<\/a>.<a href=\"Reactor Multiprop%C3%B3sito RA-10. Especialista de CNEA a confirmar\">\n<\/a>10:00 Caf\u00e9\n10:30 Discusi\u00f3n de trabajos\n14:00 Talleres\n18:00 Caf\u00e9 cultural\n19:00 Teleconferencia: <em>\"Laboratorios Remotos: Recursos educativos para la experimentaci\u00f3n a\ndistancia\"<\/em>. <a rel=\"noreferrer noopener\" href=\"https:\/\/www.researchgate.net\/profile\/Carlos-Arguedas-Matarrita\" data-type=\"URL\" data-id=\"https:\/\/www.researchgate.net\/profile\/Carlos-Arguedas-Matarrita\" target=\"_blank\">Dr. Carlos Arguedas Matarrita<\/a> - UNED, Costa Rica. <a rel=\"noreferrer noopener\" href=\"https:\/\/apfa.org.ar\/ref23\/resumenes-de-conferencias\/#arguedas-matarrita\" data-type=\"page\" data-id=\"1068\" target=\"_blank\">Rese\u00f1a<\/a>.\n21:30 Cena de camarader\u00eda (venta de tarjetas en la acreditaci\u00f3n)<\/pre>\n\n\n\n<p><strong>S\u00e1bado 4 de noviembre<\/strong><\/p>\n\n\n\n<pre class=\"wp-block-preformatted\">09:00 Conferencia: \"Alfabetizaci\u00f3n cient\u00edfico- tecnol\u00f3gica en la educaci\u00f3n secundaria: un desaf\u00edo vigente\" <a rel=\"noreferrer noopener\" href=\"https:\/\/www.conicet.gov.ar\/new_scp\/detalle.php?id=29976&amp;datos_academicos=yes\" data-type=\"URL\" data-id=\"https:\/\/www.conicet.gov.ar\/new_scp\/detalle.php?id=29976&amp;datos_academicos=yes\" target=\"_blank\">Dra. Bettina Bravo<\/a> - UNICEN. <a rel=\"noreferrer noopener\" href=\"https:\/\/apfa.org.ar\/ref23\/resumenes-de-conferencias\/#bravo\" data-type=\"page\" data-id=\"1068\" target=\"_blank\">Rese\u00f1a<\/a>.\n10:00 Di\u00e1logos: <em>\"Educaci\u00f3n en Ciencias desde la confluencia de las disciplinas\"<\/em>. Dra. Amelia Nancy Giannuzzo- UNSE, Dr. Jos\u00e9 Galiano - UNSE, Ing. Claudia Anriquez - UNSE. Moderador: Mg. Luisa Lidia Lucero ISFDC N\u00b01.\n11:30 Cierre\n<\/pre>\n","protected":false},"excerpt":{"rendered":"<p>El programa podr\u00e1 sufrir modificaciones en los pr\u00f3ximos d\u00edas. Mi\u00e9rcoles 1 de noviembre 15:00 Acreditaci\u00f3n 16:00 Asamblea de APFA 17:00 Apertura 18:00 Conferencia: \u00abLa teor\u00eda de Newton un obst\u00e1culo epistemol\u00f3gico a la inversa al electromagnetismo de \u00d8rsted\u00bb. Dr. Mauricio Rodrigu\u00e9z Salazar &#8211; IPN, M\u00e9xico. Rese\u00f1a. 19:00 Di\u00e1logos: \u00abArticulaci\u00f3n entre nivel medio y superior\u00bb. Ing. H\u00e9ctor [&hellip;]<\/p>\n","protected":false},"author":2,"featured_media":834,"parent":0,"menu_order":0,"comment_status":"closed","ping_status":"closed","template":"","meta":{"footnotes":""},"class_list":["post-352","page","type-page","status-publish","has-post-thumbnail","czr-hentry"],"_links":{"self":[{"href":"https:\/\/apfa.org.ar\/webeventos\/ref23\/wp-json\/wp\/v2\/pages\/352","targetHints":{"allow":["GET"]}}],"collection":[{"href":"https:\/\/apfa.org.ar\/webeventos\/ref23\/wp-json\/wp\/v2\/pages"}],"about":[{"href":"https:\/\/apfa.org.ar\/webeventos\/ref23\/wp-json\/wp\/v2\/types\/page"}],"author":[{"embeddable":true,"href":"https:\/\/apfa.org.ar\/webeventos\/ref23\/wp-json\/wp\/v2\/users\/2"}],"replies":[{"embeddable":true,"href":"https:\/\/apfa.org.ar\/webeventos\/ref23\/wp-json\/wp\/v2\/comments?post=352"}],"version-history":[{"count":0,"href":"https:\/\/apfa.org.ar\/webeventos\/ref23\/wp-json\/wp\/v2\/pages\/352\/revisions"}],"wp:featuredmedia":[{"embeddable":true,"href":"https:\/\/apfa.org.ar\/webeventos\/ref23\/wp-json\/wp\/v2\/media\/834"}],"wp:attachment":[{"href":"https:\/\/apfa.org.ar\/webeventos\/ref23\/wp-json\/wp\/v2\/media?parent=352"}],"curies":[{"name":"wp","href":"https:\/\/api.w.org\/{rel}","templated":true}]}}