{"id":558,"date":"2021-09-08T18:15:48","date_gmt":"2021-09-08T21:15:48","guid":{"rendered":"http:\/\/apfa.org.ar\/ref22\/?page_id=558"},"modified":"2021-09-08T18:15:48","modified_gmt":"2021-09-08T21:15:48","slug":"cursos","status":"publish","type":"page","link":"https:\/\/apfa.org.ar\/webeventos\/ref23\/cursos\/","title":{"rendered":"Inscripci\u00f3n Talleres"},"content":{"rendered":"\n<p>Los talleres de REF XXIII son actividades de formaci\u00f3n docente continua. La modalidad de trabajo ser\u00e1 presencial. <\/p>\n\n\n\n<p>Los participantes de cada taller recibir\u00e1n un certificado emitido por la organizaci\u00f3n de REF XXIII que acredita 12 horas c\u00e1tedras de formaci\u00f3n docente continua. <\/p>\n\n\n\n<p>S\u00f3lo se pueden inscribir a los cursos aquellas personas que est\u00e9n inscriptas en REF XXIII. Se excluir\u00e1 a toda persona que no cumpla con dicho requisito. Cada asistente puede participar de un \u00fanico taller. Los cursos tienen cupos limitados.<\/p>\n\n\n\n<div class=\"wp-block-buttons is-layout-flex wp-block-buttons-is-layout-flex\">\n<div class=\"wp-block-button\"><a class=\"wp-block-button__link wp-element-button\" href=\"https:\/\/apfa.org.ar\/ref23\/propuestas-de-taller\/\">Oferta de talleres<\/a><\/div>\n<\/div>\n","protected":false},"excerpt":{"rendered":"<p>Los talleres de REF XXIII son actividades de formaci\u00f3n docente continua. La modalidad de trabajo ser\u00e1 presencial. Los participantes de cada taller recibir\u00e1n un certificado emitido por la organizaci\u00f3n de REF XXIII que acredita 12 horas c\u00e1tedras de formaci\u00f3n docente continua. S\u00f3lo se pueden inscribir a los cursos aquellas personas que est\u00e9n inscriptas en REF [&hellip;]<\/p>\n","protected":false},"author":2,"featured_media":834,"parent":0,"menu_order":1,"comment_status":"closed","ping_status":"closed","template":"","meta":{"footnotes":""},"class_list":["post-558","page","type-page","status-publish","has-post-thumbnail","czr-hentry"],"_links":{"self":[{"href":"https:\/\/apfa.org.ar\/webeventos\/ref23\/wp-json\/wp\/v2\/pages\/558","targetHints":{"allow":["GET"]}}],"collection":[{"href":"https:\/\/apfa.org.ar\/webeventos\/ref23\/wp-json\/wp\/v2\/pages"}],"about":[{"href":"https:\/\/apfa.org.ar\/webeventos\/ref23\/wp-json\/wp\/v2\/types\/page"}],"author":[{"embeddable":true,"href":"https:\/\/apfa.org.ar\/webeventos\/ref23\/wp-json\/wp\/v2\/users\/2"}],"replies":[{"embeddable":true,"href":"https:\/\/apfa.org.ar\/webeventos\/ref23\/wp-json\/wp\/v2\/comments?post=558"}],"version-history":[{"count":0,"href":"https:\/\/apfa.org.ar\/webeventos\/ref23\/wp-json\/wp\/v2\/pages\/558\/revisions"}],"wp:featuredmedia":[{"embeddable":true,"href":"https:\/\/apfa.org.ar\/webeventos\/ref23\/wp-json\/wp\/v2\/media\/834"}],"wp:attachment":[{"href":"https:\/\/apfa.org.ar\/webeventos\/ref23\/wp-json\/wp\/v2\/media?parent=558"}],"curies":[{"name":"wp","href":"https:\/\/api.w.org\/{rel}","templated":true}]}}