{"id":949,"date":"2023-06-16T21:36:32","date_gmt":"2023-06-16T21:36:32","guid":{"rendered":"https:\/\/apfa.org.ar\/ref23\/?page_id=949"},"modified":"2023-06-16T21:36:32","modified_gmt":"2023-06-16T21:36:32","slug":"sede","status":"publish","type":"page","link":"https:\/\/apfa.org.ar\/webeventos\/ref23\/sede\/","title":{"rendered":"Sede"},"content":{"rendered":"\n<p>Las actividades en REF tendr\u00e1n lugar, los d\u00edas mi\u00e9rcoles y s\u00e1bado, en el Centro de Convenciones de la ciudad de A\u00f1atuya (Av. 9 de Julio sur y Dr. Dumas) y los d\u00edas jueves y viernes, en el edificio del Instituto Superior de Formaci\u00f3n Docente Continua N\u00b0 1 (Manuel Estrada y Av. 25 de Mayo norte).<\/p>\n\n\n\n<p><\/p>\n\n\n\n<p style=\"text-align: center\"><\/p>\n\n\n\n<h2 class=\"wp-block-heading\">DATOS IMPORTANTES A TENER EN CUENTA&nbsp;<\/h2>\n\n\n\n<p>REF XXIII se realiza en el sudeste santiague\u00f1o, en la ciudad de A\u00f1atuya, cabecera del departamento General Antonino Taboada.<\/p>\n\n\n\n<p><\/p>\n\n\n\n<p><\/p>\n\n\n\n<p>A\u00f1atuya es una ciudad, pero tiene alma de pueblo.<\/p>\n\n\n\n<p>A\u00f1atuya es una ciudad tranquila, donde puedes ver vecinos tomando mate en las veredas, ni\u00f1os jugando en las calles, grupos de chicos conversando&#8230; se puede caminar con una mochila al hombro o con el celular en la mano sin miedo a que te lo arrebaten.<\/p>\n\n\n\n<p>A\u00f1atuya es un paisaje de pueblo, tierra de tradiciones, calles de tierra y viento norte.<\/p>\n\n\n\n<p>A\u00f1atuya NO es una ciudad tur\u00edstica, le faltan muchas cosas, pero tiene de sobra la calidez de su gente.<\/p>\n\n\n\n<p>Esperamos que puedas verlo, al igual que nosotros. \u00a1Te esperamos!<\/p>\n\n\n\n<p><\/p>\n\n\n\n<p><\/p>\n\n\n\n<h2 class=\"wp-block-heading\" id=\"como-llego\">\u00bfC\u00f3mo llego?<\/h2>\n\n\n\n<p>Se llega a Santiago del Estero Capital en avi\u00f3n, \u00f3mnibus o veh\u00edculos particulares. Desde Santiago del Estero hacia A\u00f1atuya hay diferentes opciones de traslado.<\/p>\n\n\n\n<h3 class=\"wp-block-heading\">Transporte en \u00f3mnibus<\/h3>\n\n\n\n<p class=\"has-medium-font-size\"><em><strong>Zafiro<\/strong><\/em><\/p>\n\n\n\n<p><strong>Sgo. del Estero hacia A\u00f1atuya<\/strong><\/p>\n\n\n\n<ul class=\"wp-block-list\">\n<li>Lunes a viernes: 4:30 \u2013 13: 00 \u2013 20:30.<\/li>\n\n\n\n<li>S\u00e1bado: 13:30.<\/li>\n\n\n\n<li>Domingo: 20:30.<\/li>\n<\/ul>\n\n\n\n<p><strong>A\u00f1atuya hacia Sgo. del Estero<\/strong><\/p>\n\n\n\n<ul class=\"wp-block-list\">\n<li>Lunes a viernes: 05:00 \u2013 12:30 \u2013 19:30<\/li>\n\n\n\n<li>S\u00e1bado: 12:30.<\/li>\n\n\n\n<li>Domingo: 20:30.<\/li>\n<\/ul>\n\n\n\n<p class=\"has-medium-font-size\"><em><strong>Flecha Bus<\/strong><\/em><\/p>\n\n\n\n<p><strong>Sgo. del Estero hacia A\u00f1atuya<\/strong><\/p>\n\n\n\n<ul class=\"wp-block-list\">\n<li>Lunes a viernes: 17:10 \u2013 21:50.<\/li>\n<\/ul>\n\n\n\n<p class=\"has-medium-font-size\"><em><strong>El Pr\u00e1ctico<\/strong><\/em><\/p>\n\n\n\n<p><strong>Sgo. del Estero hacia A\u00f1atuya<\/strong><\/p>\n\n\n\n<ul class=\"wp-block-list\">\n<li>Lunes a viernes: 21:10.&nbsp;<\/li>\n<\/ul>\n\n\n\n<h3 class=\"wp-block-heading\">Rutas para veh\u00edculos particulares<\/h3>\n\n\n\n<p>Aeropuerto Vcom. \u00c1ngel de la Paz Aragon\u00e9s (Sgo. Del Estero) hacia Terminal de \u00f3mnibus Pdte. N\u00e9stor Carlos Kirchner (Sgo del Estero).<\/p>\n\n\n\n<p><a href=\"https:\/\/www.google.com\/maps\/d\/edit?mid=1WsMdGZwevg1h4Qemn5SPb5zq_PVWGEI&amp;usp=sharing\">https:\/\/www.google.com\/maps\/d\/edit?mid=1WsMdGZwevg1h4Qemn5SPb5zq_PVWGEI&amp;usp=sharing<\/a><\/p>\n\n\n\n<p>Terminal de \u00f3mnibus Presidente N\u00e9stor Carlos Kirchner (Sgo del Estero) hacia Terminal de \u00f3mnibus Pdte. Juan Domingo Per\u00f3n (A\u00f1atuya).<\/p>\n\n\n\n<p><a href=\"https:\/\/www.google.com\/maps\/d\/edit?mid=1WOt_i3MxJT5pR0uP9Ey8cl_b6W1QWGA&amp;usp=sharing\">https:\/\/www.google.com\/maps\/d\/edit?mid=1WOt_i3MxJT5pR0uP9Ey8cl_b6W1QWGA&amp;usp=sharing<\/a><\/p>\n\n\n\n<p>Aeropuerto Vcom. \u00c1ngel de la Paz Aragon\u00e9s (Sgo. Del Estero) hacia Terminal de \u00f3mnibus Pdte. Juan Domingo Per\u00f3n (A\u00f1atuya)<\/p>\n\n\n\n<p><a href=\"https:\/\/www.google.com\/maps\/d\/edit?mid=1r7lqUI4NI0yVfDUNdySp6irjmDE9tLc&amp;usp=sharing\">https:\/\/www.google.com\/maps\/d\/edit?mid=1r7lqUI4NI0yVfDUNdySp6irjmDE9tLc&amp;usp=sharing<\/a><\/p>\n\n\n\n<h3 class=\"wp-block-heading\">\u00bfServicios de Taxi?<\/h3>\n\n\n\n<p><strong>Taxis en Santiago del Estero Capital<\/strong><\/p>\n\n\n\n<ul class=\"wp-block-list\">\n<li>Radio Taxi Madre de Ciudades. Llamar + 54 0385 431-0700&nbsp;<\/li>\n\n\n\n<li>Radio Taxi Santa Rita de Cascia S.R.L. Llamar +54 0385 424-1718<\/li>\n<\/ul>\n\n\n\n<p><strong>Taxis en A\u00f1atuya<\/strong>&nbsp;<\/p>\n\n\n\n<ul class=\"wp-block-list\">\n<li>Parada de taxis +54 9 3844-422660<\/li>\n\n\n\n<li>Taxi Hugo Ruiz +54 9 3844 40-3468<\/li>\n\n\n\n<li>Taxi Kino +54 9 3844 47-9237<\/li>\n\n\n\n<li>Taxi Mono +54 9 3844 44-2654<\/li>\n\n\n\n<li>Taxi Tio +54 9 3844 56-3193<\/li>\n\n\n\n<li>Taxi Walter +54 9 3844 44-0804<\/li>\n<\/ul>\n\n\n\n<p><strong>Taxis en Colonia Dora (localidad a 20 km de A\u00f1atuya)<\/strong><\/p>\n\n\n\n<p>Taxi Carlos Cerda +54 9 3844 58-1984<\/p>\n\n\n\n<p>Remis Dar\u00edo +54 9 3844 43-6320<\/p>\n\n\n\n<h2 class=\"wp-block-heading\" id=\"donde-hospedarse\">\u00bfD\u00f3nde hospedarse?<\/h2>\n\n\n\n<p><strong>Hotel Garc\u00eda<\/strong>&nbsp;<\/p>\n\n\n\n<p>3844-539519 o 3844-673854<\/p>\n\n\n\n<p>Alvear 244<\/p>\n\n\n\n<p><a href=\"https:\/\/goo.gl\/maps\/rZrSChYsKrk6vaV99\">https:\/\/goo.gl\/maps\/rZrSChYsKrk6vaV99<\/a><\/p>\n\n\n\n<p><strong>Hotel Casa Blanca<\/strong>&nbsp;&nbsp;&nbsp;&nbsp;&nbsp;&nbsp;&nbsp;&nbsp;&nbsp;&nbsp;&nbsp;&nbsp;&nbsp;&nbsp;&nbsp;&nbsp;&nbsp;&nbsp;&nbsp;&nbsp;&nbsp;&nbsp;<\/p>\n\n\n\n<p>Tel fijo 3844-421798<\/p>\n\n\n\n<p>Tel cel. 3844-478906<\/p>\n\n\n\n<p>25 de mayo 1076.<\/p>\n\n\n\n<p><a href=\"https:\/\/goo.gl\/maps\/vmcixX794CSi9PUEA\">https:\/\/goo.gl\/maps\/vmcixX794CSi9PUEA<\/a><\/p>\n\n\n\n<p><strong>Hotel Santa Rita<\/strong>&nbsp;<\/p>\n\n\n\n<p>Espa\u00f1a 47<\/p>\n\n\n\n<p>Tel. 3844-422973<\/p>\n\n\n\n<p><a href=\"https:\/\/goo.gl\/maps\/e5UMRFWTkhxasRrXA\">https:\/\/goo.gl\/maps\/e5UMRFWTkhxasRrXA<\/a><\/p>\n\n\n\n<p><strong>Hotel Avellaneda<\/strong>&nbsp;<\/p>\n\n\n\n<p>3844-436652<\/p>\n\n\n\n<p>Av. Isaac Wofcy 115<\/p>\n\n\n\n<p><a href=\"https:\/\/goo.gl\/maps\/xNeVtfv3z9xbaHXRA\">https:\/\/goo.gl\/maps\/xNeVtfv3z9xbaHXRA<\/a><\/p>\n\n\n\n<p><strong>Hotel Samay<\/strong><\/p>\n\n\n\n<p>Ruta Nacional 34 y Ruta Provincial 92, G4332<\/p>\n\n\n\n<p>Colonia Dora, Santiago del Estero<\/p>\n\n\n\n<p>Tel.: 3844416150<\/p>\n\n\n\n<p><a href=\"https:\/\/goo.gl\/maps\/9o4y8BKPLSecJBtXA\">https:\/\/goo.gl\/maps\/9o4y8BKPLSecJBtXA<\/a><\/p>\n\n\n\n<p><strong>Hotel Hnos Rios<\/strong><\/p>\n\n\n\n<p>Gottau y Ruta 92<\/p>\n\n\n\n<p>A\u00f1atuya<\/p>\n\n\n\n<p>Tel: 3844408217<\/p>\n\n\n\n<p><a href=\"https:\/\/goo.gl\/maps\/V6VkMqp3vxNfazpeA\">https:\/\/goo.gl\/maps\/V6VkMqp3vxNfazpeA<\/a><\/p>\n\n\n\n<p><\/p>\n\n\n\n<p><\/p>\n\n\n\n<p>Alquiler temporario &#8211; Gabriela Guillaumet &#8211; Tel: +54 9 3844 451447<\/p>\n\n\n\n<p><\/p>\n\n\n\n<p><\/p>\n\n\n\n<h3 class=\"wp-block-heading\">\u00bfQu\u00e9 se puede comer?<\/h3>\n\n\n\n<p>La gastronom\u00eda es variada.<\/p>\n\n\n\n<ul class=\"wp-block-list\">\n<li>Cintia Falappa. Comida saludable Contacto +54 9 3844 46-1902<\/li>\n\n\n\n<li>V\u00eda Alvear, cafeter\u00eda. Prepara almuerzos y cenas para grupos (confirmar). Contacto&nbsp;+54 9 3844 40-4053 (Eleana Morano)<\/li>\n\n\n\n<li>La Mar\u00eda. Prepara almuerzos y cenas para grupos (confirmar). Contacto +54 03844 422394<\/li>\n\n\n\n<li>FAZMAN. Almuerzos y comidas r\u00e1pidas saludables. Contacto +54 9 3844 469914<\/li>\n\n\n\n<li>Alquimia. Cenas r\u00e1pidas. Contacto<\/li>\n\n\n\n<li>Rostok. Bar. Cenas r\u00e1pidas. Contacto +54 9 3844 533166<\/li>\n\n\n\n<li>Le Baguette, cafeter\u00eda. Contacto<\/li>\n\n\n\n<li>Confiter\u00eda Ca\u00f1ete. Bar. Contacto<\/li>\n\n\n\n<li>Natalia Lemoine. Panificaci\u00f3n saludable. Contacto +54 9 3844 415257<\/li>\n\n\n\n<li>Dipierri. Bar. Comidas r\u00e1pidas. Contacto&nbsp;<\/li>\n\n\n\n<li>Tolsky. Bar. Contacto<\/li>\n\n\n\n<li>Los peques. Comidas r\u00e1pidas. Delivery. Contacto +54 9 3844 54-7714<\/li>\n\n\n\n<li>Rotiser\u00eda Mauro. Comidas r\u00e1pidas. Delivery. Contacto +54 9 3844 544617<\/li>\n\n\n\n<li>Rotiser\u00eda La Jungla. Contacto +54 9 3844 504416<\/li>\n\n\n\n<li>Comidas Toque casero. Contacto +54 9 3844 529312<\/li>\n\n\n\n<li>Bar El Bauty. Contacto. +54 9 3844 561951<\/li>\n\n\n\n<li>Rotiser\u00eda El \u00c1ngel. Contacto +54 9 3844 520002<\/li>\n\n\n\n<li>Lucas Coria. Comidas r\u00e1pidas. Delivery. Contacto +54 9 3844 47-9771<\/li>\n\n\n\n<li>Lorena Gonz\u00e1lez. Comidas r\u00e1pidas. Delivery. Contacto +54 9 3844 52-8201<\/li>\n\n\n\n<li>Pizzas Ra\u00fal. Comidas r\u00e1pidas. Delivery. Contacto +54 03844 42 2326 (llamadas)<\/li>\n\n\n\n<li>Rotiser\u00eda Chimay. Comidas r\u00e1pidas. Contacto +54 9 3844 405693<\/li>\n<\/ul>\n\n\n\n<h2 class=\"wp-block-heading\" id=\"recomendaciones-salud\">Recomendaciones de salud<\/h2>\n\n\n\n<p>En la provincia de Santiago del Estero se encuentra el mosquito <em>aedes aegypti<\/em>, vector del dengue, por lo que recomendamos el uso constante de repelentes. Adem\u00e1s, por las altas temperaturas que suelen registrarse en el mes de noviembre, aconsejamos usar protector solar y consumir mucha agua y frutas.<\/p>\n","protected":false},"excerpt":{"rendered":"<p>Las actividades en REF tendr\u00e1n lugar, los d\u00edas mi\u00e9rcoles y s\u00e1bado, en el Centro de Convenciones de la ciudad de A\u00f1atuya (Av. 9 de Julio sur y Dr. Dumas) y los d\u00edas jueves y viernes, en el edificio del Instituto Superior de Formaci\u00f3n Docente Continua N\u00b0 1 (Manuel Estrada y Av. 25 de Mayo norte). [&hellip;]<\/p>\n","protected":false},"author":2,"featured_media":834,"parent":0,"menu_order":0,"comment_status":"closed","ping_status":"closed","template":"","meta":{"footnotes":""},"class_list":["post-949","page","type-page","status-publish","has-post-thumbnail","czr-hentry"],"_links":{"self":[{"href":"https:\/\/apfa.org.ar\/webeventos\/ref23\/wp-json\/wp\/v2\/pages\/949","targetHints":{"allow":["GET"]}}],"collection":[{"href":"https:\/\/apfa.org.ar\/webeventos\/ref23\/wp-json\/wp\/v2\/pages"}],"about":[{"href":"https:\/\/apfa.org.ar\/webeventos\/ref23\/wp-json\/wp\/v2\/types\/page"}],"author":[{"embeddable":true,"href":"https:\/\/apfa.org.ar\/webeventos\/ref23\/wp-json\/wp\/v2\/users\/2"}],"replies":[{"embeddable":true,"href":"https:\/\/apfa.org.ar\/webeventos\/ref23\/wp-json\/wp\/v2\/comments?post=949"}],"version-history":[{"count":0,"href":"https:\/\/apfa.org.ar\/webeventos\/ref23\/wp-json\/wp\/v2\/pages\/949\/revisions"}],"wp:featuredmedia":[{"embeddable":true,"href":"https:\/\/apfa.org.ar\/webeventos\/ref23\/wp-json\/wp\/v2\/media\/834"}],"wp:attachment":[{"href":"https:\/\/apfa.org.ar\/webeventos\/ref23\/wp-json\/wp\/v2\/media?parent=949"}],"curies":[{"name":"wp","href":"https:\/\/api.w.org\/{rel}","templated":true}]}}