{"id":17,"date":"2022-04-27T19:40:38","date_gmt":"2022-04-27T19:40:38","guid":{"rendered":"http:\/\/apfa.org.ar\/sief16\/?page_id=17"},"modified":"2022-04-27T19:40:38","modified_gmt":"2022-04-27T19:40:38","slug":"organizacion","status":"publish","type":"page","link":"https:\/\/apfa.org.ar\/webeventos\/sief16\/organizacion\/","title":{"rendered":"Organizaci\u00f3n"},"content":{"rendered":"\n<p><strong><em>Organizadores:<\/em><\/strong><\/p>\n\n\n\n<ul class=\"wp-block-list\"><li>Centro de Investigaci\u00f3n y Apoyo a la Educaci\u00f3n Cient\u00edfica, Facultad de Farmacia y Bioqu\u00edmica, Universidad de Buenos Aires<\/li><li>Instituto de Investigaci\u00f3n en Educaci\u00f3n Superior, Universidad de Buenos Aires<\/li><li>Asociaci\u00f3n de Profesores de F\u00edsica, Secretar\u00eda Local UBA<\/li><\/ul>\n\n\n\n<p><strong><em>Coordinador Titular:<\/em><\/strong><\/p>\n\n\n\n<ul class=\"wp-block-list\"><li>Prof. Dr. Ignacio J. Idoyaga<\/li><\/ul>\n\n\n\n<p><strong>C<\/strong><em><strong>oordinadores Suplentes<\/strong>:<\/em><\/p>\n\n\n\n<ul class=\"wp-block-list\"><li>Prof. Bioq. Jorge E. Maeyoshimoto y Prof. Nahuel Moya<\/li><\/ul>\n\n\n\n<p><strong><em>Comit\u00e9 Organizador:<\/em><\/strong><\/p>\n\n\n\n<ul class=\"wp-block-list\"><li>Gabriel Medina<\/li><li>Fernando Capuya<\/li><li>Carlos Silva<\/li><li>Florencia L\u00f3pez<\/li><li>Betsab\u00e9 Ollivier<\/li><li>Carolina Ant\u00fanez<\/li><li>Carlos Ruiz<\/li><li>Josu\u00e9 Dionofrio<\/li><\/ul>\n\n\n\n<p><strong><em>Comit\u00e9 Cientifico<\/em><\/strong>:<\/p>\n\n\n\n<ul class=\"wp-block-list\"><li>Dr. Ignacio J. Idoyaga, UBA<\/li><li>Dra. M. Gabriela Lorenzo, UBA<\/li><li>Dr. Agust\u00edn Aduduriz-Bravo, UBA<\/li><li>Dra. Marta Massa, UNR<\/li><li>Dra. Sonia Concari, UNR<\/li><li>Ing. Alejandra Rosolio, UNR<\/li><li>Dra. Marta Pesa, UNT<\/li><li>Dra. Laura Buteler, UNC<\/li><li>Dra. Bettina Bravo, UNICEN<\/li><li>Dra. Irene Arriassecq, UNICEN<\/li><\/ul>\n\n\n\n<p><\/p>\n","protected":false},"excerpt":{"rendered":"<p>Organizadores: Centro de Investigaci\u00f3n y Apoyo a la Educaci\u00f3n Cient\u00edfica, Facultad de Farmacia y Bioqu\u00edmica, Universidad de Buenos Aires Instituto de Investigaci\u00f3n en Educaci\u00f3n Superior, Universidad de Buenos Aires Asociaci\u00f3n de Profesores de F\u00edsica, Secretar\u00eda Local UBA Coordinador Titular: Prof. &hellip; <a href=\"https:\/\/apfa.org.ar\/webeventos\/sief16\/organizacion\/\">Sigue leyendo <span class=\"meta-nav\">&rarr;<\/span><\/a><\/p>\n","protected":false},"author":2,"featured_media":0,"parent":0,"menu_order":4,"comment_status":"closed","ping_status":"closed","template":"","meta":{"footnotes":""},"class_list":["post-17","page","type-page","status-publish","hentry"],"_links":{"self":[{"href":"https:\/\/apfa.org.ar\/webeventos\/sief16\/wp-json\/wp\/v2\/pages\/17","targetHints":{"allow":["GET"]}}],"collection":[{"href":"https:\/\/apfa.org.ar\/webeventos\/sief16\/wp-json\/wp\/v2\/pages"}],"about":[{"href":"https:\/\/apfa.org.ar\/webeventos\/sief16\/wp-json\/wp\/v2\/types\/page"}],"author":[{"embeddable":true,"href":"https:\/\/apfa.org.ar\/webeventos\/sief16\/wp-json\/wp\/v2\/users\/2"}],"replies":[{"embeddable":true,"href":"https:\/\/apfa.org.ar\/webeventos\/sief16\/wp-json\/wp\/v2\/comments?post=17"}],"version-history":[{"count":0,"href":"https:\/\/apfa.org.ar\/webeventos\/sief16\/wp-json\/wp\/v2\/pages\/17\/revisions"}],"wp:attachment":[{"href":"https:\/\/apfa.org.ar\/webeventos\/sief16\/wp-json\/wp\/v2\/media?parent=17"}],"curies":[{"name":"wp","href":"https:\/\/api.w.org\/{rel}","templated":true}]}}