{"id":19,"date":"2022-04-27T19:40:58","date_gmt":"2022-04-27T19:40:58","guid":{"rendered":"http:\/\/apfa.org.ar\/sief16\/?page_id=19"},"modified":"2022-04-27T19:40:58","modified_gmt":"2022-04-27T19:40:58","slug":"trabajos","status":"publish","type":"page","link":"https:\/\/apfa.org.ar\/webeventos\/sief16\/trabajos\/","title":{"rendered":"Trabajos"},"content":{"rendered":"\n<h1 class=\"wp-block-heading\"><strong>Tipos de trabajos:<\/strong><\/h1>\n\n\n\n<p><strong><em>Trabajos de investigaci\u00f3n en educaci\u00f3n en ciencias<\/em><\/strong>: Elaboraci\u00f3n y\/o implementaci\u00f3n de encuestas y\/o entrevistas; an\u00e1lisis de interacciones discursivas, an\u00e1lisis de documentos, an\u00e1lisis de libros de texto, implementaci\u00f3n y\/o evaluaci\u00f3n de propuestas did\u00e1cticas, entre otros.<\/p>\n\n\n\n<p><strong><em>Transferencia de resultados de investigaci\u00f3n en educaci\u00f3n en ciencias<\/em><\/strong>: Producci\u00f3n de material did\u00e1ctico: propuestas did\u00e1cticas, software, videos, entre otros. En todos los casos anteriores, las producciones deben ser basadas en resultados de investigaci\u00f3n.<\/p>\n\n\n\n<p><strong><em>Reflexiones te\u00f3ricamente fundadas<\/em><\/strong>: Discusiones cr\u00edticas de pr\u00e1cticas escolares y\/o marcos metodol\u00f3gicos\/te\u00f3ricos para la educaci\u00f3n en ciencias.<\/p>\n\n\n\n<h1 class=\"wp-block-heading\"><strong>Ejes:<\/strong><\/h1>\n\n\n\n<p>Los trabajos deben responder a alguno de los <a href=\"https:\/\/apfa.org.ar\/sief16\/ejes\/\" data-type=\"page\" data-id=\"15\">ejes propuestos<\/a> para SIEF.<\/p>\n\n\n\n<h1 class=\"wp-block-heading\"><strong>Defensa:<\/strong><\/h1>\n\n\n\n<p>Los trabajos estar\u00e1n disponibles 15 d\u00edas antes del inicio de SIEF, ser\u00e1n discutidos en sesiones orales sincr\u00f3nicas y contaran con un foro moderado para complementar la discusi\u00f3n sobre los mismos. El env\u00edo de un trabajo implica el compromiso a su presentaci\u00f3n en SIEF.<\/p>\n\n\n\n<p><strong>Env\u00edo:<\/strong><\/p>\n\n\n\n<p>Para realizar en env\u00edo de un trabajo es necesario que al menos uno de los autores haya pagado la inscripci\u00f3n a SIEF. Debe completarse el formulario de env\u00edo disponible <a href=\"https:\/\/docs.google.com\/forms\/d\/e\/1FAIpQLSeUxC2bOjHpHnjg4ob5Z99ItDdggE3zXpmvtLkoblaSVq3Vow\/viewform?usp=sf_link\" data-type=\"URL\" data-id=\"https:\/\/docs.google.com\/forms\/d\/e\/1FAIpQLSeUxC2bOjHpHnjg4ob5Z99ItDdggE3zXpmvtLkoblaSVq3Vow\/viewform?usp=sf_link\" target=\"_blank\" rel=\"noreferrer noopener\"><strong>AQU\u00cd<\/strong><\/a><\/p>\n\n\n\n<p><strong>Fecha L\u00edmite:<\/strong><\/p>\n\n\n\n<p>Los trabajos ser\u00e1n recibidos hasta el <strong><s>15 de agosto<\/s><\/strong> <strong>5 de septiembre<\/strong> a las 23.59 (GMT-3). <strong>NO HABRA POSTERGACI\u00d3N NINGUNA LUEGO DE ESA FECHA.<\/strong><\/p>\n\n\n\n<h1 class=\"wp-block-heading\"><strong>Normas de formato:<\/strong><\/h1>\n\n\n\n<p>Las normas de formato ser\u00e1n las de la Revista de Ense\u00f1anza de la F\u00edsica de la APFA con una extensi\u00f3n m\u00e1xima de 8 p\u00e1ginas incluyendo resumen, bibliograf\u00eda, tablas y figuras. Deben seguirse las indicaciones y usar template disponibles <strong><a href=\"https:\/\/docs.google.com\/document\/d\/1XxwfH-bCEaxohTLCgMcHVhiupJe2Hqp5\/edit?usp=sharing&amp;ouid=106351829703534212596&amp;rtpof=true&amp;sd=true\" data-type=\"URL\" data-id=\"https:\/\/docs.google.com\/document\/d\/1XxwfH-bCEaxohTLCgMcHVhiupJe2Hqp5\/edit?usp=sharing&amp;ouid=106351829703534212596&amp;rtpof=true&amp;sd=true\" target=\"_blank\" rel=\"noreferrer noopener\">AQU\u00cd<\/a><\/strong><\/p>\n\n\n\n<p><strong>Publicaci\u00f3n<\/strong>:<\/p>\n\n\n\n<p>Los trabajos aceptados ser\u00e1n publicados en un n\u00famero extra de la <a href=\"https:\/\/revistas.unc.edu.ar\/index.php\/revistaEF\" data-type=\"URL\" data-id=\"https:\/\/revistas.unc.edu.ar\/index.php\/revistaEF\" target=\"_blank\" rel=\"noreferrer noopener\">Revista de Ense\u00f1anza de la F\u00edsica de APFA<\/a>.<\/p>\n","protected":false},"excerpt":{"rendered":"<p>Tipos de trabajos: Trabajos de investigaci\u00f3n en educaci\u00f3n en ciencias: Elaboraci\u00f3n y\/o implementaci\u00f3n de encuestas y\/o entrevistas; an\u00e1lisis de interacciones discursivas, an\u00e1lisis de documentos, an\u00e1lisis de libros de texto, implementaci\u00f3n y\/o evaluaci\u00f3n de propuestas did\u00e1cticas, entre otros. Transferencia de resultados &hellip; <a href=\"https:\/\/apfa.org.ar\/webeventos\/sief16\/trabajos\/\">Sigue leyendo <span class=\"meta-nav\">&rarr;<\/span><\/a><\/p>\n","protected":false},"author":2,"featured_media":0,"parent":0,"menu_order":6,"comment_status":"closed","ping_status":"closed","template":"","meta":{"footnotes":""},"class_list":["post-19","page","type-page","status-publish","hentry"],"_links":{"self":[{"href":"https:\/\/apfa.org.ar\/webeventos\/sief16\/wp-json\/wp\/v2\/pages\/19","targetHints":{"allow":["GET"]}}],"collection":[{"href":"https:\/\/apfa.org.ar\/webeventos\/sief16\/wp-json\/wp\/v2\/pages"}],"about":[{"href":"https:\/\/apfa.org.ar\/webeventos\/sief16\/wp-json\/wp\/v2\/types\/page"}],"author":[{"embeddable":true,"href":"https:\/\/apfa.org.ar\/webeventos\/sief16\/wp-json\/wp\/v2\/users\/2"}],"replies":[{"embeddable":true,"href":"https:\/\/apfa.org.ar\/webeventos\/sief16\/wp-json\/wp\/v2\/comments?post=19"}],"version-history":[{"count":0,"href":"https:\/\/apfa.org.ar\/webeventos\/sief16\/wp-json\/wp\/v2\/pages\/19\/revisions"}],"wp:attachment":[{"href":"https:\/\/apfa.org.ar\/webeventos\/sief16\/wp-json\/wp\/v2\/media?parent=19"}],"curies":[{"name":"wp","href":"https:\/\/api.w.org\/{rel}","templated":true}]}}