{"id":21,"date":"2022-04-27T19:41:08","date_gmt":"2022-04-27T19:41:08","guid":{"rendered":"http:\/\/apfa.org.ar\/sief16\/?page_id=21"},"modified":"2022-04-27T19:41:08","modified_gmt":"2022-04-27T19:41:08","slug":"actividades","status":"publish","type":"page","link":"https:\/\/apfa.org.ar\/webeventos\/sief16\/actividades\/","title":{"rendered":"Actividades"},"content":{"rendered":"\n<p><strong>SIEF<\/strong> &#8211; 28 al 30 de noviembre de 2022<\/p>\n\n\n\n<p>SIEF16 se realizar\u00e1 con modalidad virtual. Ofrecer\u00e1 conferencias de reconocidos especialistas nacionales e internacionales. Las mismas estar\u00e1n accesibles desde un aula virtual especialmente dise\u00f1ada, sostenidas en la plataforma de videoconferencias zoom y ser\u00e1n grabadas para ponerse a disposici\u00f3n de los participantes. Adem\u00e1s, se realizar\u00e1n mesas redondas, sesiones de discusi\u00f3n oral de trabajos y se propondr\u00e1n foros. <\/p>\n\n\n\n<p><strong>Workshop <\/strong>&#8211; 24 al 26 de noviembre de 2022<\/p>\n\n\n\n<p>Los Workshops se realizar\u00e1n con modalidad presencial en la Universidad de Buenos Aires. Se trata de talleres a cargo de reconocidos especialistas y sus equipos de trabajo. Durante 3 jornadas los asistentes sostendr\u00e1n discusiones y realizar\u00e1n diversas tareas que les permitir\u00e1n profundizar en distintos temas de inter\u00e9s para la educaci\u00f3n cient\u00edfica. <\/p>\n\n\n\n<p><strong>Escuela de Posgrado CONGRIDEC<\/strong> &#8211; 23 al 30 de noviembre de 2022<\/p>\n\n\n\n<p>La Escuela de Posgrado es una actividad exclusiva para estudiantes de especializaci\u00f3n, maestr\u00eda y doctorado en educaci\u00f3n en ciencias naturales. Durante la escuela, los participantes trabajar\u00e1n en producciones propias bajo la tutela de especialistas y deber\u00e1n realizar cursos y asistir a conferencias. La modalidad de la escuela podr\u00e1 ser totalmente virtual o semipresencial (asistiendo a cursos en la Universidad de Buenos Aires), pudiendo optar el participante por una de estas actividades. <\/p>\n","protected":false},"excerpt":{"rendered":"<p>SIEF &#8211; 28 al 30 de noviembre de 2022 SIEF16 se realizar\u00e1 con modalidad virtual. Ofrecer\u00e1 conferencias de reconocidos especialistas nacionales e internacionales. Las mismas estar\u00e1n accesibles desde un aula virtual especialmente dise\u00f1ada, sostenidas en la plataforma de videoconferencias zoom &hellip; <a href=\"https:\/\/apfa.org.ar\/webeventos\/sief16\/actividades\/\">Sigue leyendo <span class=\"meta-nav\">&rarr;<\/span><\/a><\/p>\n","protected":false},"author":2,"featured_media":0,"parent":0,"menu_order":2,"comment_status":"closed","ping_status":"closed","template":"","meta":{"footnotes":""},"class_list":["post-21","page","type-page","status-publish","hentry"],"_links":{"self":[{"href":"https:\/\/apfa.org.ar\/webeventos\/sief16\/wp-json\/wp\/v2\/pages\/21","targetHints":{"allow":["GET"]}}],"collection":[{"href":"https:\/\/apfa.org.ar\/webeventos\/sief16\/wp-json\/wp\/v2\/pages"}],"about":[{"href":"https:\/\/apfa.org.ar\/webeventos\/sief16\/wp-json\/wp\/v2\/types\/page"}],"author":[{"embeddable":true,"href":"https:\/\/apfa.org.ar\/webeventos\/sief16\/wp-json\/wp\/v2\/users\/2"}],"replies":[{"embeddable":true,"href":"https:\/\/apfa.org.ar\/webeventos\/sief16\/wp-json\/wp\/v2\/comments?post=21"}],"version-history":[{"count":0,"href":"https:\/\/apfa.org.ar\/webeventos\/sief16\/wp-json\/wp\/v2\/pages\/21\/revisions"}],"wp:attachment":[{"href":"https:\/\/apfa.org.ar\/webeventos\/sief16\/wp-json\/wp\/v2\/media?parent=21"}],"curies":[{"name":"wp","href":"https:\/\/api.w.org\/{rel}","templated":true}]}}