{"id":23,"date":"2022-04-27T19:41:24","date_gmt":"2022-04-27T19:41:24","guid":{"rendered":"http:\/\/apfa.org.ar\/sief16\/?page_id=23"},"modified":"2022-04-27T19:41:24","modified_gmt":"2022-04-27T19:41:24","slug":"inscripciones","status":"publish","type":"page","link":"https:\/\/apfa.org.ar\/webeventos\/sief16\/inscripciones\/","title":{"rendered":"Inscripciones"},"content":{"rendered":"\n<p>La inscripci\u00f3n se realizar\u00e1 hasta el lunes <strong>14 de noviembre<\/strong> de 2022 a las 23:59 (GMT-3). <strong>NO HABRA POSIBILIDAD NINGUNA DE INSCRIPCI\u00d3N LUEGO DE ESA FECHA.<\/strong><\/p>\n\n\n\n<p><strong>Costos:<\/strong><\/p>\n\n\n\n<p><strong><em>SIEF<\/em><\/strong><\/p>\n\n\n\n<p>Nacionales: No Socio $8.000,- \/ Socio<sup>1<\/sup> $4.000,- \/ Socio Estudiante<sup>2<\/sup> $2.000,-<\/p>\n\n\n\n<p>Extranjeros: No socio U$S50,- \/ Socio<sup>3<\/sup> U$S25,-<\/p>\n\n\n\n<p><strong><em>SIEF + Workshop<\/em><\/strong><\/p>\n\n\n\n<p>Nacionales: No Socio $10.000,- \/ Socio<sup>1<\/sup> $5.000,- \/ Socio Estudiante<sup>2<\/sup> $2.500,-<\/p>\n\n\n\n<p>Extranjeros: No socio U$S60,- \/ Socio<sup>3<\/sup> U$S30,-<\/p>\n\n\n\n<p><strong><em>SIEF + Workshop + Escuela de Posgrado CONGRIDEC<\/em><\/strong><\/p>\n\n\n\n<p>Nacionales: No Socio $12.000,- \/ Socio<sup>1<\/sup> $6.000,-<\/p>\n\n\n\n<p>Extranjeros: No socio U$S70,- \/ Socio<sup>3<\/sup> U$S35,-<\/p>\n\n\n\n<p><em><sup>1<\/sup>Socio activo de APFA, ADBIA, ADEQRA \/ <sup>2<\/sup>Socio Estudiante de APFA \/ <sup>3<\/sup>Socios de MIDEC, APFU, GIREP<\/em><\/p>\n\n\n\n<p><strong>Medios de pago:<\/strong><\/p>\n\n\n\n<p>El pago de la inscripci\u00f3n puede realizarse \u00fanicamente por transferencia bancaria. Los datos para la realizaci\u00f3n de la misma son:<\/p>\n\n\n\n<p>Informaci\u00f3n para participantes argentinos: Raz\u00f3n Social: Asociaci\u00f3n de Profesores de F\u00edsica de la Argentina; CUIT: 30-69044579-0; CBU: 0720519420000000823186; ALIAS: YESO.AGUILA.BUJIA; N\u00ba de cuenta: 519-008231\/8 Cuenta Corriente en pesos \u2013 Banco Santander. <\/p>\n\n\n\n<p>Informaci\u00f3n para participantes extranjeros: C\u00f3digo SWIFT: BSCHARBA; N\u00famero de Cuenta: CC en D\u00f3lares 519-008233\/2; N\u00famero de CBU: 0720519421000000823323; Alias: AGUILA.CRUCE.YUYO.<\/p>\n\n\n\n<p><strong>Formulario de inscripci\u00f3n:<\/strong><\/p>\n\n\n\n<p>Para completar la inscripci\u00f3n se debe completar el formulario disponible <a href=\"https:\/\/docs.google.com\/forms\/d\/e\/1FAIpQLSf_Kxzny58e3yy60vlQpVqOcrkbiwlG1AVjRfUnuf2UYUByKA\/viewform?usp=sf_link\" data-type=\"URL\" data-id=\"https:\/\/docs.google.com\/forms\/d\/e\/1FAIpQLSf_Kxzny58e3yy60vlQpVqOcrkbiwlG1AVjRfUnuf2UYUByKA\/viewform?usp=sf_link\" target=\"_blank\" rel=\"noreferrer noopener\"><strong>AQU\u00cd<\/strong><\/a>.<\/p>\n\n\n\n<p>Los datos volcados en este formulario ser\u00e1n utilizados para la confecci\u00f3n de facturas y certificados, sin posibilidad de solicitar cambio ninguno posteriormente. D\u00edas antes de SIEF, los inscriptos recibir\u00e1n las credenciales de acceso a la plataforma del simposio. <\/p>\n","protected":false},"excerpt":{"rendered":"<p>La inscripci\u00f3n se realizar\u00e1 hasta el lunes 14 de noviembre de 2022 a las 23:59 (GMT-3). NO HABRA POSIBILIDAD NINGUNA DE INSCRIPCI\u00d3N LUEGO DE ESA FECHA. Costos: SIEF Nacionales: No Socio $8.000,- \/ Socio1 $4.000,- \/ Socio Estudiante2 $2.000,- Extranjeros: &hellip; <a href=\"https:\/\/apfa.org.ar\/webeventos\/sief16\/inscripciones\/\">Sigue leyendo <span class=\"meta-nav\">&rarr;<\/span><\/a><\/p>\n","protected":false},"author":2,"featured_media":0,"parent":0,"menu_order":9,"comment_status":"closed","ping_status":"closed","template":"","meta":{"footnotes":""},"class_list":["post-23","page","type-page","status-publish","hentry"],"_links":{"self":[{"href":"https:\/\/apfa.org.ar\/webeventos\/sief16\/wp-json\/wp\/v2\/pages\/23","targetHints":{"allow":["GET"]}}],"collection":[{"href":"https:\/\/apfa.org.ar\/webeventos\/sief16\/wp-json\/wp\/v2\/pages"}],"about":[{"href":"https:\/\/apfa.org.ar\/webeventos\/sief16\/wp-json\/wp\/v2\/types\/page"}],"author":[{"embeddable":true,"href":"https:\/\/apfa.org.ar\/webeventos\/sief16\/wp-json\/wp\/v2\/users\/2"}],"replies":[{"embeddable":true,"href":"https:\/\/apfa.org.ar\/webeventos\/sief16\/wp-json\/wp\/v2\/comments?post=23"}],"version-history":[{"count":0,"href":"https:\/\/apfa.org.ar\/webeventos\/sief16\/wp-json\/wp\/v2\/pages\/23\/revisions"}],"wp:attachment":[{"href":"https:\/\/apfa.org.ar\/webeventos\/sief16\/wp-json\/wp\/v2\/media?parent=23"}],"curies":[{"name":"wp","href":"https:\/\/api.w.org\/{rel}","templated":true}]}}