{"id":64,"date":"2022-05-09T22:30:30","date_gmt":"2022-05-09T22:30:30","guid":{"rendered":"https:\/\/apfa.org.ar\/sief16\/?page_id=64"},"modified":"2022-05-09T22:30:30","modified_gmt":"2022-05-09T22:30:30","slug":"destinatarios","status":"publish","type":"page","link":"https:\/\/apfa.org.ar\/webeventos\/sief16\/destinatarios\/","title":{"rendered":"Destinatarios"},"content":{"rendered":"\n<p><strong>SIEF<\/strong><\/p>\n\n\n\n<ul class=\"wp-block-list\"><li>Investigadores en ense\u00f1anza de la f\u00edsica y \u00e1reas afines.<\/li><li>Docentes de todos los niveles educativos y estudiantes de profesorados de ciencias, interesados por la investigaci\u00f3n en educaci\u00f3n en ciencias.<\/li><li>Estudiantes de posgrado en el \u00e1rea de educaci\u00f3n en ciencias.<\/li><\/ul>\n","protected":false},"excerpt":{"rendered":"<p>SIEF Investigadores en ense\u00f1anza de la f\u00edsica y \u00e1reas afines. Docentes de todos los niveles educativos y estudiantes de profesorados de ciencias, interesados por la investigaci\u00f3n en educaci\u00f3n en ciencias. Estudiantes de posgrado en el \u00e1rea de educaci\u00f3n en ciencias.<\/p>\n","protected":false},"author":3,"featured_media":0,"parent":0,"menu_order":1,"comment_status":"closed","ping_status":"closed","template":"","meta":{"footnotes":""},"class_list":["post-64","page","type-page","status-publish","hentry"],"_links":{"self":[{"href":"https:\/\/apfa.org.ar\/webeventos\/sief16\/wp-json\/wp\/v2\/pages\/64","targetHints":{"allow":["GET"]}}],"collection":[{"href":"https:\/\/apfa.org.ar\/webeventos\/sief16\/wp-json\/wp\/v2\/pages"}],"about":[{"href":"https:\/\/apfa.org.ar\/webeventos\/sief16\/wp-json\/wp\/v2\/types\/page"}],"author":[{"embeddable":true,"href":"https:\/\/apfa.org.ar\/webeventos\/sief16\/wp-json\/wp\/v2\/users\/3"}],"replies":[{"embeddable":true,"href":"https:\/\/apfa.org.ar\/webeventos\/sief16\/wp-json\/wp\/v2\/comments?post=64"}],"version-history":[{"count":0,"href":"https:\/\/apfa.org.ar\/webeventos\/sief16\/wp-json\/wp\/v2\/pages\/64\/revisions"}],"wp:attachment":[{"href":"https:\/\/apfa.org.ar\/webeventos\/sief16\/wp-json\/wp\/v2\/media?parent=64"}],"curies":[{"name":"wp","href":"https:\/\/api.w.org\/{rel}","templated":true}]}}