{"id":9,"date":"2022-04-27T19:35:11","date_gmt":"2022-04-27T19:35:11","guid":{"rendered":"http:\/\/apfa.org.ar\/sief16\/?page_id=9"},"modified":"2022-04-27T19:35:11","modified_gmt":"2022-04-27T19:35:11","slug":"9-2","status":"publish","type":"page","link":"https:\/\/apfa.org.ar\/webeventos\/sief16\/","title":{"rendered":""},"content":{"rendered":"\n<h2 class=\"wp-block-heading\"><strong>SIEF16 \u2013 16\u00b0SIMPOSIO DE INVESTIGACI\u00d3N EN EDUCACI\u00d3N EN F\u00cdSICA<\/strong><\/h2>\n\n\n\n<p class=\"has-text-align-left\">23 al 30 de noviembre de 2022 \u2013 Modalidad virtual<\/p>\n\n\n\n<h2 class=\"wp-block-heading\"><strong>WORKSHOP<\/strong><\/h2>\n\n\n\n<p class=\"has-text-align-left\">24 y 25 de noviembre de 2022 \u2013 Modalidad presencial<\/p>\n\n\n\n<h2 class=\"wp-block-heading\"><strong>VI ESCUELA DE POSGRADO CONGRIDEC<\/strong><\/h2>\n\n\n\n<p class=\"has-text-align-left\">23 al 30 de noviembre de 2022 \u2013 Modalidad virtual o semipresencial<\/p>\n\n\n\n<p>El Simposio de Investigaci\u00f3n en Educaci\u00f3n en F\u00edsica (SIEF), promovido por la Asociaci\u00f3n de Profesores de F\u00edsica de la Argentina (APFA) desde 1992, se organizar\u00e1 desde la Universidad de Buenos Aires. SIEF busca ofrecer un \u00e1mbito de debate y reflexi\u00f3n sobre la educaci\u00f3n en f\u00edsica y la did\u00e1ctica de las ciencias naturales como campo de investigaci\u00f3n. El Workshop facilitar\u00e1 la transferencia de resultados de investigaci\u00f3n y la difusi\u00f3n de nuevas metodolog\u00edas. La Escuela de Posgrado de CONGRIDEC, que por primera vez se organiza conjuntamente con SIEF, aportar\u00e1 a la formaci\u00f3n de recursos humanos en el \u00e1rea de la educaci\u00f3n cient\u00edfica.  <\/p>\n\n\n\n<figure class=\"wp-block-embed is-type-video is-provider-youtube wp-block-embed-youtube wp-embed-aspect-16-9 wp-has-aspect-ratio\"><div class=\"wp-block-embed__wrapper\">\n<iframe loading=\"lazy\" title=\"16\u00b0 Simposio de Investigaci\u00f3n en Educaci\u00f3n en F\u00edsica\" width=\"584\" height=\"329\" src=\"https:\/\/www.youtube.com\/embed\/KYCoqLLF9_E?feature=oembed\" frameborder=\"0\" allow=\"accelerometer; autoplay; clipboard-write; encrypted-media; gyroscope; picture-in-picture; web-share\" referrerpolicy=\"strict-origin-when-cross-origin\" allowfullscreen><\/iframe>\n<\/div><\/figure>\n\n\n\n<p><\/p>\n\n\n\n<p><strong>ORGANIZAN<\/strong><\/p>\n\n\n\n<figure class=\"wp-block-image size-large\"><a href=\"http:\/\/apfa.org.ar\/webeventos\/sief16\/wp-content\/uploads\/sites\/4\/2022\/09\/ORGANIZAN-1.png\"><img loading=\"lazy\" decoding=\"async\" width=\"1024\" height=\"145\" src=\"http:\/\/apfa.org.ar\/webeventos\/sief16\/wp-content\/uploads\/sites\/4\/2022\/09\/ORGANIZAN-1-1024x145.png\" alt=\"\" class=\"wp-image-255\" srcset=\"https:\/\/apfa.org.ar\/webeventos\/sief16\/wp-content\/uploads\/sites\/4\/2022\/09\/ORGANIZAN-1-1024x145.png 1024w, https:\/\/apfa.org.ar\/webeventos\/sief16\/wp-content\/uploads\/sites\/4\/2022\/09\/ORGANIZAN-1-300x43.png 300w, https:\/\/apfa.org.ar\/webeventos\/sief16\/wp-content\/uploads\/sites\/4\/2022\/09\/ORGANIZAN-1-768x109.png 768w, https:\/\/apfa.org.ar\/webeventos\/sief16\/wp-content\/uploads\/sites\/4\/2022\/09\/ORGANIZAN-1-1536x218.png 1536w, https:\/\/apfa.org.ar\/webeventos\/sief16\/wp-content\/uploads\/sites\/4\/2022\/09\/ORGANIZAN-1-2048x290.png 2048w\" sizes=\"auto, (max-width: 1024px) 100vw, 1024px\" \/><\/a><\/figure>\n\n\n\n<p><strong>APOYAN<\/strong><\/p>\n\n\n\n<figure class=\"wp-block-image size-large\"><a href=\"http:\/\/apfa.org.ar\/webeventos\/sief16\/wp-content\/uploads\/sites\/4\/2022\/09\/APOYAN.png\"><img loading=\"lazy\" decoding=\"async\" width=\"1024\" height=\"145\" src=\"http:\/\/apfa.org.ar\/webeventos\/sief16\/wp-content\/uploads\/sites\/4\/2022\/09\/APOYAN-1024x145.png\" alt=\"\" class=\"wp-image-256\" srcset=\"https:\/\/apfa.org.ar\/webeventos\/sief16\/wp-content\/uploads\/sites\/4\/2022\/09\/APOYAN-1024x145.png 1024w, https:\/\/apfa.org.ar\/webeventos\/sief16\/wp-content\/uploads\/sites\/4\/2022\/09\/APOYAN-300x43.png 300w, https:\/\/apfa.org.ar\/webeventos\/sief16\/wp-content\/uploads\/sites\/4\/2022\/09\/APOYAN-768x109.png 768w, https:\/\/apfa.org.ar\/webeventos\/sief16\/wp-content\/uploads\/sites\/4\/2022\/09\/APOYAN-1536x218.png 1536w, https:\/\/apfa.org.ar\/webeventos\/sief16\/wp-content\/uploads\/sites\/4\/2022\/09\/APOYAN-2048x290.png 2048w\" sizes=\"auto, (max-width: 1024px) 100vw, 1024px\" \/><\/a><\/figure>\n","protected":false},"excerpt":{"rendered":"<p>SIEF16 \u2013 16\u00b0SIMPOSIO DE INVESTIGACI\u00d3N EN EDUCACI\u00d3N EN F\u00cdSICA 23 al 30 de noviembre de 2022 \u2013 Modalidad virtual WORKSHOP 24 y 25 de noviembre de 2022 \u2013 Modalidad presencial VI ESCUELA DE POSGRADO CONGRIDEC 23 al 30 de noviembre &hellip; <a href=\"https:\/\/apfa.org.ar\/webeventos\/sief16\/\">Sigue leyendo <span class=\"meta-nav\">&rarr;<\/span><\/a><\/p>\n","protected":false},"author":2,"featured_media":0,"parent":0,"menu_order":0,"comment_status":"closed","ping_status":"closed","template":"","meta":{"footnotes":""},"class_list":["post-9","page","type-page","status-publish","hentry"],"_links":{"self":[{"href":"https:\/\/apfa.org.ar\/webeventos\/sief16\/wp-json\/wp\/v2\/pages\/9","targetHints":{"allow":["GET"]}}],"collection":[{"href":"https:\/\/apfa.org.ar\/webeventos\/sief16\/wp-json\/wp\/v2\/pages"}],"about":[{"href":"https:\/\/apfa.org.ar\/webeventos\/sief16\/wp-json\/wp\/v2\/types\/page"}],"author":[{"embeddable":true,"href":"https:\/\/apfa.org.ar\/webeventos\/sief16\/wp-json\/wp\/v2\/users\/2"}],"replies":[{"embeddable":true,"href":"https:\/\/apfa.org.ar\/webeventos\/sief16\/wp-json\/wp\/v2\/comments?post=9"}],"version-history":[{"count":0,"href":"https:\/\/apfa.org.ar\/webeventos\/sief16\/wp-json\/wp\/v2\/pages\/9\/revisions"}],"wp:attachment":[{"href":"https:\/\/apfa.org.ar\/webeventos\/sief16\/wp-json\/wp\/v2\/media?parent=9"}],"curies":[{"name":"wp","href":"https:\/\/api.w.org\/{rel}","templated":true}]}}